{"id":1847,"date":"2024-11-06T09:07:08","date_gmt":"2024-11-06T08:07:08","guid":{"rendered":"https:\/\/museedumalgretout.be\/cursussen\/"},"modified":"2025-02-25T12:39:17","modified_gmt":"2025-02-25T11:39:17","slug":"cursussen","status":"publish","type":"page","link":"https:\/\/museedumalgretout.be\/nl\/cursussen\/","title":{"rendered":"Cursussen"},"content":{"rendered":"<p>[et_pb_section fb_built=&#8221;1&#8243; _builder_version=&#8221;4.27.2&#8243; _module_preset=&#8221;default&#8221; background_image=&#8221;http:\/\/museedumalgretout.be\/wp-content\/uploads\/2024\/10\/Musee-Archeologie-Namur-scaled.jpg&#8221; custom_padding=&#8221;30px||30px||true|false&#8221; global_colors_info=&#8221;{}&#8221;][et_pb_row make_equal=&#8221;on&#8221; _builder_version=&#8221;4.27.2&#8243; _module_preset=&#8221;default&#8221; max_width=&#8221;80%&#8221; custom_padding=&#8221;0px||0px||true|false&#8221; global_colors_info=&#8221;{}&#8221;][et_pb_column type=&#8221;4_4&#8243; _builder_version=&#8221;4.27.2&#8243; _module_preset=&#8221;default&#8221; background_enable_color=&#8221;off&#8221; custom_padding=&#8221;50px|50px|50px|50px|true|true&#8221; global_colors_info=&#8221;{}&#8221;][et_pb_text _builder_version=&#8221;4.27.2&#8243; _dynamic_attributes=&#8221;content&#8221; _module_preset=&#8221;default&#8221; text_text_color=&#8221;#252930&#8243; header_font=&#8221;|800|||||||&#8221; header_text_color=&#8221;#FFFFFF&#8221; header_line_height=&#8221;1.2em&#8221; text_orientation=&#8221;center&#8221; custom_margin=&#8221;||10px||false|false&#8221; global_colors_info=&#8221;{}&#8221;]@ET-DC@eyJkeW5hbWljIjp0cnVlLCJjb250ZW50IjoicG9zdF90aXRsZSIsInNldHRpbmdzIjp7ImJlZm9yZSI6IjxoMT4iLCJhZnRlciI6IjxoMT4ifX0=@[\/et_pb_text][et_pb_divider color=&#8221;#BA2320&#8243; divider_weight=&#8221;6px&#8221; _builder_version=&#8221;4.27.2&#8243; _module_preset=&#8221;default&#8221; width=&#8221;12%&#8221; module_alignment=&#8221;center&#8221; global_colors_info=&#8221;{}&#8221;][\/et_pb_divider][\/et_pb_column][\/et_pb_row][\/et_pb_section][et_pb_section fb_built=&#8221;1&#8243; _builder_version=&#8221;4.27.2&#8243; _module_preset=&#8221;default&#8221; background_color=&#8221;#252930&#8243; custom_padding=&#8221;10px||10px||true|false&#8221; global_colors_info=&#8221;{}&#8221;][et_pb_row _builder_version=&#8221;4.27.2&#8243; _module_preset=&#8221;default&#8221; width=&#8221;90%&#8221; max_width=&#8221;90%&#8221; custom_padding=&#8221;5px||5px||true|false&#8221; global_colors_info=&#8221;{}&#8221;][et_pb_column type=&#8221;4_4&#8243; _builder_version=&#8221;4.27.2&#8243; _module_preset=&#8221;default&#8221; global_colors_info=&#8221;{}&#8221;][dsm_breadcrumbs home_text=&#8221;Activiteiten&#8221; use_custom_home_url_link=&#8221;on&#8221; home_url_link=&#8221;#&#8221; show_home_icon=&#8221;off&#8221; separator_icon=&#8221;&#xf0da;||fa||900&#8243; items_bg_color=&#8221;RGBA(255,255,255,0)&#8221; current_bg_color=&#8221;RGBA(255,255,255,0)&#8221; items_padding=&#8221;0px|20px|0px|0px|false|false&#8221; current_padding=&#8221;0px|0px|0px|20px|false|false&#8221; _builder_version=&#8221;4.27.2&#8243; _module_preset=&#8221;default&#8221; items_font=&#8221;|||on|||||&#8221; items_text_color=&#8221;#FFFFFF&#8221; items_font_size=&#8221;18px&#8221; separators_text_color=&#8221;#BA2320&#8243; separators_font_size=&#8221;30px&#8221; current_font=&#8221;|||on|||||&#8221; current_text_color=&#8221;#FFFFFF&#8221; current_font_size=&#8221;18px&#8221; global_colors_info=&#8221;{}&#8221;][\/dsm_breadcrumbs][\/et_pb_column][\/et_pb_row][\/et_pb_section][et_pb_section fb_built=&#8221;1&#8243; _builder_version=&#8221;4.27.2&#8243; _module_preset=&#8221;default&#8221; background_color=&#8221;#FFFFFF&#8221; custom_padding=&#8221;50px||50px||true|false&#8221; global_colors_info=&#8221;{}&#8221;][et_pb_row use_custom_gutter=&#8221;on&#8221; _builder_version=&#8221;4.27.2&#8243; _module_preset=&#8221;default&#8221; max_width=&#8221;80%&#8221; custom_css_main_element=&#8221;display:flex;||align-items:center;&#8221; global_colors_info=&#8221;{}&#8221;][et_pb_column type=&#8221;4_4&#8243; _builder_version=&#8221;4.27.2&#8243; _module_preset=&#8221;default&#8221; global_colors_info=&#8221;{}&#8221;][et_pb_text _builder_version=&#8221;4.27.2&#8243; _module_preset=&#8221;default&#8221; header_2_font=&#8221;|800|||||||&#8221; header_2_font_size=&#8221;32px&#8221; header_2_line_height=&#8221;1.2em&#8221; custom_margin=&#8221;||15px||false|false&#8221; global_colors_info=&#8221;{}&#8221;]<\/p>\n<h2 style=\"text-align: left;\">Ontdek de cursussen in het Mus\u00e9e du Malgr\u00e9-Tout<\/h2>\n<p>[\/et_pb_text][et_pb_text _builder_version=&#8221;4.27.4&#8243; _module_preset=&#8221;default&#8221; global_colors_info=&#8221;{}&#8221;]<\/p>\n<p>Elk jaar biedt het Mus\u00e9e du Malgr\u00e9-Tout een reeks cursussen aan tijdens de vakantieperiodes. Dompel uw kinderen onder in geschiedenis en archeologie met onze boeiende cursussen! Op het programma: <span style=\"color: #ba2320;\"><strong>ontdekkingen, creatieve workshops en leuke activiteiten<\/strong><\/span> om te leren terwijl je plezier hebt. Onze cursussen zijn geschikt voor alle leeftijden en bieden een verrijkende <span style=\"color: #ba2320;\"><strong>verrijkende ervaring<\/strong><\/span> in een vriendelijke en inspirerende omgeving. Er staat je een onvergetelijk avontuur te wachten!    <\/p>\n<p>[\/et_pb_text][et_pb_button button_url=&#8221;https:\/\/museedumalgretout.be\/nl\/neem-contact-op-met\/&#8221; button_text=&#8221;Mijn kind inschrijven voor een cursus&#8221; button_alignment=&#8221;left&#8221; _builder_version=&#8221;4.27.4&#8243; _module_preset=&#8221;default&#8221; custom_button=&#8221;on&#8221; button_text_size=&#8221;16px&#8221; button_text_color=&#8221;#FFFFFF&#8221; button_bg_color=&#8221;#BA2320&#8243; button_border_width=&#8221;2px&#8221; button_border_color=&#8221;#BA2320&#8243; button_border_radius=&#8221;0px&#8221; button_font=&#8221;|||on|||||&#8221; button_use_icon=&#8221;off&#8221; custom_padding=&#8221;|30px||30px|false|true&#8221; hover_enabled=&#8221;0&#8243; global_colors_info=&#8221;{}&#8221; button_border_width__hover_enabled=&#8221;on|hover&#8221; button_border_width__hover=&#8221;2px&#8221; button_text_color__hover_enabled=&#8221;on|hover&#8221; button_text_color__hover=&#8221;#BA2320&#8243; button_bg_color__hover_enabled=&#8221;on|hover&#8221; button_bg_color__hover=&#8221;#FFFFFF&#8221; button_bg_enable_color__hover=&#8221;on&#8221; button_border_color__hover_enabled=&#8221;on|hover&#8221; button_border_color__hover=&#8221;#BA2320&#8243; button_text_size__hover_enabled=&#8221;on|hover&#8221; button_text_size__hover=&#8221;16px&#8221; sticky_enabled=&#8221;0&#8243;][\/et_pb_button][\/et_pb_column][\/et_pb_row][\/et_pb_section][et_pb_section fb_built=&#8221;1&#8243; _builder_version=&#8221;4.27.4&#8243; _module_preset=&#8221;default&#8221; custom_padding=&#8221;20px||80px||false|false&#8221; locked=&#8221;off&#8221; global_colors_info=&#8221;{}&#8221;][et_pb_row column_structure=&#8221;1_4,3_4&#8243; use_custom_gutter=&#8221;on&#8221; make_equal=&#8221;on&#8221; _builder_version=&#8221;4.27.2&#8243; _module_preset=&#8221;default&#8221; max_width=&#8221;80%&#8221; custom_padding=&#8221;||40px||false|false&#8221; border_width_bottom=&#8221;1px&#8221; border_color_bottom=&#8221;#EBECF0&#8243; global_colors_info=&#8221;{}&#8221;][et_pb_column type=&#8221;1_4&#8243; _builder_version=&#8221;4.27.2&#8243; _module_preset=&#8221;default&#8221; global_colors_info=&#8221;{}&#8221;][et_pb_image src=&#8221;http:\/\/museedumalgretout.be\/wp-content\/uploads\/2025\/01\/Affiche-stage-A-la-conquete-du-temps-perdu.pdf.png&#8221; title_text=&#8221;Poster voor de cursus A la conqu\u00eate du temps perdu.pdf&#8221; show_in_lightbox=&#8221;on&#8221; _builder_version=&#8221;4.27.4&#8243; _module_preset=&#8221;default&#8221; global_colors_info=&#8221;{}&#8221;][\/et_pb_image][\/et_pb_column][et_pb_column type=&#8221;3_4&#8243; _builder_version=&#8221;4.27.2&#8243; _module_preset=&#8221;default&#8221; global_colors_info=&#8221;{}&#8221;][et_pb_text _builder_version=&#8221;4.27.4&#8243; _module_preset=&#8221;default&#8221; header_2_font=&#8221;||||||||&#8221; header_2_font_size=&#8221;24px&#8221; header_2_line_height=&#8221;1.2em&#8221; custom_margin=&#8221;||10px||false|false&#8221; global_colors_info=&#8221;{}&#8221;]<\/p>\n<h2 style=\"text-align: left;\">Volgende cursus: Verloren tijd overwinnen<\/h2>\n<p>[\/et_pb_text][dsm_icon_list icon_color=&#8221;#BA2320&#8243; icon_font_size=&#8221;18px&#8221; list_space_between=&#8221;19px&#8221; text_indent=&#8221;14px&#8221; _builder_version=&#8221;4.27.4&#8243; _module_preset=&#8221;default&#8221; text_font_size=&#8221;16px&#8221; text_line_height=&#8221;1.4em&#8221; locked=&#8221;off&#8221; global_colors_info=&#8221;{}&#8221;][dsm_icon_list_child text=&#8221;Van maandag 24 tot vrijdag 28 februari 2025&#8243; font_icon=&#8221;&#xf073;||fa||900&#8243; _builder_version=&#8221;4.27.4&#8243; _module_preset=&#8221;default&#8221; global_colors_info=&#8221;{}&#8221;][\/dsm_icon_list_child][dsm_icon_list_child text=&#8221;Elke dag van 9.00 tot 16.00 uur.&#8221; font_icon=&#8221;&#xf017;||fa||900&#8243; _builder_version=&#8221;4.27.4&#8243; _module_preset=&#8221;default&#8221; global_colors_info=&#8221;{}&#8221;][\/dsm_icon_list_child][dsm_icon_list_child text=&#8221;2 groepen: 4 tot 7 jaar en 8 tot 12 jaar&#8221; font_icon=&#8221;&#xf1ae;||fa||900&#8243; _builder_version=&#8221;4.27.4&#8243; _module_preset=&#8221;default&#8221; global_colors_info=&#8221;{}&#8221;][\/dsm_icon_list_child][\/dsm_icon_list][et_pb_text _builder_version=&#8221;4.27.4&#8243; _module_preset=&#8221;default&#8221; global_colors_info=&#8221;{}&#8221;]<\/p>\n<p><span>Trakteer je kinderen tijdens de carnavalsvakantie op een uniek avontuur met de cursus: <\/span>Ontdek de verloren tijd<span>. Tussen leuke activiteiten en educatieve workshops verkennen ze de grote historische periodes terwijl ze tegelijkertijd plezier hebben. Een verrijkende ervaring om hun nieuwsgierigheid en verbeelding te prikkelen!  <\/span><\/p>\n<p>[\/et_pb_text][et_pb_button button_url=&#8221;https:\/\/museedumalgretout.be\/nl\/neem-contact-op-met\/&#8221; button_text=&#8221;Registraties&#8221; button_alignment=&#8221;left&#8221; _builder_version=&#8221;4.27.4&#8243; _module_preset=&#8221;default&#8221; custom_button=&#8221;on&#8221; button_text_size=&#8221;16px&#8221; button_text_color=&#8221;#FFFFFF&#8221; button_bg_color=&#8221;#BA2320&#8243; button_border_width=&#8221;2px&#8221; button_border_color=&#8221;#BA2320&#8243; button_border_radius=&#8221;0px&#8221; button_font=&#8221;|||on|||||&#8221; button_use_icon=&#8221;off&#8221; custom_padding=&#8221;|30px||30px|false|true&#8221; hover_enabled=&#8221;0&#8243; global_colors_info=&#8221;{}&#8221; button_border_width__hover_enabled=&#8221;on|hover&#8221; button_border_width__hover=&#8221;2px&#8221; button_text_color__hover_enabled=&#8221;on|hover&#8221; button_text_color__hover=&#8221;#BA2320&#8243; button_bg_color__hover_enabled=&#8221;on|hover&#8221; button_bg_color__hover=&#8221;#FFFFFF&#8221; button_bg_enable_color__hover=&#8221;on&#8221; button_border_color__hover_enabled=&#8221;on|hover&#8221; button_border_color__hover=&#8221;#BA2320&#8243; button_text_size__hover_enabled=&#8221;on|hover&#8221; button_text_size__hover=&#8221;16px&#8221; sticky_enabled=&#8221;0&#8243;][\/et_pb_button][\/et_pb_column][\/et_pb_row][et_pb_row column_structure=&#8221;1_4,3_4&#8243; use_custom_gutter=&#8221;on&#8221; make_equal=&#8221;on&#8221; _builder_version=&#8221;4.27.4&#8243; _module_preset=&#8221;default&#8221; max_width=&#8221;80%&#8221; custom_padding=&#8221;||40px||false|false&#8221; border_color_bottom=&#8221;#EBECF0&#8243; global_colors_info=&#8221;{}&#8221;][et_pb_column type=&#8221;1_4&#8243; _builder_version=&#8221;4.27.2&#8243; _module_preset=&#8221;default&#8221; global_colors_info=&#8221;{}&#8221;][et_pb_image src=&#8221;http:\/\/museedumalgretout.be\/wp-content\/uploads\/2025\/01\/Planning-stage-MMT-2025.pdf.png&#8221; title_text=&#8221;Cursusrooster MMT 2025.pdf&#8221; show_in_lightbox=&#8221;on&#8221; align=&#8221;center&#8221; _builder_version=&#8221;4.27.4&#8243; _module_preset=&#8221;default&#8221; width=&#8221;100%&#8221; global_colors_info=&#8221;{}&#8221;][\/et_pb_image][\/et_pb_column][et_pb_column type=&#8221;3_4&#8243; _builder_version=&#8221;4.27.2&#8243; _module_preset=&#8221;default&#8221; global_colors_info=&#8221;{}&#8221;][et_pb_text _builder_version=&#8221;4.27.4&#8243; _module_preset=&#8221;default&#8221; header_2_font=&#8221;||||||||&#8221; header_2_font_size=&#8221;24px&#8221; header_2_line_height=&#8221;1.2em&#8221; custom_margin=&#8221;||10px||false|false&#8221; global_colors_info=&#8221;{}&#8221;]<\/p>\n<h2 style=\"text-align: left;\">De stage-agenda 2025<\/h2>\n<p>[\/et_pb_text][dsm_icon_list icon_color=&#8221;#BA2320&#8243; icon_font_size=&#8221;18px&#8221; list_space_between=&#8221;19px&#8221; text_indent=&#8221;14px&#8221; _builder_version=&#8221;4.27.4&#8243; _module_preset=&#8221;default&#8221; text_font_size=&#8221;16px&#8221; text_line_height=&#8221;1.4em&#8221; locked=&#8221;off&#8221; global_colors_info=&#8221;{}&#8221;][dsm_icon_list_child text=&#8221;6 cursussen tijdens schoolvakanties&#8221; font_icon=&#8221;&#xf073;||fa||900&#8243; _builder_version=&#8221;4.27.4&#8243; _module_preset=&#8221;default&#8221; global_colors_info=&#8221;{}&#8221;][\/dsm_icon_list_child][dsm_icon_list_child text=&#8221;Elke dag van 9.00 tot 16.00 uur.&#8221; font_icon=&#8221;&#xf017;||fa||900&#8243; _builder_version=&#8221;4.27.4&#8243; _module_preset=&#8221;default&#8221; global_colors_info=&#8221;{}&#8221;][\/dsm_icon_list_child][\/dsm_icon_list][et_pb_text _builder_version=&#8221;4.27.4&#8243; _module_preset=&#8221;default&#8221; global_colors_info=&#8221;{}&#8221;]<\/p>\n<p>In 2025 biedt het Mus\u00e9e du Malgr\u00e9-Tout 6 boeiende cursussen om de nieuwsgierigheid van kinderen te prikkelen: duik in de wereld van magische verhalen, ontdek de geheimen van Keltische krijgers of vier Halloween met mysterieuze activiteiten. Elke cursus combineert leren en creativiteit, het verkennen van geschiedenis en archeologie terwijl je plezier hebt! <\/p>\n<p>[\/et_pb_text][et_pb_button button_url=&#8221;https:\/\/museedumalgretout.be\/nl\/neem-contact-op-met\/&#8221; button_text=&#8221;Registraties&#8221; button_alignment=&#8221;left&#8221; _builder_version=&#8221;4.27.4&#8243; _module_preset=&#8221;default&#8221; custom_button=&#8221;on&#8221; button_text_size=&#8221;16px&#8221; button_text_color=&#8221;#FFFFFF&#8221; button_bg_color=&#8221;#BA2320&#8243; button_border_width=&#8221;2px&#8221; button_border_color=&#8221;#BA2320&#8243; button_border_radius=&#8221;0px&#8221; button_font=&#8221;|||on|||||&#8221; button_use_icon=&#8221;off&#8221; custom_padding=&#8221;|30px||30px|false|true&#8221; hover_enabled=&#8221;0&#8243; global_colors_info=&#8221;{}&#8221; button_border_width__hover_enabled=&#8221;on|hover&#8221; button_border_width__hover=&#8221;2px&#8221; button_text_color__hover_enabled=&#8221;on|hover&#8221; button_text_color__hover=&#8221;#BA2320&#8243; button_bg_color__hover_enabled=&#8221;on|hover&#8221; button_bg_color__hover=&#8221;#FFFFFF&#8221; button_bg_enable_color__hover=&#8221;on&#8221; button_border_color__hover_enabled=&#8221;on|hover&#8221; button_border_color__hover=&#8221;#BA2320&#8243; button_text_size__hover_enabled=&#8221;on|hover&#8221; button_text_size__hover=&#8221;16px&#8221; sticky_enabled=&#8221;0&#8243;][\/et_pb_button][\/et_pb_column][\/et_pb_row][\/et_pb_section]<\/p>\n","protected":false},"excerpt":{"rendered":"<p><div class=\"et_pb_module dsm_breadcrumbs dsm_breadcrumbs_0\">\n\t\t\t\t\n\t\t\t\t\n\t\t\t\t\n\t\t\t\t\n\t\t\t\t\n\t\t\t\t\n\t\t\t\t<div class=\"et_pb_module_inner\">\n\t\t\t\t\t<nav class=\"dsm_breadcrumbs_wrap\">\n\t\t\t\t<ul class=\"dsm_breadcrumbs\" itemscope itemtype=\"https:\/\/schema.org\/BreadcrumbList\">\t\t\t<li class=\"dsm_breadcrumbs_item dsm_home_item dsm_home_item_custom\" itemprop=\"itemListElement\" itemscope\n\t\t\titemtype=\"https:\/\/schema.org\/ListItem\">\n\t\t\t\t<a href=\"#\" itemprop=\"item\" target=\"\">\n\t\t\t\t\t<span class='dsm_home_text_wrapper'>\n\t\t\t\t\t\t\t\t\t\t\t\t\t<span class=\"dsm_home_text\" itemprop=\"name\">\n\t\t\t\t\t\t\t\tActiviteiten\t\t\t\t\t\t\t<\/span>\n\t\t\t\t\t<\/span>\n\t\t\t\t<\/a>\n\t\t\t\t<meta itemprop=\"position\" content=\"1\" \/>\n\t\t\t<\/li>\n\n\t\t<li class=\"dsm_breadcrumbs_separator\"> <span class=\"et-pb-icon dsm_separator_icon\">&#xf0da;<\/span><\/li><\/ul>\n\t\t\t<\/nav>\n\t\t\t\t<\/div>\n\t\t\t<\/div>Ontdek de cursussen in het Mus\u00e9e du Malgr\u00e9-ToutElk jaar biedt het Mus\u00e9e du Malgr\u00e9-Tout een reeks cursussen aan tijdens de vakantieperiodes. Dompel uw kinderen onder in geschiedenis en archeologie met onze boeiende cursussen! Op het programma: ontdekkingen, creatieve workshops en leuke activiteiten om te leren terwijl je plezier hebt. Onze cursussen zijn geschikt voor alle leeftijden en bieden een verrijkende verrijkende ervaring in een vriendelijke en inspirerende omgeving. Er staat je een onvergetelijk avontuur te wachten! Volgende cursus: Verloren tijd overwinnen<div class=\"et_pb_module dsm_icon_list dsm_icon_list_0\">\n\t\t\t\t\n\t\t\t\t\n\t\t\t\t\n\t\t\t\t\n\t\t\t\t\n\t\t\t\t\n\t\t\t\t<div class=\"et_pb_module_inner\">\n\t\t\t\t\t<ul class=\"dsm_icon_list_items dsm_icon_list_ltr_direction dsm_icon_list_layout_vertical\"><li class=\"dsm_icon_list_child dsm_icon_list_child_0\">\n\t\t\t\t\n\t\t\t\t\n\t\t\t\t\n\t\t\t\t\n\t\t\t\t<span class=\"dsm_icon_list_wrapper\"><span class=\"dsm_icon_list_icon\">\uf073<\/span><\/span><span class=\"dsm_icon_list_text\">Van maandag 24 tot vrijdag 28 februari 2025<\/span>\n\t\t\t<\/li><li class=\"dsm_icon_list_child dsm_icon_list_child_1\">\n\t\t\t\t\n\t\t\t\t\n\t\t\t\t\n\t\t\t\t\n\t\t\t\t<span class=\"dsm_icon_list_wrapper\"><span class=\"dsm_icon_list_icon\">\uf017<\/span><\/span><span class=\"dsm_icon_list_text\">Elke dag van 9.00 tot 16.00 uur.<\/span>\n\t\t\t<\/li><li class=\"dsm_icon_list_child dsm_icon_list_child_2\">\n\t\t\t\t\n\t\t\t\t\n\t\t\t\t\n\t\t\t\t\n\t\t\t\t<span class=\"dsm_icon_list_wrapper\"><span class=\"dsm_icon_list_icon\">\uf1ae<\/span><\/span><span class=\"dsm_icon_list_text\">2 groepen: 4 tot 7 jaar en 8 tot 12 jaar<\/span>\n\t\t\t<\/li><\/ul>\n\t\t\t\t<\/div>\n\t\t\t<\/div>Trakteer je kinderen tijdens de carnavalsvakantie op een uniek avontuur met de cursus: Ontdek de verloren tijd. Tussen leuke activiteiten en educatieve workshops verkennen ze de grote historische periodes terwijl ze tegelijkertijd plezier hebben. Een verrijkende ervaring om hun nieuwsgierigheid en verbeelding te prikkelen! De stage-agenda 2025<div class=\"et_pb_module dsm_icon_list dsm_icon_list_1\">\n\t\t\t\t\n\t\t\t\t\n\t\t\t\t\n\t\t\t\t\n\t\t\t\t\n\t\t\t\t\n\t\t\t\t<div class=\"et_pb_module_inner\">\n\t\t\t\t\t<ul class=\"dsm_icon_list_items dsm_icon_list_ltr_direction dsm_icon_list_layout_vertical\"><\/ul>\n\t\t\t\t<\/div>\n\t\t\t<\/div><\/p>\n","protected":false},"author":1,"featured_media":0,"parent":0,"menu_order":0,"comment_status":"closed","ping_status":"closed","template":"","meta":{"_et_pb_use_builder":"on","_et_pb_old_content":"","_et_gb_content_width":"","_monsterinsights_skip_tracking":false,"_monsterinsights_sitenote_active":false,"_monsterinsights_sitenote_note":"","_monsterinsights_sitenote_category":0,"_price":"","_stock":"","_tribe_ticket_header":"","_tribe_default_ticket_provider":"","_ticket_start_date":"","_ticket_end_date":"","_tribe_ticket_show_description":"","_tribe_ticket_show_not_going":false,"_tribe_ticket_use_global_stock":"","_tribe_ticket_global_stock_level":"","_global_stock_mode":"","_global_stock_cap":"","_tribe_rsvp_for_event":"","_tribe_ticket_going_count":"","_tribe_ticket_not_going_count":"","_tribe_tickets_list":"[]","_tribe_ticket_has_attendee_info_fields":false,"footnotes":""},"class_list":["post-1847","page","type-page","status-publish","hentry"],"yoast_head":"<!-- This site is optimized with the Yoast SEO plugin v24.9 - https:\/\/yoast.com\/wordpress\/plugins\/seo\/ -->\n<title>Cursussen - Mus\u00e9e du Malgr\u00e9-Tout - Art et Arch\u00e9ologie<\/title>\n<meta name=\"robots\" content=\"index, follow, max-snippet:-1, max-image-preview:large, max-video-preview:-1\" \/>\n<link rel=\"canonical\" href=\"http:\/\/museedumalgretout.be\/nl\/cursussen\/\" \/>\n<meta property=\"og:locale\" content=\"nl_NL\" \/>\n<meta property=\"og:type\" content=\"article\" \/>\n<meta property=\"og:title\" content=\"Cursussen - Mus\u00e9e du Malgr\u00e9-Tout - Art et Arch\u00e9ologie\" \/>\n<meta property=\"og:description\" content=\"Ontdek de cursussen in het Mus\u00e9e du Malgr\u00e9-ToutElk jaar biedt het Mus\u00e9e du Malgr\u00e9-Tout een reeks cursussen aan tijdens de vakantieperiodes. Dompel uw kinderen onder in geschiedenis en archeologie met onze boeiende cursussen! Op het programma: ontdekkingen, creatieve workshops en leuke activiteiten om te leren terwijl je plezier hebt. Onze cursussen zijn geschikt voor alle leeftijden en bieden een verrijkende verrijkende ervaring in een vriendelijke en inspirerende omgeving. Er staat je een onvergetelijk avontuur te wachten! Volgende cursus: Verloren tijd overwinnenTrakteer je kinderen tijdens de carnavalsvakantie op een uniek avontuur met de cursus: Ontdek de verloren tijd. Tussen leuke activiteiten en educatieve workshops verkennen ze de grote historische periodes terwijl ze tegelijkertijd plezier hebben. Een verrijkende ervaring om hun nieuwsgierigheid en verbeelding te prikkelen! De stage-agenda 2025\" \/>\n<meta property=\"og:url\" content=\"http:\/\/museedumalgretout.be\/nl\/cursussen\/\" \/>\n<meta property=\"og:site_name\" content=\"Mus\u00e9e du Malgr\u00e9-Tout - Art et Arch\u00e9ologie\" \/>\n<meta property=\"article:modified_time\" content=\"2025-02-25T11:39:17+00:00\" \/>\n<meta name=\"twitter:card\" content=\"summary_large_image\" \/>\n<meta name=\"twitter:label1\" content=\"Geschatte leestijd\" \/>\n\t<meta name=\"twitter:data1\" content=\"8 minuten\" \/>\n<script type=\"application\/ld+json\" class=\"yoast-schema-graph\">{\"@context\":\"https:\/\/schema.org\",\"@graph\":[{\"@type\":\"WebPage\",\"@id\":\"http:\/\/museedumalgretout.be\/nl\/cursussen\/\",\"url\":\"http:\/\/museedumalgretout.be\/nl\/cursussen\/\",\"name\":\"Cursussen - Mus\u00e9e du Malgr\u00e9-Tout - Art et Arch\u00e9ologie\",\"isPartOf\":{\"@id\":\"https:\/\/museedumalgretout.be\/#website\"},\"datePublished\":\"2024-11-06T08:07:08+00:00\",\"dateModified\":\"2025-02-25T11:39:17+00:00\",\"breadcrumb\":{\"@id\":\"http:\/\/museedumalgretout.be\/nl\/cursussen\/#breadcrumb\"},\"inLanguage\":\"nl-NL\",\"potentialAction\":[{\"@type\":\"ReadAction\",\"target\":[\"http:\/\/museedumalgretout.be\/nl\/cursussen\/\"]}]},{\"@type\":\"BreadcrumbList\",\"@id\":\"http:\/\/museedumalgretout.be\/nl\/cursussen\/#breadcrumb\",\"itemListElement\":[{\"@type\":\"ListItem\",\"position\":1,\"name\":\"Accueil\",\"item\":\"https:\/\/museedumalgretout.be\/nl\/\"},{\"@type\":\"ListItem\",\"position\":2,\"name\":\"Cursussen\"}]},{\"@type\":\"WebSite\",\"@id\":\"https:\/\/museedumalgretout.be\/#website\",\"url\":\"https:\/\/museedumalgretout.be\/\",\"name\":\"Mus\u00e9e du Malgr\u00e9-Tout - Art et Arch\u00e9ologie\",\"description\":\"Arch\u00e9ologie r\u00e9gionale et plus g\u00e9n\u00e9rale de la Pr\u00e9histoire \u00e0 l&#039;Antiquit\u00e9.\",\"potentialAction\":[{\"@type\":\"SearchAction\",\"target\":{\"@type\":\"EntryPoint\",\"urlTemplate\":\"https:\/\/museedumalgretout.be\/?s={search_term_string}\"},\"query-input\":{\"@type\":\"PropertyValueSpecification\",\"valueRequired\":true,\"valueName\":\"search_term_string\"}}],\"inLanguage\":\"nl-NL\"}]}<\/script>\n<!-- \/ Yoast SEO plugin. -->","yoast_head_json":{"title":"Cursussen - Mus\u00e9e du Malgr\u00e9-Tout - Art et Arch\u00e9ologie","robots":{"index":"index","follow":"follow","max-snippet":"max-snippet:-1","max-image-preview":"max-image-preview:large","max-video-preview":"max-video-preview:-1"},"canonical":"http:\/\/museedumalgretout.be\/nl\/cursussen\/","og_locale":"nl_NL","og_type":"article","og_title":"Cursussen - Mus\u00e9e du Malgr\u00e9-Tout - Art et Arch\u00e9ologie","og_description":"Ontdek de cursussen in het Mus\u00e9e du Malgr\u00e9-ToutElk jaar biedt het Mus\u00e9e du Malgr\u00e9-Tout een reeks cursussen aan tijdens de vakantieperiodes. Dompel uw kinderen onder in geschiedenis en archeologie met onze boeiende cursussen! Op het programma: ontdekkingen, creatieve workshops en leuke activiteiten om te leren terwijl je plezier hebt. Onze cursussen zijn geschikt voor alle leeftijden en bieden een verrijkende verrijkende ervaring in een vriendelijke en inspirerende omgeving. Er staat je een onvergetelijk avontuur te wachten! Volgende cursus: Verloren tijd overwinnenTrakteer je kinderen tijdens de carnavalsvakantie op een uniek avontuur met de cursus: Ontdek de verloren tijd. Tussen leuke activiteiten en educatieve workshops verkennen ze de grote historische periodes terwijl ze tegelijkertijd plezier hebben. Een verrijkende ervaring om hun nieuwsgierigheid en verbeelding te prikkelen! De stage-agenda 2025","og_url":"http:\/\/museedumalgretout.be\/nl\/cursussen\/","og_site_name":"Mus\u00e9e du Malgr\u00e9-Tout - Art et Arch\u00e9ologie","article_modified_time":"2025-02-25T11:39:17+00:00","twitter_card":"summary_large_image","twitter_misc":{"Geschatte leestijd":"8 minuten"},"schema":{"@context":"https:\/\/schema.org","@graph":[{"@type":"WebPage","@id":"http:\/\/museedumalgretout.be\/nl\/cursussen\/","url":"http:\/\/museedumalgretout.be\/nl\/cursussen\/","name":"Cursussen - Mus\u00e9e du Malgr\u00e9-Tout - Art et Arch\u00e9ologie","isPartOf":{"@id":"https:\/\/museedumalgretout.be\/#website"},"datePublished":"2024-11-06T08:07:08+00:00","dateModified":"2025-02-25T11:39:17+00:00","breadcrumb":{"@id":"http:\/\/museedumalgretout.be\/nl\/cursussen\/#breadcrumb"},"inLanguage":"nl-NL","potentialAction":[{"@type":"ReadAction","target":["http:\/\/museedumalgretout.be\/nl\/cursussen\/"]}]},{"@type":"BreadcrumbList","@id":"http:\/\/museedumalgretout.be\/nl\/cursussen\/#breadcrumb","itemListElement":[{"@type":"ListItem","position":1,"name":"Accueil","item":"https:\/\/museedumalgretout.be\/nl\/"},{"@type":"ListItem","position":2,"name":"Cursussen"}]},{"@type":"WebSite","@id":"https:\/\/museedumalgretout.be\/#website","url":"https:\/\/museedumalgretout.be\/","name":"Mus\u00e9e du Malgr\u00e9-Tout - Art et Arch\u00e9ologie","description":"Arch\u00e9ologie r\u00e9gionale et plus g\u00e9n\u00e9rale de la Pr\u00e9histoire \u00e0 l&#039;Antiquit\u00e9.","potentialAction":[{"@type":"SearchAction","target":{"@type":"EntryPoint","urlTemplate":"https:\/\/museedumalgretout.be\/?s={search_term_string}"},"query-input":{"@type":"PropertyValueSpecification","valueRequired":true,"valueName":"search_term_string"}}],"inLanguage":"nl-NL"}]}},"_links":{"self":[{"href":"https:\/\/museedumalgretout.be\/nl\/wp-json\/wp\/v2\/pages\/1847","targetHints":{"allow":["GET"]}}],"collection":[{"href":"https:\/\/museedumalgretout.be\/nl\/wp-json\/wp\/v2\/pages"}],"about":[{"href":"https:\/\/museedumalgretout.be\/nl\/wp-json\/wp\/v2\/types\/page"}],"author":[{"embeddable":true,"href":"https:\/\/museedumalgretout.be\/nl\/wp-json\/wp\/v2\/users\/1"}],"replies":[{"embeddable":true,"href":"https:\/\/museedumalgretout.be\/nl\/wp-json\/wp\/v2\/comments?post=1847"}],"version-history":[{"count":1,"href":"https:\/\/museedumalgretout.be\/nl\/wp-json\/wp\/v2\/pages\/1847\/revisions"}],"predecessor-version":[{"id":1856,"href":"https:\/\/museedumalgretout.be\/nl\/wp-json\/wp\/v2\/pages\/1847\/revisions\/1856"}],"wp:attachment":[{"href":"https:\/\/museedumalgretout.be\/nl\/wp-json\/wp\/v2\/media?parent=1847"}],"curies":[{"name":"wp","href":"https:\/\/api.w.org\/{rel}","templated":true}]}}