{"id":1786,"date":"2024-11-05T13:48:51","date_gmt":"2024-11-05T12:48:51","guid":{"rendered":"https:\/\/museedumalgretout.be\/vzw-cedarc\/"},"modified":"2025-02-26T11:25:07","modified_gmt":"2025-02-26T10:25:07","slug":"vzw-cedarc","status":"publish","type":"page","link":"https:\/\/museedumalgretout.be\/nl\/vzw-cedarc\/","title":{"rendered":"VZW Cedarc"},"content":{"rendered":"<p>[et_pb_section fb_built=&#8221;1&#8243; _builder_version=&#8221;4.27.2&#8243; _module_preset=&#8221;default&#8221; background_image=&#8221;http:\/\/museedumalgretout.be\/wp-content\/uploads\/2024\/10\/Musee-Archeologie-Namur-scaled.jpg&#8221; custom_padding=&#8221;30px||30px||true|false&#8221; global_colors_info=&#8221;{}&#8221;][et_pb_row make_equal=&#8221;on&#8221; _builder_version=&#8221;4.27.4&#8243; _module_preset=&#8221;default&#8221; max_width=&#8221;80%&#8221; custom_padding=&#8221;0px||0px||true|false&#8221; global_colors_info=&#8221;{}&#8221; width=&#8221;85%&#8221; max_width_last_edited=&#8221;on|phone&#8221; max_width_phone=&#8221;85%&#8221; max_width_tablet=&#8221;80%&#8221;][et_pb_column type=&#8221;4_4&#8243; _builder_version=&#8221;4.27.4&#8243; _module_preset=&#8221;default&#8221; background_enable_color=&#8221;off&#8221; custom_padding=&#8221;50px|50px|50px|50px|true|true&#8221; hover_enabled=&#8221;0&#8243; global_colors_info=&#8221;{}&#8221; custom_padding_last_edited=&#8221;on|phone&#8221; custom_padding_phone=&#8221;30px|5px|30px|5px|true|true&#8221; sticky_enabled=&#8221;0&#8243; custom_padding_tablet=&#8221;50px|50px|50px|50px|true|true&#8221;][et_pb_text _builder_version=&#8221;4.27.2&#8243; _module_preset=&#8221;default&#8221; text_text_color=&#8221;#252930&#8243; header_font=&#8221;|800|||||||&#8221; header_text_color=&#8221;#FFFFFF&#8221; header_font_size=&#8221;40px&#8221; header_line_height=&#8221;1.1em&#8221; custom_margin=&#8221;||20px|||&#8221; global_colors_info=&#8221;{}&#8221;]<\/p>\n<h1 style=\"text-align: center;\">VZW Cedarc<\/h1>\n<p>[\/et_pb_text][et_pb_divider color=&#8221;#BA2320&#8243; divider_weight=&#8221;6px&#8221; _builder_version=&#8221;4.27.4&#8243; _module_preset=&#8221;default&#8221; width=&#8221;20%&#8221; module_alignment=&#8221;center&#8221; hover_enabled=&#8221;0&#8243; global_colors_info=&#8221;{}&#8221; width_last_edited=&#8221;on|phone&#8221; width_phone=&#8221;75%&#8221; sticky_enabled=&#8221;0&#8243; width_tablet=&#8221;20%&#8221;][\/et_pb_divider][\/et_pb_column][\/et_pb_row][\/et_pb_section][et_pb_section fb_built=&#8221;1&#8243; _builder_version=&#8221;4.27.2&#8243; _module_preset=&#8221;default&#8221; background_color=&#8221;#252930&#8243; custom_padding=&#8221;10px||10px||true|false&#8221; global_colors_info=&#8221;{}&#8221;][et_pb_row _builder_version=&#8221;4.27.2&#8243; _module_preset=&#8221;default&#8221; width=&#8221;90%&#8221; max_width=&#8221;90%&#8221; custom_padding=&#8221;5px||5px||true|false&#8221; global_colors_info=&#8221;{}&#8221;][et_pb_column type=&#8221;4_4&#8243; _builder_version=&#8221;4.27.2&#8243; _module_preset=&#8221;default&#8221; global_colors_info=&#8221;{}&#8221;][dsm_breadcrumbs home_text=&#8221;Ons museum&#8221; use_custom_home_url_link=&#8221;on&#8221; home_url_link=&#8221;#&#8221; show_home_icon=&#8221;off&#8221; separator_icon=&#8221;&#xf0da;||fa||900&#8243; items_bg_color=&#8221;RGBA(255,255,255,0)&#8221; current_bg_color=&#8221;RGBA(255,255,255,0)&#8221; items_padding=&#8221;0px|20px|0px|0px|false|false&#8221; current_padding=&#8221;0px|0px|0px|20px|false|false&#8221; _builder_version=&#8221;4.27.4&#8243; _module_preset=&#8221;default&#8221; items_font=&#8221;|||on|||||&#8221; items_text_color=&#8221;#FFFFFF&#8221; items_font_size=&#8221;18px&#8221; separators_text_color=&#8221;#BA2320&#8243; separators_font_size=&#8221;30px&#8221; current_font=&#8221;|||on|||||&#8221; current_text_color=&#8221;#FFFFFF&#8221; current_font_size=&#8221;18px&#8221; hover_enabled=&#8221;0&#8243; global_colors_info=&#8221;{}&#8221; items_padding_last_edited=&#8221;on|phone&#8221; items_padding_phone=&#8221;0px|10px|0px|0px|false|false&#8221; items_font_size_last_edited=&#8221;on|phone&#8221; items_font_size_phone=&#8221;16px&#8221; current_padding_last_edited=&#8221;on|phone&#8221; current_padding_phone=&#8221;0px|0px|0px|10px|false|false&#8221; current_font_size_last_edited=&#8221;on|phone&#8221; current_font_size_phone=&#8221;16px&#8221; sticky_enabled=&#8221;0&#8243; items_padding_tablet=&#8221;0px|20px|0px|0px|false|false&#8221; items_font_size_tablet=&#8221;18px&#8221; current_padding_tablet=&#8221;0px|0px|0px|20px|false|false&#8221; current_font_size_tablet=&#8221;18px&#8221;][\/dsm_breadcrumbs][\/et_pb_column][\/et_pb_row][\/et_pb_section][et_pb_section fb_built=&#8221;1&#8243; _builder_version=&#8221;4.27.2&#8243; _module_preset=&#8221;default&#8221; background_color=&#8221;#FFFFFF&#8221; global_colors_info=&#8221;{}&#8221;][et_pb_row column_structure=&#8221;2_5,3_5&#8243; use_custom_gutter=&#8221;on&#8221; make_equal=&#8221;on&#8221; _builder_version=&#8221;4.27.4&#8243; _module_preset=&#8221;default&#8221; max_width=&#8221;80%&#8221; custom_css_main_element=&#8221;align-items:center;||display:flex&#8221; global_colors_info=&#8221;{}&#8221; custom_css_main_element_last_edited=&#8221;on|phone&#8221; custom_css_main_element_phone=&#8221;align-items:center;||display:inline&#8221; custom_css_main_element_tablet=&#8221;align-items:center;||display:flex&#8221;][et_pb_column type=&#8221;2_5&#8243; _builder_version=&#8221;4.27.4&#8243; _module_preset=&#8221;default&#8221; hover_enabled=&#8221;0&#8243; global_colors_info=&#8221;{}&#8221; custom_padding_last_edited=&#8221;on|phone&#8221; custom_padding_phone=&#8221;|30px||30px|false|true&#8221; sticky_enabled=&#8221;0&#8243;][et_pb_image src=&#8221;http:\/\/museedumalgretout.be\/wp-content\/uploads\/2024\/11\/Centre-de-recherches-et-etudes-archeologiques.png&#8221; title_text=&#8221;Centrum voor archeologisch onderzoek en studies&#8221; _builder_version=&#8221;4.27.2&#8243; _module_preset=&#8221;default&#8221; animation_style=&#8221;slide&#8221; animation_direction=&#8221;left&#8221; animation_duration=&#8221;1500ms&#8221; global_colors_info=&#8221;{}&#8221;][\/et_pb_image][\/et_pb_column][et_pb_column type=&#8221;3_5&#8243; _builder_version=&#8221;4.27.4&#8243; _module_preset=&#8221;default&#8221; hover_enabled=&#8221;0&#8243; global_colors_info=&#8221;{}&#8221; custom_padding_last_edited=&#8221;on|phone&#8221; custom_padding_phone=&#8221;|30px||30px|false|true&#8221; sticky_enabled=&#8221;0&#8243;][et_pb_text _builder_version=&#8221;4.27.4&#8243; _module_preset=&#8221;default&#8221; header_2_font=&#8221;|800|||||||&#8221; header_2_font_size=&#8221;32px&#8221; header_2_line_height=&#8221;1.2em&#8221; custom_margin=&#8221;||35px|||&#8221; hover_enabled=&#8221;0&#8243; global_colors_info=&#8221;{}&#8221; header_2_font_size_last_edited=&#8221;on|phone&#8221; header_2_font_size_phone=&#8221;30px&#8221; sticky_enabled=&#8221;0&#8243; header_2_font_size_tablet=&#8221;32px&#8221;]<\/p>\n<h2>VZW Cedarc: een drijvende kracht voor erfgoedonderzoek en -behoud<\/h2>\n<p>[\/et_pb_text][et_pb_text _builder_version=&#8221;4.27.4&#8243; _module_preset=&#8221;default&#8221; global_colors_info=&#8221;{}&#8221;]<\/p>\n<p>Cedarc (Centre d&#8217;\u00c9tudes et de Documentation Arch\u00e9ologiques) werd opgericht in 1985 en is het wetenschappelijke hart van het Mus\u00e9e du Malgr\u00e9-Tout. Het is een belangrijke speler <strong><span style=\"color: #ba2320;\">in de studie, het behoud en de promotie van prehistorische en Gallo-Romeinse<\/span><\/strong> prehistorisch en Gallo-Romeins archeologisch erfgoed, onderscheidt Cedarc zich ook door zijn uitgeverij, die erkende onderzoekswerken en tentoonstellingscatalogi uitgeeft. <\/p>\n<p>Cedarc beheert ook een van de <span style=\"color: #ba2320;\"><strong>archeologische bibliotheken van het land<\/strong><\/span>gespecialiseerd in nationale archeologie en toegankelijk voor iedereen. Een echte schatkamer voor liefhebbers en onderzoekers. <\/p>\n<p>Als onderdeel van de uitbreiding heeft Cedarc onlangs een emblematisch gebouw gekocht, het voormalige hotel-restaurant &#8220;L&#8217;Authentik&#8221;, dat op slechts 93 meter van het museum ligt.<\/p>\n<p>[\/et_pb_text][\/et_pb_column][\/et_pb_row][\/et_pb_section][et_pb_section fb_built=&#8221;1&#8243; _builder_version=&#8221;4.27.4&#8243; _module_preset=&#8221;default&#8221; background_color=&#8221;#EBECF0&#8243; hover_enabled=&#8221;0&#8243; global_colors_info=&#8221;{}&#8221; custom_padding_last_edited=&#8221;on|phone&#8221; custom_padding_phone=&#8221;30px||||false|false&#8221; sticky_enabled=&#8221;0&#8243;][et_pb_row column_structure=&#8221;3_5,2_5&#8243; use_custom_gutter=&#8221;on&#8221; make_equal=&#8221;on&#8221; _builder_version=&#8221;4.27.2&#8243; _module_preset=&#8221;default&#8221; max_width=&#8221;80%&#8221; global_colors_info=&#8221;{}&#8221;][et_pb_column type=&#8221;3_5&#8243; _builder_version=&#8221;4.27.2&#8243; _module_preset=&#8221;default&#8221; global_colors_info=&#8221;{}&#8221;][et_pb_text _builder_version=&#8221;4.27.2&#8243; _module_preset=&#8221;default&#8221; header_2_font=&#8221;|800|||||||&#8221; header_2_font_size=&#8221;32px&#8221; header_2_line_height=&#8221;1.2em&#8221; custom_margin=&#8221;||35px|||&#8221; global_colors_info=&#8221;{}&#8221;]<\/p>\n<h2><span>Regionaal erfgoed promoten en behouden<\/span><\/h2>\n<p>[\/et_pb_text][et_pb_text _builder_version=&#8221;4.27.2&#8243; _module_preset=&#8221;default&#8221; custom_margin=&#8221;||50px|||&#8221; global_colors_info=&#8221;{}&#8221;]<\/p>\n<p><span>Dit doel is bereikt door het conserveren en tentoonstellen van een groot aantal archeologische voorwerpen die in de regio zijn gevonden, waardoor bezoekers een waardevol beeld van het verleden krijgen.  <\/span><\/p>\n<p><span>Daarnaast stelt de publicatie van een schat aan onderzoekswerk, tentoonstellingscatalogi en boeken ons in staat om het <span style=\"color: #ba2320;\"><strong>regionaal erfgoed<\/strong><\/span> te delen met een breed publiek, waardoor huidige en toekomstige generaties zich bewust worden van het belang van archeologie.<\/span><\/p>\n<p>[\/et_pb_text][et_pb_button button_url=&#8221;https:\/\/museedumalgretout.be\/nl\/dienstregelingen-prijzen\/&#8221; button_text=&#8221;Mijn bezoek voorbereiden&#8221; button_alignment=&#8221;left&#8221; _builder_version=&#8221;4.27.4&#8243; _module_preset=&#8221;default&#8221; custom_button=&#8221;on&#8221; button_text_size=&#8221;16px&#8221; button_text_color=&#8221;#FFFFFF&#8221; button_bg_color=&#8221;#BA2320&#8243; button_border_width=&#8221;2px&#8221; button_border_color=&#8221;#BA2320&#8243; button_border_radius=&#8221;0px&#8221; button_font=&#8221;|||on|||||&#8221; button_use_icon=&#8221;off&#8221; custom_padding=&#8221;|30px||30px|false|true&#8221; global_colors_info=&#8221;{}&#8221; button_border_width__hover_enabled=&#8221;on|hover&#8221; button_border_width__hover=&#8221;2px&#8221; button_text_color__hover_enabled=&#8221;on|hover&#8221; button_text_color__hover=&#8221;#BA2320&#8243; button_bg_color__hover_enabled=&#8221;on|hover&#8221; button_bg_color__hover=&#8221;#FFFFFF&#8221; button_bg_enable_color__hover=&#8221;on&#8221; button_border_color__hover_enabled=&#8221;on|hover&#8221; button_border_color__hover=&#8221;#BA2320&#8243; button_text_size__hover_enabled=&#8221;on|hover&#8221; button_text_size__hover=&#8221;16px&#8221;][\/et_pb_button][\/et_pb_column][et_pb_column type=&#8221;2_5&#8243; _builder_version=&#8221;4.27.2&#8243; _module_preset=&#8221;default&#8221; global_colors_info=&#8221;{}&#8221;][et_pb_image src=&#8221;http:\/\/museedumalgretout.be\/wp-content\/uploads\/2024\/11\/Musee-ASBL-Cedarc-Treignes.png&#8221; title_text=&#8221;Museum VZW C\u00e9darc Treignes&#8221; _builder_version=&#8221;4.27.4&#8243; _module_preset=&#8221;default&#8221; animation_style=&#8221;slide&#8221; animation_direction=&#8221;right&#8221; animation_duration=&#8221;1500ms&#8221; hover_enabled=&#8221;0&#8243; global_colors_info=&#8221;{}&#8221; custom_margin_last_edited=&#8221;on|phone&#8221; custom_margin_phone=&#8221;30px||||false|false&#8221; sticky_enabled=&#8221;0&#8243;][\/et_pb_image][\/et_pb_column][\/et_pb_row][\/et_pb_section]<\/p>\n","protected":false},"excerpt":{"rendered":"<p>VZW Cedarc<div class=\"et_pb_module dsm_breadcrumbs dsm_breadcrumbs_0\">\n\t\t\t\t\n\t\t\t\t\n\t\t\t\t\n\t\t\t\t\n\t\t\t\t\n\t\t\t\t\n\t\t\t\t<div class=\"et_pb_module_inner\">\n\t\t\t\t\t<nav class=\"dsm_breadcrumbs_wrap\">\n\t\t\t\t<ul class=\"dsm_breadcrumbs\" itemscope itemtype=\"https:\/\/schema.org\/BreadcrumbList\">\t\t\t<li class=\"dsm_breadcrumbs_item dsm_home_item dsm_home_item_custom\" itemprop=\"itemListElement\" itemscope\n\t\t\titemtype=\"https:\/\/schema.org\/ListItem\">\n\t\t\t\t<a href=\"#\" itemprop=\"item\" target=\"\">\n\t\t\t\t\t<span class='dsm_home_text_wrapper'>\n\t\t\t\t\t\t\t\t\t\t\t\t\t<span class=\"dsm_home_text\" itemprop=\"name\">\n\t\t\t\t\t\t\t\tOns museum\t\t\t\t\t\t\t<\/span>\n\t\t\t\t\t<\/span>\n\t\t\t\t<\/a>\n\t\t\t\t<meta itemprop=\"position\" content=\"1\" \/>\n\t\t\t<\/li>\n\n\t\t<li class=\"dsm_breadcrumbs_separator\"> <span class=\"et-pb-icon dsm_separator_icon\">&#xf0da;<\/span><\/li><\/ul>\n\t\t\t<\/nav>\n\t\t\t\t<\/div>\n\t\t\t<\/div>VZW Cedarc: een drijvende kracht voor erfgoedonderzoek en -behoudCedarc (Centre d&#8217;\u00c9tudes et de Documentation Arch\u00e9ologiques) werd opgericht in 1985 en is het wetenschappelijke hart van het Mus\u00e9e du Malgr\u00e9-Tout. Het is een belangrijke speler in de studie, het behoud en de promotie van prehistorische en Gallo-Romeinse prehistorisch en Gallo-Romeins archeologisch erfgoed, onderscheidt Cedarc zich ook door zijn uitgeverij, die erkende onderzoekswerken en tentoonstellingscatalogi uitgeeft. Cedarc beheert ook een van de archeologische bibliotheken van het landgespecialiseerd in nationale archeologie en toegankelijk voor iedereen. Een echte schatkamer voor liefhebbers en onderzoekers. Als onderdeel van de uitbreiding heeft Cedarc onlangs een emblematisch gebouw gekocht, het voormalige hotel-restaurant &#8220;L&#8217;Authentik&#8221;, dat op slechts 93 meter van het museum ligt.Regionaal erfgoed promoten en behoudenDit doel is bereikt door het conserveren en tentoonstellen van een groot aantal archeologische voorwerpen die in de regio zijn gevonden, waardoor bezoekers een waardevol beeld van het verleden krijgen. Daarnaast stelt de publicatie van een schat aan onderzoekswerk, tentoonstellingscatalogi en boeken ons in staat om het [&hellip;]<\/p>\n","protected":false},"author":1,"featured_media":0,"parent":0,"menu_order":0,"comment_status":"closed","ping_status":"closed","template":"","meta":{"_et_pb_use_builder":"on","_et_pb_old_content":"","_et_gb_content_width":"","_monsterinsights_skip_tracking":false,"_monsterinsights_sitenote_active":false,"_monsterinsights_sitenote_note":"","_monsterinsights_sitenote_category":0,"_price":"","_stock":"","_tribe_ticket_header":"","_tribe_default_ticket_provider":"","_ticket_start_date":"","_ticket_end_date":"","_tribe_ticket_show_description":"","_tribe_ticket_show_not_going":false,"_tribe_ticket_use_global_stock":"","_tribe_ticket_global_stock_level":"","_global_stock_mode":"","_global_stock_cap":"","_tribe_rsvp_for_event":"","_tribe_ticket_going_count":"","_tribe_ticket_not_going_count":"","_tribe_tickets_list":"[]","_tribe_ticket_has_attendee_info_fields":false,"footnotes":""},"class_list":["post-1786","page","type-page","status-publish","hentry"],"yoast_head":"<!-- This site is optimized with the Yoast SEO plugin v24.9 - https:\/\/yoast.com\/wordpress\/plugins\/seo\/ -->\n<title>VZW Cedarc - Mus\u00e9e du Malgr\u00e9-Tout - Art et Arch\u00e9ologie<\/title>\n<meta name=\"robots\" content=\"index, follow, max-snippet:-1, max-image-preview:large, max-video-preview:-1\" \/>\n<link rel=\"canonical\" href=\"http:\/\/museedumalgretout.be\/asbl-cedarc\/\" \/>\n<meta property=\"og:locale\" content=\"nl_NL\" \/>\n<meta property=\"og:type\" content=\"article\" \/>\n<meta property=\"og:title\" content=\"VZW Cedarc - Mus\u00e9e du Malgr\u00e9-Tout - Art et Arch\u00e9ologie\" \/>\n<meta property=\"og:description\" content=\"VZW CedarcVZW Cedarc: een drijvende kracht voor erfgoedonderzoek en -behoudCedarc (Centre d&#039;\u00c9tudes et de Documentation Arch\u00e9ologiques) werd opgericht in 1985 en is het wetenschappelijke hart van het Mus\u00e9e du Malgr\u00e9-Tout. Het is een belangrijke speler in de studie, het behoud en de promotie van prehistorische en Gallo-Romeinse prehistorisch en Gallo-Romeins archeologisch erfgoed, onderscheidt Cedarc zich ook door zijn uitgeverij, die erkende onderzoekswerken en tentoonstellingscatalogi uitgeeft. Cedarc beheert ook een van de archeologische bibliotheken van het landgespecialiseerd in nationale archeologie en toegankelijk voor iedereen. Een echte schatkamer voor liefhebbers en onderzoekers. Als onderdeel van de uitbreiding heeft Cedarc onlangs een emblematisch gebouw gekocht, het voormalige hotel-restaurant &quot;L&#039;Authentik&quot;, dat op slechts 93 meter van het museum ligt.Regionaal erfgoed promoten en behoudenDit doel is bereikt door het conserveren en tentoonstellen van een groot aantal archeologische voorwerpen die in de regio zijn gevonden, waardoor bezoekers een waardevol beeld van het verleden krijgen. Daarnaast stelt de publicatie van een schat aan onderzoekswerk, tentoonstellingscatalogi en boeken ons in staat om het [&hellip;]\" \/>\n<meta property=\"og:url\" content=\"http:\/\/museedumalgretout.be\/asbl-cedarc\/\" \/>\n<meta property=\"og:site_name\" content=\"Mus\u00e9e du Malgr\u00e9-Tout - Art et Arch\u00e9ologie\" \/>\n<meta property=\"article:modified_time\" content=\"2025-02-26T10:25:07+00:00\" \/>\n<meta name=\"twitter:card\" content=\"summary_large_image\" \/>\n<meta name=\"twitter:label1\" content=\"Geschatte leestijd\" \/>\n\t<meta name=\"twitter:data1\" content=\"6 minuten\" \/>\n<script type=\"application\/ld+json\" class=\"yoast-schema-graph\">{\"@context\":\"https:\/\/schema.org\",\"@graph\":[{\"@type\":\"WebPage\",\"@id\":\"http:\/\/museedumalgretout.be\/asbl-cedarc\/\",\"url\":\"http:\/\/museedumalgretout.be\/asbl-cedarc\/\",\"name\":\"VZW Cedarc - Mus\u00e9e du Malgr\u00e9-Tout - Art et Arch\u00e9ologie\",\"isPartOf\":{\"@id\":\"http:\/\/museedumalgretout.be\/#website\"},\"datePublished\":\"2024-11-05T12:48:51+00:00\",\"dateModified\":\"2025-02-26T10:25:07+00:00\",\"breadcrumb\":{\"@id\":\"http:\/\/museedumalgretout.be\/asbl-cedarc\/#breadcrumb\"},\"inLanguage\":\"nl-NL\",\"potentialAction\":[{\"@type\":\"ReadAction\",\"target\":[\"http:\/\/museedumalgretout.be\/asbl-cedarc\/\"]}]},{\"@type\":\"BreadcrumbList\",\"@id\":\"http:\/\/museedumalgretout.be\/asbl-cedarc\/#breadcrumb\",\"itemListElement\":[{\"@type\":\"ListItem\",\"position\":1,\"name\":\"Accueil\",\"item\":\"https:\/\/museedumalgretout.be\/nl\/\"},{\"@type\":\"ListItem\",\"position\":2,\"name\":\"VZW Cedarc\"}]},{\"@type\":\"WebSite\",\"@id\":\"http:\/\/museedumalgretout.be\/#website\",\"url\":\"http:\/\/museedumalgretout.be\/\",\"name\":\"Mus\u00e9e du Malgr\u00e9-Tout - Art et Arch\u00e9ologie\",\"description\":\"Arch\u00e9ologie r\u00e9gionale et plus g\u00e9n\u00e9rale de la Pr\u00e9histoire \u00e0 l&#039;Antiquit\u00e9.\",\"potentialAction\":[{\"@type\":\"SearchAction\",\"target\":{\"@type\":\"EntryPoint\",\"urlTemplate\":\"http:\/\/museedumalgretout.be\/?s={search_term_string}\"},\"query-input\":{\"@type\":\"PropertyValueSpecification\",\"valueRequired\":true,\"valueName\":\"search_term_string\"}}],\"inLanguage\":\"nl-NL\"}]}<\/script>\n<!-- \/ Yoast SEO plugin. -->","yoast_head_json":{"title":"VZW Cedarc - Mus\u00e9e du Malgr\u00e9-Tout - Art et Arch\u00e9ologie","robots":{"index":"index","follow":"follow","max-snippet":"max-snippet:-1","max-image-preview":"max-image-preview:large","max-video-preview":"max-video-preview:-1"},"canonical":"http:\/\/museedumalgretout.be\/asbl-cedarc\/","og_locale":"nl_NL","og_type":"article","og_title":"VZW Cedarc - Mus\u00e9e du Malgr\u00e9-Tout - Art et Arch\u00e9ologie","og_description":"VZW CedarcVZW Cedarc: een drijvende kracht voor erfgoedonderzoek en -behoudCedarc (Centre d'\u00c9tudes et de Documentation Arch\u00e9ologiques) werd opgericht in 1985 en is het wetenschappelijke hart van het Mus\u00e9e du Malgr\u00e9-Tout. Het is een belangrijke speler in de studie, het behoud en de promotie van prehistorische en Gallo-Romeinse prehistorisch en Gallo-Romeins archeologisch erfgoed, onderscheidt Cedarc zich ook door zijn uitgeverij, die erkende onderzoekswerken en tentoonstellingscatalogi uitgeeft. Cedarc beheert ook een van de archeologische bibliotheken van het landgespecialiseerd in nationale archeologie en toegankelijk voor iedereen. Een echte schatkamer voor liefhebbers en onderzoekers. Als onderdeel van de uitbreiding heeft Cedarc onlangs een emblematisch gebouw gekocht, het voormalige hotel-restaurant \"L'Authentik\", dat op slechts 93 meter van het museum ligt.Regionaal erfgoed promoten en behoudenDit doel is bereikt door het conserveren en tentoonstellen van een groot aantal archeologische voorwerpen die in de regio zijn gevonden, waardoor bezoekers een waardevol beeld van het verleden krijgen. Daarnaast stelt de publicatie van een schat aan onderzoekswerk, tentoonstellingscatalogi en boeken ons in staat om het [&hellip;]","og_url":"http:\/\/museedumalgretout.be\/asbl-cedarc\/","og_site_name":"Mus\u00e9e du Malgr\u00e9-Tout - Art et Arch\u00e9ologie","article_modified_time":"2025-02-26T10:25:07+00:00","twitter_card":"summary_large_image","twitter_misc":{"Geschatte leestijd":"6 minuten"},"schema":{"@context":"https:\/\/schema.org","@graph":[{"@type":"WebPage","@id":"http:\/\/museedumalgretout.be\/asbl-cedarc\/","url":"http:\/\/museedumalgretout.be\/asbl-cedarc\/","name":"VZW Cedarc - Mus\u00e9e du Malgr\u00e9-Tout - Art et Arch\u00e9ologie","isPartOf":{"@id":"http:\/\/museedumalgretout.be\/#website"},"datePublished":"2024-11-05T12:48:51+00:00","dateModified":"2025-02-26T10:25:07+00:00","breadcrumb":{"@id":"http:\/\/museedumalgretout.be\/asbl-cedarc\/#breadcrumb"},"inLanguage":"nl-NL","potentialAction":[{"@type":"ReadAction","target":["http:\/\/museedumalgretout.be\/asbl-cedarc\/"]}]},{"@type":"BreadcrumbList","@id":"http:\/\/museedumalgretout.be\/asbl-cedarc\/#breadcrumb","itemListElement":[{"@type":"ListItem","position":1,"name":"Accueil","item":"https:\/\/museedumalgretout.be\/nl\/"},{"@type":"ListItem","position":2,"name":"VZW Cedarc"}]},{"@type":"WebSite","@id":"http:\/\/museedumalgretout.be\/#website","url":"http:\/\/museedumalgretout.be\/","name":"Mus\u00e9e du Malgr\u00e9-Tout - Art et Arch\u00e9ologie","description":"Arch\u00e9ologie r\u00e9gionale et plus g\u00e9n\u00e9rale de la Pr\u00e9histoire \u00e0 l&#039;Antiquit\u00e9.","potentialAction":[{"@type":"SearchAction","target":{"@type":"EntryPoint","urlTemplate":"http:\/\/museedumalgretout.be\/?s={search_term_string}"},"query-input":{"@type":"PropertyValueSpecification","valueRequired":true,"valueName":"search_term_string"}}],"inLanguage":"nl-NL"}]}},"_links":{"self":[{"href":"https:\/\/museedumalgretout.be\/nl\/wp-json\/wp\/v2\/pages\/1786","targetHints":{"allow":["GET"]}}],"collection":[{"href":"https:\/\/museedumalgretout.be\/nl\/wp-json\/wp\/v2\/pages"}],"about":[{"href":"https:\/\/museedumalgretout.be\/nl\/wp-json\/wp\/v2\/types\/page"}],"author":[{"embeddable":true,"href":"https:\/\/museedumalgretout.be\/nl\/wp-json\/wp\/v2\/users\/1"}],"replies":[{"embeddable":true,"href":"https:\/\/museedumalgretout.be\/nl\/wp-json\/wp\/v2\/comments?post=1786"}],"version-history":[{"count":3,"href":"https:\/\/museedumalgretout.be\/nl\/wp-json\/wp\/v2\/pages\/1786\/revisions"}],"predecessor-version":[{"id":2142,"href":"https:\/\/museedumalgretout.be\/nl\/wp-json\/wp\/v2\/pages\/1786\/revisions\/2142"}],"wp:attachment":[{"href":"https:\/\/museedumalgretout.be\/nl\/wp-json\/wp\/v2\/media?parent=1786"}],"curies":[{"name":"wp","href":"https:\/\/api.w.org\/{rel}","templated":true}]}}