{"id":1760,"date":"2024-11-05T15:51:42","date_gmt":"2024-11-05T14:51:42","guid":{"rendered":"https:\/\/museedumalgretout.be\/het-prehistorisch-park\/"},"modified":"2025-02-26T10:24:36","modified_gmt":"2025-02-26T09:24:36","slug":"het-prehistorisch-park","status":"publish","type":"page","link":"https:\/\/museedumalgretout.be\/nl\/het-prehistorisch-park\/","title":{"rendered":"Het Prehistorisch Park"},"content":{"rendered":"<p>[et_pb_section fb_built=&#8221;1&#8243; _builder_version=&#8221;4.27.2&#8243; _module_preset=&#8221;default&#8221; background_image=&#8221;http:\/\/museedumalgretout.be\/wp-content\/uploads\/2024\/10\/Musee-Archeologie-Namur-scaled.jpg&#8221; custom_padding=&#8221;30px||30px||true|false&#8221; global_colors_info=&#8221;{}&#8221;][et_pb_row make_equal=&#8221;on&#8221; _builder_version=&#8221;4.27.4&#8243; _module_preset=&#8221;default&#8221; max_width=&#8221;80%&#8221; custom_padding=&#8221;0px||0px||true|false&#8221; hover_enabled=&#8221;0&#8243; global_colors_info=&#8221;{}&#8221; width_last_edited=&#8221;on|phone&#8221; width_phone=&#8221;85%&#8221; max_width_last_edited=&#8221;on|phone&#8221; max_width_phone=&#8221;85%&#8221; sticky_enabled=&#8221;0&#8243; max_width_tablet=&#8221;80%&#8221;][et_pb_column type=&#8221;4_4&#8243; _builder_version=&#8221;4.27.4&#8243; _module_preset=&#8221;default&#8221; background_enable_color=&#8221;off&#8221; custom_padding=&#8221;50px|50px|50px|50px|true|true&#8221; hover_enabled=&#8221;0&#8243; global_colors_info=&#8221;{}&#8221; custom_padding_last_edited=&#8221;on|phone&#8221; custom_padding_phone=&#8221;30px|5px|30px|5px|true|true&#8221; sticky_enabled=&#8221;0&#8243; custom_padding_tablet=&#8221;50px|50px|50px|50px|true|true&#8221;][et_pb_text _builder_version=&#8221;4.27.2&#8243; _module_preset=&#8221;default&#8221; text_text_color=&#8221;#252930&#8243; header_font=&#8221;|800|||||||&#8221; header_text_color=&#8221;#FFFFFF&#8221; header_font_size=&#8221;40px&#8221; header_line_height=&#8221;1.1em&#8221; custom_margin=&#8221;||20px|||&#8221; global_colors_info=&#8221;{}&#8221;]<\/p>\n<h1 style=\"text-align: center;\">Het Prehistorisch Park<\/h1>\n<p>[\/et_pb_text][et_pb_divider color=&#8221;#BA2320&#8243; divider_weight=&#8221;6px&#8221; _builder_version=&#8221;4.27.4&#8243; _module_preset=&#8221;default&#8221; width=&#8221;38%&#8221; module_alignment=&#8221;center&#8221; hover_enabled=&#8221;0&#8243; global_colors_info=&#8221;{}&#8221; width_last_edited=&#8221;on|phone&#8221; width_phone=&#8221;75%&#8221; sticky_enabled=&#8221;0&#8243; width_tablet=&#8221;38%&#8221;][\/et_pb_divider][\/et_pb_column][\/et_pb_row][\/et_pb_section][et_pb_section fb_built=&#8221;1&#8243; _builder_version=&#8221;4.27.2&#8243; _module_preset=&#8221;default&#8221; background_color=&#8221;#252930&#8243; custom_padding=&#8221;10px||10px||true|false&#8221; global_colors_info=&#8221;{}&#8221;][et_pb_row _builder_version=&#8221;4.27.2&#8243; _module_preset=&#8221;default&#8221; width=&#8221;90%&#8221; max_width=&#8221;90%&#8221; custom_padding=&#8221;5px||5px||true|false&#8221; global_colors_info=&#8221;{}&#8221;][et_pb_column type=&#8221;4_4&#8243; _builder_version=&#8221;4.27.2&#8243; _module_preset=&#8221;default&#8221; global_colors_info=&#8221;{}&#8221;][dsm_breadcrumbs home_text=&#8221;Onze tentoonstellingen&#8221; use_custom_home_url_link=&#8221;on&#8221; home_url_link=&#8221;#&#8221; show_home_icon=&#8221;off&#8221; separator_icon=&#8221;&#xf0da;||fa||900&#8243; items_bg_color=&#8221;RGBA(255,255,255,0)&#8221; current_bg_color=&#8221;RGBA(255,255,255,0)&#8221; items_padding=&#8221;0px|20px|0px|0px|false|false&#8221; current_padding=&#8221;0px|0px|0px|20px|false|false&#8221; _builder_version=&#8221;4.27.4&#8243; _module_preset=&#8221;default&#8221; items_font=&#8221;|||on|||||&#8221; items_text_color=&#8221;#FFFFFF&#8221; items_font_size=&#8221;18px&#8221; separators_text_color=&#8221;#BA2320&#8243; separators_font_size=&#8221;30px&#8221; current_font=&#8221;|||on|||||&#8221; current_text_color=&#8221;#FFFFFF&#8221; current_font_size=&#8221;18px&#8221; hover_enabled=&#8221;0&#8243; global_colors_info=&#8221;{}&#8221; items_padding_last_edited=&#8221;on|phone&#8221; items_padding_phone=&#8221;0px|10px|0px|0px|false|false&#8221; items_font_size_last_edited=&#8221;on|phone&#8221; items_font_size_phone=&#8221;16px&#8221; current_padding_last_edited=&#8221;on|phone&#8221; current_padding_phone=&#8221;0px|0px|0px|10px|false|false&#8221; current_font_size_last_edited=&#8221;on|phone&#8221; current_font_size_phone=&#8221;16px&#8221; sticky_enabled=&#8221;0&#8243; items_padding_tablet=&#8221;0px|20px|0px|0px|false|false&#8221; items_font_size_tablet=&#8221;18px&#8221; current_padding_tablet=&#8221;0px|0px|0px|20px|false|false&#8221; current_font_size_tablet=&#8221;18px&#8221;][\/dsm_breadcrumbs][\/et_pb_column][\/et_pb_row][\/et_pb_section][et_pb_section fb_built=&#8221;1&#8243; _builder_version=&#8221;4.27.2&#8243; _module_preset=&#8221;default&#8221; background_color=&#8221;#FFFFFF&#8221; global_colors_info=&#8221;{}&#8221;][et_pb_row column_structure=&#8221;1_2,1_2&#8243; use_custom_gutter=&#8221;on&#8221; make_equal=&#8221;on&#8221; _builder_version=&#8221;4.27.4&#8243; _module_preset=&#8221;default&#8221; max_width=&#8221;80%&#8221; custom_css_main_element=&#8221;align-items:center;||display:flex;&#8221; global_colors_info=&#8221;{}&#8221; custom_css_main_element_last_edited=&#8221;on|phone&#8221; custom_css_main_element_phone=&#8221;align-items:center;||display:inline;&#8221; custom_css_main_element_tablet=&#8221;align-items:center;||display:flex;&#8221;][et_pb_column type=&#8221;1_2&#8243; _builder_version=&#8221;4.27.4&#8243; _module_preset=&#8221;default&#8221; hover_enabled=&#8221;0&#8243; global_colors_info=&#8221;{}&#8221; custom_padding_last_edited=&#8221;on|phone&#8221; custom_padding_phone=&#8221;|30px||30px|false|true&#8221; sticky_enabled=&#8221;0&#8243;][et_pb_image src=&#8221;http:\/\/museedumalgretout.be\/wp-content\/uploads\/2024\/11\/Parc-prehistorique-Treignes-scaled.jpg&#8221; title_text=&#8221;Prehistorisch park van Treignes&#8221; _builder_version=&#8221;4.27.2&#8243; _module_preset=&#8221;default&#8221; animation_style=&#8221;slide&#8221; animation_direction=&#8221;left&#8221; animation_duration=&#8221;1500ms&#8221; global_colors_info=&#8221;{}&#8221;][\/et_pb_image][\/et_pb_column][et_pb_column type=&#8221;1_2&#8243; _builder_version=&#8221;4.27.4&#8243; _module_preset=&#8221;default&#8221; hover_enabled=&#8221;0&#8243; global_colors_info=&#8221;{}&#8221; custom_padding_last_edited=&#8221;on|phone&#8221; custom_padding_phone=&#8221;|30px||30px|false|true&#8221; sticky_enabled=&#8221;0&#8243;][et_pb_text _builder_version=&#8221;4.27.2&#8243; _module_preset=&#8221;default&#8221; header_2_font=&#8221;|800|||||||&#8221; header_2_font_size=&#8221;32px&#8221; header_2_line_height=&#8221;1.2em&#8221; custom_margin=&#8221;||35px|||&#8221; global_colors_info=&#8221;{}&#8221;]<\/p>\n<h2 style=\"text-align: left;\"><span>Overblijfselen en habitats van de eerste volkeren in het Parc de la Pr\u00e9histoire<\/span><\/h2>\n<p>[\/et_pb_text][et_pb_text _builder_version=&#8221;4.27.4&#8243; _module_preset=&#8221;default&#8221; global_colors_info=&#8221;{}&#8221;]<\/p>\n<p>De jager-verzamelaars uit de prehistorie, nomadisch of semi-sedentair, lieten een veelheid aan overblijfselen achter, waaronder sporen van woningen. Deze zijn vaak onduidelijk en moeilijk te interpreteren. Ze omvatten wigstenen die werden gebruikt om een tent tegen de grond te houden, bestrating, ingestorte &#8216;muren&#8217; en daken.  <\/p>\n<p>Het is vooral door een <span style=\"color: #ba2320;\"><strong>opeenstapeling van voorwerpen in een min of meer<\/strong><\/span> soms met een stapel resten op de plaats van de muren, kunnen we het bestaan van een prehistorische habitat vermoeden.<\/p>\n<p>Met de best bewaarde overblijfselen kunnen prehistorici zich een voorstelling maken van deze vroege gebouwen. Hun plattegronden suggereren een of meer mogelijke vormen. <\/p>\n<p>Door ze te vergelijken met etnografische voorbeelden van woningen van nomadische of semi-sedentaire volkeren uit de 19e en 20e eeuw, is het mogelijk om reconstructies voor te stellen en een voorstelling te maken van het verdwenen meubilair.<\/p>\n<p><span style=\"color: #ba2320;\"><strong>Gelegen aan de achterkant van het museum<\/strong><\/span>Wat je zult zien in <span style=\"color: #ba2320;\"><strong>het park van de prehistorie<\/strong><\/span> moet eerder gezien worden als evocaties dan als reconstructies: het onbekende, en dus het imaginaire, speelt een aanzienlijke rol&#8230;<\/p>\n<p>[\/et_pb_text][\/et_pb_column][\/et_pb_row][\/et_pb_section][et_pb_section fb_built=&#8221;1&#8243; _builder_version=&#8221;4.27.4&#8243; _module_preset=&#8221;default&#8221; background_color=&#8221;#EBECF0&#8243; hover_enabled=&#8221;0&#8243; global_colors_info=&#8221;{}&#8221; custom_padding_last_edited=&#8221;on|phone&#8221; custom_padding_phone=&#8221;35px||||false|false&#8221; sticky_enabled=&#8221;0&#8243;][et_pb_row column_structure=&#8221;1_2,1_2&#8243; use_custom_gutter=&#8221;on&#8221; make_equal=&#8221;on&#8221; _builder_version=&#8221;4.27.2&#8243; _module_preset=&#8221;default&#8221; max_width=&#8221;80%&#8221; global_colors_info=&#8221;{}&#8221;][et_pb_column type=&#8221;1_2&#8243; _builder_version=&#8221;4.27.2&#8243; _module_preset=&#8221;default&#8221; global_colors_info=&#8221;{}&#8221;][et_pb_text _builder_version=&#8221;4.27.2&#8243; _module_preset=&#8221;default&#8221; header_2_font=&#8221;|800|||||||&#8221; header_2_font_size=&#8221;32px&#8221; header_2_line_height=&#8221;1.2em&#8221; custom_margin=&#8221;||35px|||&#8221; global_colors_info=&#8221;{}&#8221;]<\/p>\n<h2 style=\"text-align: left;\">De eerste prehistorische nederzettingen in Europa<\/h2>\n<p>[\/et_pb_text][et_pb_text _builder_version=&#8221;4.27.2&#8243; _module_preset=&#8221;default&#8221; custom_margin=&#8221;||50px|||&#8221; global_colors_info=&#8221;{}&#8221;]<\/p>\n<p>Van de eerste bewoners van Europa (Homo erectus) tot de Cro-Magnon mens (Homo sapiens) nodigen we je uit om de woningen van deze voorlopers van de architectuur te ontdekken.<\/p>\n<p>Het Prehistorie Park, gewijd aan de<span style=\"color: #ba2320;\"><strong> openluchtgebouwen van prehistorische jager-verzamelaars<\/strong><\/span> heeft zes voorbeelden van paleolithische woningen. Het gaat om Pont-de-Lavaud in Eguzon (Indre, 1.200.000 BP), Cerisier (Dordogne, 18.000 BP), M\u00e9ziritch (Oekra\u00efne, 16.000 BP), Plateau Parrain (Dordogne, 15.500 BP), G\u00f6nnersdorf (Rijnland, 12.700 BP) en Closeau (Hauts-de-Seine, 12.500 BP). <\/p>\n<p>Tijdens de zomer kun je het geluk hebben ons team te zien werken aan de reconstructie van de nederzettingen G\u00f6nnersdorf en Pont de Lavaud. Le Closeau is al herbouwd tijdens het Archeologiefestival van 2016. <\/p>\n<p>[\/et_pb_text][et_pb_button button_url=&#8221;https:\/\/museedumalgretout.be\/nl\/dienstregelingen-prijzen\/&#8221; button_text=&#8221;Ontdek het museum&#8221; button_alignment=&#8221;left&#8221; _builder_version=&#8221;4.27.4&#8243; _module_preset=&#8221;default&#8221; custom_button=&#8221;on&#8221; button_text_size=&#8221;16px&#8221; button_text_color=&#8221;#FFFFFF&#8221; button_bg_color=&#8221;#BA2320&#8243; button_border_width=&#8221;2px&#8221; button_border_color=&#8221;#BA2320&#8243; button_border_radius=&#8221;0px&#8221; button_font=&#8221;|||on|||||&#8221; button_use_icon=&#8221;off&#8221; custom_padding=&#8221;|30px||30px|false|true&#8221; global_colors_info=&#8221;{}&#8221; button_border_width__hover_enabled=&#8221;on|hover&#8221; button_border_width__hover=&#8221;2px&#8221; button_text_color__hover_enabled=&#8221;on|hover&#8221; button_text_color__hover=&#8221;#BA2320&#8243; button_bg_color__hover_enabled=&#8221;on|hover&#8221; button_bg_color__hover=&#8221;#FFFFFF&#8221; button_bg_enable_color__hover=&#8221;on&#8221; button_border_color__hover_enabled=&#8221;on|hover&#8221; button_border_color__hover=&#8221;#BA2320&#8243; button_text_size__hover_enabled=&#8221;on|hover&#8221; button_text_size__hover=&#8221;16px&#8221;][\/et_pb_button][\/et_pb_column][et_pb_column type=&#8221;1_2&#8243; _builder_version=&#8221;4.27.2&#8243; _module_preset=&#8221;default&#8221; global_colors_info=&#8221;{}&#8221;][et_pb_image src=&#8221;http:\/\/museedumalgretout.be\/wp-content\/uploads\/2024\/11\/Maison-de-la-prehistoire-Province-de-Namur-scaled.jpg&#8221; title_text=&#8221;Huis van de Prehistorie Provincie Namen&#8221; _builder_version=&#8221;4.27.4&#8243; _module_preset=&#8221;default&#8221; animation_style=&#8221;slide&#8221; animation_direction=&#8221;right&#8221; animation_duration=&#8221;1500ms&#8221; hover_enabled=&#8221;0&#8243; global_colors_info=&#8221;{}&#8221; custom_margin_last_edited=&#8221;on|phone&#8221; custom_margin_phone=&#8221;35px||||false|false&#8221; sticky_enabled=&#8221;0&#8243;][\/et_pb_image][\/et_pb_column][\/et_pb_row][\/et_pb_section]<\/p>\n","protected":false},"excerpt":{"rendered":"<p>Het Prehistorisch Park<div class=\"et_pb_module dsm_breadcrumbs dsm_breadcrumbs_0\">\n\t\t\t\t\n\t\t\t\t\n\t\t\t\t\n\t\t\t\t\n\t\t\t\t\n\t\t\t\t\n\t\t\t\t<div class=\"et_pb_module_inner\">\n\t\t\t\t\t<nav class=\"dsm_breadcrumbs_wrap\">\n\t\t\t\t<ul class=\"dsm_breadcrumbs\" itemscope itemtype=\"https:\/\/schema.org\/BreadcrumbList\">\t\t\t<li class=\"dsm_breadcrumbs_item dsm_home_item dsm_home_item_custom\" itemprop=\"itemListElement\" itemscope\n\t\t\titemtype=\"https:\/\/schema.org\/ListItem\">\n\t\t\t\t<a href=\"#\" itemprop=\"item\" target=\"\">\n\t\t\t\t\t<span class='dsm_home_text_wrapper'>\n\t\t\t\t\t\t\t\t\t\t\t\t\t<span class=\"dsm_home_text\" itemprop=\"name\">\n\t\t\t\t\t\t\t\tOnze tentoonstellingen\t\t\t\t\t\t\t<\/span>\n\t\t\t\t\t<\/span>\n\t\t\t\t<\/a>\n\t\t\t\t<meta itemprop=\"position\" content=\"1\" \/>\n\t\t\t<\/li>\n\n\t\t<li class=\"dsm_breadcrumbs_separator\"> <span class=\"et-pb-icon dsm_separator_icon\">&#xf0da;<\/span><\/li><\/ul>\n\t\t\t<\/nav>\n\t\t\t\t<\/div>\n\t\t\t<\/div>Overblijfselen en habitats van de eerste volkeren in het Parc de la Pr\u00e9histoireDe jager-verzamelaars uit de prehistorie, nomadisch of semi-sedentair, lieten een veelheid aan overblijfselen achter, waaronder sporen van woningen. Deze zijn vaak onduidelijk en moeilijk te interpreteren. Ze omvatten wigstenen die werden gebruikt om een tent tegen de grond te houden, bestrating, ingestorte &#8216;muren&#8217; en daken. Het is vooral door een opeenstapeling van voorwerpen in een min of meer soms met een stapel resten op de plaats van de muren, kunnen we het bestaan van een prehistorische habitat vermoeden. Met de best bewaarde overblijfselen kunnen prehistorici zich een voorstelling maken van deze vroege gebouwen. Hun plattegronden suggereren een of meer mogelijke vormen. Door ze te vergelijken met etnografische voorbeelden van woningen van nomadische of semi-sedentaire volkeren uit de 19e en 20e eeuw, is het mogelijk om reconstructies voor te stellen en een voorstelling te maken van het verdwenen meubilair. Gelegen aan de achterkant van het museumWat je zult zien in het park [&hellip;]<\/p>\n","protected":false},"author":1,"featured_media":0,"parent":0,"menu_order":0,"comment_status":"closed","ping_status":"closed","template":"","meta":{"_et_pb_use_builder":"on","_et_pb_old_content":"","_et_gb_content_width":"","_monsterinsights_skip_tracking":false,"_monsterinsights_sitenote_active":false,"_monsterinsights_sitenote_note":"","_monsterinsights_sitenote_category":0,"_price":"","_stock":"","_tribe_ticket_header":"","_tribe_default_ticket_provider":"","_ticket_start_date":"","_ticket_end_date":"","_tribe_ticket_show_description":"","_tribe_ticket_show_not_going":false,"_tribe_ticket_use_global_stock":"","_tribe_ticket_global_stock_level":"","_global_stock_mode":"","_global_stock_cap":"","_tribe_rsvp_for_event":"","_tribe_ticket_going_count":"","_tribe_ticket_not_going_count":"","_tribe_tickets_list":"[]","_tribe_ticket_has_attendee_info_fields":false,"footnotes":""},"class_list":["post-1760","page","type-page","status-publish","hentry"],"yoast_head":"<!-- This site is optimized with the Yoast SEO plugin v24.9 - https:\/\/yoast.com\/wordpress\/plugins\/seo\/ -->\n<title>Het Prehistorisch Park - Mus\u00e9e du Malgr\u00e9-Tout - Art et Arch\u00e9ologie<\/title>\n<meta name=\"robots\" content=\"index, follow, max-snippet:-1, max-image-preview:large, max-video-preview:-1\" \/>\n<link rel=\"canonical\" href=\"http:\/\/museedumalgretout.be\/nl\/het-prehistorisch-park\/\" \/>\n<meta property=\"og:locale\" content=\"nl_NL\" \/>\n<meta property=\"og:type\" content=\"article\" \/>\n<meta property=\"og:title\" content=\"Het Prehistorisch Park - Mus\u00e9e du Malgr\u00e9-Tout - Art et Arch\u00e9ologie\" \/>\n<meta property=\"og:description\" content=\"Het Prehistorisch ParkOverblijfselen en habitats van de eerste volkeren in het Parc de la Pr\u00e9histoireDe jager-verzamelaars uit de prehistorie, nomadisch of semi-sedentair, lieten een veelheid aan overblijfselen achter, waaronder sporen van woningen. Deze zijn vaak onduidelijk en moeilijk te interpreteren. Ze omvatten wigstenen die werden gebruikt om een tent tegen de grond te houden, bestrating, ingestorte &#039;muren&#039; en daken. Het is vooral door een opeenstapeling van voorwerpen in een min of meer soms met een stapel resten op de plaats van de muren, kunnen we het bestaan van een prehistorische habitat vermoeden. Met de best bewaarde overblijfselen kunnen prehistorici zich een voorstelling maken van deze vroege gebouwen. Hun plattegronden suggereren een of meer mogelijke vormen. Door ze te vergelijken met etnografische voorbeelden van woningen van nomadische of semi-sedentaire volkeren uit de 19e en 20e eeuw, is het mogelijk om reconstructies voor te stellen en een voorstelling te maken van het verdwenen meubilair. Gelegen aan de achterkant van het museumWat je zult zien in het park [&hellip;]\" \/>\n<meta property=\"og:url\" content=\"http:\/\/museedumalgretout.be\/nl\/het-prehistorisch-park\/\" \/>\n<meta property=\"og:site_name\" content=\"Mus\u00e9e du Malgr\u00e9-Tout - Art et Arch\u00e9ologie\" \/>\n<meta property=\"article:modified_time\" content=\"2025-02-26T09:24:36+00:00\" \/>\n<meta name=\"twitter:card\" content=\"summary_large_image\" \/>\n<meta name=\"twitter:label1\" content=\"Geschatte leestijd\" \/>\n\t<meta name=\"twitter:data1\" content=\"6 minuten\" \/>\n<script type=\"application\/ld+json\" class=\"yoast-schema-graph\">{\"@context\":\"https:\/\/schema.org\",\"@graph\":[{\"@type\":\"WebPage\",\"@id\":\"http:\/\/museedumalgretout.be\/nl\/het-prehistorisch-park\/\",\"url\":\"http:\/\/museedumalgretout.be\/nl\/het-prehistorisch-park\/\",\"name\":\"Het Prehistorisch Park - Mus\u00e9e du Malgr\u00e9-Tout - Art et Arch\u00e9ologie\",\"isPartOf\":{\"@id\":\"https:\/\/museedumalgretout.be\/#website\"},\"datePublished\":\"2024-11-05T14:51:42+00:00\",\"dateModified\":\"2025-02-26T09:24:36+00:00\",\"breadcrumb\":{\"@id\":\"http:\/\/museedumalgretout.be\/nl\/het-prehistorisch-park\/#breadcrumb\"},\"inLanguage\":\"nl-NL\",\"potentialAction\":[{\"@type\":\"ReadAction\",\"target\":[\"http:\/\/museedumalgretout.be\/nl\/het-prehistorisch-park\/\"]}]},{\"@type\":\"BreadcrumbList\",\"@id\":\"http:\/\/museedumalgretout.be\/nl\/het-prehistorisch-park\/#breadcrumb\",\"itemListElement\":[{\"@type\":\"ListItem\",\"position\":1,\"name\":\"Accueil\",\"item\":\"https:\/\/museedumalgretout.be\/nl\/\"},{\"@type\":\"ListItem\",\"position\":2,\"name\":\"Het Prehistorisch Park\"}]},{\"@type\":\"WebSite\",\"@id\":\"https:\/\/museedumalgretout.be\/#website\",\"url\":\"https:\/\/museedumalgretout.be\/\",\"name\":\"Mus\u00e9e du Malgr\u00e9-Tout - Art et Arch\u00e9ologie\",\"description\":\"Arch\u00e9ologie r\u00e9gionale et plus g\u00e9n\u00e9rale de la Pr\u00e9histoire \u00e0 l&#039;Antiquit\u00e9.\",\"potentialAction\":[{\"@type\":\"SearchAction\",\"target\":{\"@type\":\"EntryPoint\",\"urlTemplate\":\"https:\/\/museedumalgretout.be\/?s={search_term_string}\"},\"query-input\":{\"@type\":\"PropertyValueSpecification\",\"valueRequired\":true,\"valueName\":\"search_term_string\"}}],\"inLanguage\":\"nl-NL\"}]}<\/script>\n<!-- \/ Yoast SEO plugin. -->","yoast_head_json":{"title":"Het Prehistorisch Park - Mus\u00e9e du Malgr\u00e9-Tout - Art et Arch\u00e9ologie","robots":{"index":"index","follow":"follow","max-snippet":"max-snippet:-1","max-image-preview":"max-image-preview:large","max-video-preview":"max-video-preview:-1"},"canonical":"http:\/\/museedumalgretout.be\/nl\/het-prehistorisch-park\/","og_locale":"nl_NL","og_type":"article","og_title":"Het Prehistorisch Park - Mus\u00e9e du Malgr\u00e9-Tout - Art et Arch\u00e9ologie","og_description":"Het Prehistorisch ParkOverblijfselen en habitats van de eerste volkeren in het Parc de la Pr\u00e9histoireDe jager-verzamelaars uit de prehistorie, nomadisch of semi-sedentair, lieten een veelheid aan overblijfselen achter, waaronder sporen van woningen. Deze zijn vaak onduidelijk en moeilijk te interpreteren. Ze omvatten wigstenen die werden gebruikt om een tent tegen de grond te houden, bestrating, ingestorte 'muren' en daken. Het is vooral door een opeenstapeling van voorwerpen in een min of meer soms met een stapel resten op de plaats van de muren, kunnen we het bestaan van een prehistorische habitat vermoeden. Met de best bewaarde overblijfselen kunnen prehistorici zich een voorstelling maken van deze vroege gebouwen. Hun plattegronden suggereren een of meer mogelijke vormen. Door ze te vergelijken met etnografische voorbeelden van woningen van nomadische of semi-sedentaire volkeren uit de 19e en 20e eeuw, is het mogelijk om reconstructies voor te stellen en een voorstelling te maken van het verdwenen meubilair. Gelegen aan de achterkant van het museumWat je zult zien in het park [&hellip;]","og_url":"http:\/\/museedumalgretout.be\/nl\/het-prehistorisch-park\/","og_site_name":"Mus\u00e9e du Malgr\u00e9-Tout - Art et Arch\u00e9ologie","article_modified_time":"2025-02-26T09:24:36+00:00","twitter_card":"summary_large_image","twitter_misc":{"Geschatte leestijd":"6 minuten"},"schema":{"@context":"https:\/\/schema.org","@graph":[{"@type":"WebPage","@id":"http:\/\/museedumalgretout.be\/nl\/het-prehistorisch-park\/","url":"http:\/\/museedumalgretout.be\/nl\/het-prehistorisch-park\/","name":"Het Prehistorisch Park - Mus\u00e9e du Malgr\u00e9-Tout - Art et Arch\u00e9ologie","isPartOf":{"@id":"https:\/\/museedumalgretout.be\/#website"},"datePublished":"2024-11-05T14:51:42+00:00","dateModified":"2025-02-26T09:24:36+00:00","breadcrumb":{"@id":"http:\/\/museedumalgretout.be\/nl\/het-prehistorisch-park\/#breadcrumb"},"inLanguage":"nl-NL","potentialAction":[{"@type":"ReadAction","target":["http:\/\/museedumalgretout.be\/nl\/het-prehistorisch-park\/"]}]},{"@type":"BreadcrumbList","@id":"http:\/\/museedumalgretout.be\/nl\/het-prehistorisch-park\/#breadcrumb","itemListElement":[{"@type":"ListItem","position":1,"name":"Accueil","item":"https:\/\/museedumalgretout.be\/nl\/"},{"@type":"ListItem","position":2,"name":"Het Prehistorisch Park"}]},{"@type":"WebSite","@id":"https:\/\/museedumalgretout.be\/#website","url":"https:\/\/museedumalgretout.be\/","name":"Mus\u00e9e du Malgr\u00e9-Tout - Art et Arch\u00e9ologie","description":"Arch\u00e9ologie r\u00e9gionale et plus g\u00e9n\u00e9rale de la Pr\u00e9histoire \u00e0 l&#039;Antiquit\u00e9.","potentialAction":[{"@type":"SearchAction","target":{"@type":"EntryPoint","urlTemplate":"https:\/\/museedumalgretout.be\/?s={search_term_string}"},"query-input":{"@type":"PropertyValueSpecification","valueRequired":true,"valueName":"search_term_string"}}],"inLanguage":"nl-NL"}]}},"_links":{"self":[{"href":"https:\/\/museedumalgretout.be\/nl\/wp-json\/wp\/v2\/pages\/1760","targetHints":{"allow":["GET"]}}],"collection":[{"href":"https:\/\/museedumalgretout.be\/nl\/wp-json\/wp\/v2\/pages"}],"about":[{"href":"https:\/\/museedumalgretout.be\/nl\/wp-json\/wp\/v2\/types\/page"}],"author":[{"embeddable":true,"href":"https:\/\/museedumalgretout.be\/nl\/wp-json\/wp\/v2\/users\/1"}],"replies":[{"embeddable":true,"href":"https:\/\/museedumalgretout.be\/nl\/wp-json\/wp\/v2\/comments?post=1760"}],"version-history":[{"count":14,"href":"https:\/\/museedumalgretout.be\/nl\/wp-json\/wp\/v2\/pages\/1760\/revisions"}],"predecessor-version":[{"id":2061,"href":"https:\/\/museedumalgretout.be\/nl\/wp-json\/wp\/v2\/pages\/1760\/revisions\/2061"}],"wp:attachment":[{"href":"https:\/\/museedumalgretout.be\/nl\/wp-json\/wp\/v2\/media?parent=1760"}],"curies":[{"name":"wp","href":"https:\/\/api.w.org\/{rel}","templated":true}]}}