{"id":1689,"date":"2024-09-11T08:27:48","date_gmt":"2024-09-11T06:27:48","guid":{"rendered":"https:\/\/museedumalgretout.be\/voorbeeldpagina\/"},"modified":"2025-02-25T12:38:57","modified_gmt":"2025-02-25T11:38:57","slug":"voorbeeldpagina","status":"publish","type":"page","link":"https:\/\/museedumalgretout.be\/nl\/voorbeeldpagina\/","title":{"rendered":"Voorbeeldpagina"},"content":{"rendered":"\n<p>Dit is een voorbeeldpagina. Ze verschilt van een blogbericht omdat ze op \u00e9\u00e9n plaats blijft en in de navigatie van je site verschijnt (in de meeste thema&#8217;s). De meeste mensen beginnen met een Over pagina die hen voorstelt aan potenti\u00eble sitebezoekers. Het zou zoiets kunnen zeggen als dit:   <\/p>\n\n<blockquote class=\"wp-block-quote is-layout-flow wp-block-quote-is-layout-flow\"><p>Hallo! Ik ben overdag fietskoerier, &#8217;s nachts aspirant-acteur en dit is mijn website. Ik woon in Los Angeles, heb een geweldige hond die Jack heet en hou van pi\u00f1a colada&#8217;s (en in de regen staan).   <\/p><\/blockquote>\n\n<p>&#8230;of zoiets:<\/p>\n\n<blockquote class=\"wp-block-quote is-layout-flow wp-block-quote-is-layout-flow\"><p>De XYZ Doohickey Company werd opgericht in 1971 en heeft sindsdien doohickeys van hoge kwaliteit geleverd aan het publiek. XYZ is gevestigd in Gotham City, heeft meer dan 2000 mensen in dienst en doet allerlei geweldige dingen voor de Gotham-gemeenschap. <\/p><\/blockquote>\n\n<p>Als nieuwe WordPress gebruiker moet je naar <a href=\"https:\/\/museedumalgretout.be\/wp-admin\/\">je dashboard<\/a> gaan om deze pagina te verwijderen en nieuwe pagina&#8217;s te maken voor je inhoud. Veel plezier! <\/p>\n","protected":false},"excerpt":{"rendered":"<p>Dit is een voorbeeldpagina. Ze verschilt van een blogbericht omdat ze op \u00e9\u00e9n plaats blijft en in de navigatie van je site verschijnt (in de meeste thema&#8217;s). De meeste mensen [&hellip;]<\/p>\n","protected":false},"author":1,"featured_media":0,"parent":0,"menu_order":0,"comment_status":"closed","ping_status":"open","template":"","meta":{"_et_pb_use_builder":"","_et_pb_old_content":"","_et_gb_content_width":"","_monsterinsights_skip_tracking":false,"_monsterinsights_sitenote_active":false,"_monsterinsights_sitenote_note":"","_monsterinsights_sitenote_category":0,"_price":"","_stock":"","_tribe_ticket_header":"","_tribe_default_ticket_provider":"","_ticket_start_date":"","_ticket_end_date":"","_tribe_ticket_show_description":"","_tribe_ticket_show_not_going":false,"_tribe_ticket_use_global_stock":"","_tribe_ticket_global_stock_level":"","_global_stock_mode":"","_global_stock_cap":"","_tribe_rsvp_for_event":"","_tribe_ticket_going_count":"","_tribe_ticket_not_going_count":"","_tribe_tickets_list":"[]","_tribe_ticket_has_attendee_info_fields":false,"footnotes":""},"class_list":["post-1689","page","type-page","status-publish","hentry"],"yoast_head":"<!-- This site is optimized with the Yoast SEO plugin v24.9 - https:\/\/yoast.com\/wordpress\/plugins\/seo\/ -->\n<title>Voorbeeldpagina - Mus\u00e9e du Malgr\u00e9-Tout - Art et Arch\u00e9ologie<\/title>\n<meta name=\"robots\" content=\"index, follow, max-snippet:-1, max-image-preview:large, max-video-preview:-1\" \/>\n<link rel=\"canonical\" href=\"http:\/\/museedumalgretout.be\/nl\/voorbeeldpagina\/\" \/>\n<meta property=\"og:locale\" content=\"nl_NL\" \/>\n<meta property=\"og:type\" content=\"article\" \/>\n<meta property=\"og:title\" content=\"Voorbeeldpagina - Mus\u00e9e du Malgr\u00e9-Tout - Art et Arch\u00e9ologie\" \/>\n<meta property=\"og:description\" content=\"Dit is een voorbeeldpagina. Ze verschilt van een blogbericht omdat ze op \u00e9\u00e9n plaats blijft en in de navigatie van je site verschijnt (in de meeste thema&#8217;s). De meeste mensen [&hellip;]\" \/>\n<meta property=\"og:url\" content=\"http:\/\/museedumalgretout.be\/nl\/voorbeeldpagina\/\" \/>\n<meta property=\"og:site_name\" content=\"Mus\u00e9e du Malgr\u00e9-Tout - Art et Arch\u00e9ologie\" \/>\n<meta property=\"article:modified_time\" content=\"2025-02-25T11:38:57+00:00\" \/>\n<meta name=\"twitter:card\" content=\"summary_large_image\" \/>\n<meta name=\"twitter:label1\" content=\"Geschatte leestijd\" \/>\n\t<meta name=\"twitter:data1\" content=\"1 minuut\" \/>\n<script type=\"application\/ld+json\" class=\"yoast-schema-graph\">{\"@context\":\"https:\/\/schema.org\",\"@graph\":[{\"@type\":\"WebPage\",\"@id\":\"http:\/\/museedumalgretout.be\/nl\/voorbeeldpagina\/\",\"url\":\"http:\/\/museedumalgretout.be\/nl\/voorbeeldpagina\/\",\"name\":\"Voorbeeldpagina - Mus\u00e9e du Malgr\u00e9-Tout - Art et Arch\u00e9ologie\",\"isPartOf\":{\"@id\":\"https:\/\/museedumalgretout.be\/#website\"},\"datePublished\":\"2024-09-11T06:27:48+00:00\",\"dateModified\":\"2025-02-25T11:38:57+00:00\",\"breadcrumb\":{\"@id\":\"http:\/\/museedumalgretout.be\/nl\/voorbeeldpagina\/#breadcrumb\"},\"inLanguage\":\"nl-NL\",\"potentialAction\":[{\"@type\":\"ReadAction\",\"target\":[\"http:\/\/museedumalgretout.be\/nl\/voorbeeldpagina\/\"]}]},{\"@type\":\"BreadcrumbList\",\"@id\":\"http:\/\/museedumalgretout.be\/nl\/voorbeeldpagina\/#breadcrumb\",\"itemListElement\":[{\"@type\":\"ListItem\",\"position\":1,\"name\":\"Accueil\",\"item\":\"https:\/\/museedumalgretout.be\/nl\/\"},{\"@type\":\"ListItem\",\"position\":2,\"name\":\"Voorbeeldpagina\"}]},{\"@type\":\"WebSite\",\"@id\":\"https:\/\/museedumalgretout.be\/#website\",\"url\":\"https:\/\/museedumalgretout.be\/\",\"name\":\"Mus\u00e9e du Malgr\u00e9-Tout - Art et Arch\u00e9ologie\",\"description\":\"Arch\u00e9ologie r\u00e9gionale et plus g\u00e9n\u00e9rale de la Pr\u00e9histoire \u00e0 l&#039;Antiquit\u00e9.\",\"potentialAction\":[{\"@type\":\"SearchAction\",\"target\":{\"@type\":\"EntryPoint\",\"urlTemplate\":\"https:\/\/museedumalgretout.be\/?s={search_term_string}\"},\"query-input\":{\"@type\":\"PropertyValueSpecification\",\"valueRequired\":true,\"valueName\":\"search_term_string\"}}],\"inLanguage\":\"nl-NL\"}]}<\/script>\n<!-- \/ Yoast SEO plugin. -->","yoast_head_json":{"title":"Voorbeeldpagina - Mus\u00e9e du Malgr\u00e9-Tout - Art et Arch\u00e9ologie","robots":{"index":"index","follow":"follow","max-snippet":"max-snippet:-1","max-image-preview":"max-image-preview:large","max-video-preview":"max-video-preview:-1"},"canonical":"http:\/\/museedumalgretout.be\/nl\/voorbeeldpagina\/","og_locale":"nl_NL","og_type":"article","og_title":"Voorbeeldpagina - Mus\u00e9e du Malgr\u00e9-Tout - Art et Arch\u00e9ologie","og_description":"Dit is een voorbeeldpagina. Ze verschilt van een blogbericht omdat ze op \u00e9\u00e9n plaats blijft en in de navigatie van je site verschijnt (in de meeste thema&#8217;s). De meeste mensen [&hellip;]","og_url":"http:\/\/museedumalgretout.be\/nl\/voorbeeldpagina\/","og_site_name":"Mus\u00e9e du Malgr\u00e9-Tout - Art et Arch\u00e9ologie","article_modified_time":"2025-02-25T11:38:57+00:00","twitter_card":"summary_large_image","twitter_misc":{"Geschatte leestijd":"1 minuut"},"schema":{"@context":"https:\/\/schema.org","@graph":[{"@type":"WebPage","@id":"http:\/\/museedumalgretout.be\/nl\/voorbeeldpagina\/","url":"http:\/\/museedumalgretout.be\/nl\/voorbeeldpagina\/","name":"Voorbeeldpagina - Mus\u00e9e du Malgr\u00e9-Tout - Art et Arch\u00e9ologie","isPartOf":{"@id":"https:\/\/museedumalgretout.be\/#website"},"datePublished":"2024-09-11T06:27:48+00:00","dateModified":"2025-02-25T11:38:57+00:00","breadcrumb":{"@id":"http:\/\/museedumalgretout.be\/nl\/voorbeeldpagina\/#breadcrumb"},"inLanguage":"nl-NL","potentialAction":[{"@type":"ReadAction","target":["http:\/\/museedumalgretout.be\/nl\/voorbeeldpagina\/"]}]},{"@type":"BreadcrumbList","@id":"http:\/\/museedumalgretout.be\/nl\/voorbeeldpagina\/#breadcrumb","itemListElement":[{"@type":"ListItem","position":1,"name":"Accueil","item":"https:\/\/museedumalgretout.be\/nl\/"},{"@type":"ListItem","position":2,"name":"Voorbeeldpagina"}]},{"@type":"WebSite","@id":"https:\/\/museedumalgretout.be\/#website","url":"https:\/\/museedumalgretout.be\/","name":"Mus\u00e9e du Malgr\u00e9-Tout - Art et Arch\u00e9ologie","description":"Arch\u00e9ologie r\u00e9gionale et plus g\u00e9n\u00e9rale de la Pr\u00e9histoire \u00e0 l&#039;Antiquit\u00e9.","potentialAction":[{"@type":"SearchAction","target":{"@type":"EntryPoint","urlTemplate":"https:\/\/museedumalgretout.be\/?s={search_term_string}"},"query-input":{"@type":"PropertyValueSpecification","valueRequired":true,"valueName":"search_term_string"}}],"inLanguage":"nl-NL"}]}},"_links":{"self":[{"href":"https:\/\/museedumalgretout.be\/nl\/wp-json\/wp\/v2\/pages\/1689","targetHints":{"allow":["GET"]}}],"collection":[{"href":"https:\/\/museedumalgretout.be\/nl\/wp-json\/wp\/v2\/pages"}],"about":[{"href":"https:\/\/museedumalgretout.be\/nl\/wp-json\/wp\/v2\/types\/page"}],"author":[{"embeddable":true,"href":"https:\/\/museedumalgretout.be\/nl\/wp-json\/wp\/v2\/users\/1"}],"replies":[{"embeddable":true,"href":"https:\/\/museedumalgretout.be\/nl\/wp-json\/wp\/v2\/comments?post=1689"}],"version-history":[{"count":1,"href":"https:\/\/museedumalgretout.be\/nl\/wp-json\/wp\/v2\/pages\/1689\/revisions"}],"predecessor-version":[{"id":1691,"href":"https:\/\/museedumalgretout.be\/nl\/wp-json\/wp\/v2\/pages\/1689\/revisions\/1691"}],"wp:attachment":[{"href":"https:\/\/museedumalgretout.be\/nl\/wp-json\/wp\/v2\/media?parent=1689"}],"curies":[{"name":"wp","href":"https:\/\/api.w.org\/{rel}","templated":true}]}}