{"id":1540,"date":"2024-11-06T13:13:58","date_gmt":"2024-11-06T12:13:58","guid":{"rendered":"https:\/\/museedumalgretout.be\/documentatiecentrum\/"},"modified":"2025-02-26T11:09:38","modified_gmt":"2025-02-26T10:09:38","slug":"documentatiecentrum","status":"publish","type":"page","link":"https:\/\/museedumalgretout.be\/nl\/documentatiecentrum\/","title":{"rendered":"Documentatiecentrum"},"content":{"rendered":"<p>[et_pb_section fb_built=&#8221;1&#8243; _builder_version=&#8221;4.27.2&#8243; _module_preset=&#8221;default&#8221; background_image=&#8221;http:\/\/museedumalgretout.be\/wp-content\/uploads\/2024\/10\/Musee-Archeologie-Namur-scaled.jpg&#8221; custom_padding=&#8221;30px||30px||true|false&#8221; global_colors_info=&#8221;{}&#8221;][et_pb_row make_equal=&#8221;on&#8221; _builder_version=&#8221;4.27.4&#8243; _module_preset=&#8221;default&#8221; max_width=&#8221;80%&#8221; custom_padding=&#8221;0px||0px||true|false&#8221; hover_enabled=&#8221;0&#8243; global_colors_info=&#8221;{}&#8221; width_last_edited=&#8221;on|phone&#8221; width_phone=&#8221;85%&#8221; max_width_last_edited=&#8221;on|phone&#8221; max_width_phone=&#8221;85%&#8221; sticky_enabled=&#8221;0&#8243; max_width_tablet=&#8221;80%&#8221;][et_pb_column type=&#8221;4_4&#8243; _builder_version=&#8221;4.27.4&#8243; _module_preset=&#8221;default&#8221; background_enable_color=&#8221;off&#8221; custom_padding=&#8221;50px|50px|50px|50px|true|true&#8221; hover_enabled=&#8221;0&#8243; global_colors_info=&#8221;{}&#8221; custom_padding_last_edited=&#8221;on|phone&#8221; custom_padding_phone=&#8221;30px|5px|30px|5px|true|true&#8221; sticky_enabled=&#8221;0&#8243; custom_padding_tablet=&#8221;50px|50px|50px|50px|true|true&#8221;][et_pb_text _builder_version=&#8221;4.27.4&#8243; _module_preset=&#8221;default&#8221; text_text_color=&#8221;#252930&#8243; header_font=&#8221;|800|||||||&#8221; header_text_color=&#8221;#FFFFFF&#8221; header_font_size=&#8221;40px&#8221; header_line_height=&#8221;1.1em&#8221; custom_margin=&#8221;||20px|||&#8221; global_colors_info=&#8221;{}&#8221;]<\/p>\n<h1 style=\"text-align: center;\">Documentatiecentrum<\/h1>\n<p>[\/et_pb_text][et_pb_divider color=&#8221;#BA2320&#8243; divider_weight=&#8221;6px&#8221; _builder_version=&#8221;4.27.4&#8243; _module_preset=&#8221;default&#8221; width=&#8221;39%&#8221; module_alignment=&#8221;center&#8221; hover_enabled=&#8221;0&#8243; global_colors_info=&#8221;{}&#8221; width_last_edited=&#8221;on|phone&#8221; width_phone=&#8221;90%&#8221; sticky_enabled=&#8221;0&#8243; width_tablet=&#8221;39%&#8221;][\/et_pb_divider][\/et_pb_column][\/et_pb_row][\/et_pb_section][et_pb_section fb_built=&#8221;1&#8243; _builder_version=&#8221;4.27.2&#8243; _module_preset=&#8221;default&#8221; background_color=&#8221;#252930&#8243; custom_padding=&#8221;10px||10px||true|false&#8221; global_colors_info=&#8221;{}&#8221;][et_pb_row _builder_version=&#8221;4.27.2&#8243; _module_preset=&#8221;default&#8221; width=&#8221;90%&#8221; max_width=&#8221;90%&#8221; custom_padding=&#8221;5px||5px||true|false&#8221; global_colors_info=&#8221;{}&#8221;][et_pb_column type=&#8221;4_4&#8243; _builder_version=&#8221;4.27.2&#8243; _module_preset=&#8221;default&#8221; global_colors_info=&#8221;{}&#8221;][dsm_breadcrumbs home_text=&#8221;Wetenschappelijke afdeling&#8221; use_custom_home_url_link=&#8221;on&#8221; home_url_link=&#8221;#&#8221; show_home_icon=&#8221;off&#8221; separator_icon=&#8221;&#xf0da;||fa||900&#8243; items_bg_color=&#8221;RGBA(255,255,255,0)&#8221; current_bg_color=&#8221;RGBA(255,255,255,0)&#8221; items_padding=&#8221;0px|20px|0px|0px|false|false&#8221; current_padding=&#8221;0px|0px|0px|20px|false|false&#8221; _builder_version=&#8221;4.27.4&#8243; _module_preset=&#8221;default&#8221; items_font=&#8221;|||on|||||&#8221; items_text_color=&#8221;#FFFFFF&#8221; items_font_size=&#8221;18px&#8221; separators_text_color=&#8221;#BA2320&#8243; separators_font_size=&#8221;30px&#8221; current_font=&#8221;|||on|||||&#8221; current_text_color=&#8221;#FFFFFF&#8221; current_font_size=&#8221;18px&#8221; hover_enabled=&#8221;0&#8243; global_colors_info=&#8221;{}&#8221; items_padding_last_edited=&#8221;on|phone&#8221; items_padding_phone=&#8221;0px|10px|0px|0px|false|false&#8221; items_font_size_last_edited=&#8221;on|phone&#8221; items_font_size_phone=&#8221;16px&#8221; current_padding_last_edited=&#8221;on|phone&#8221; current_padding_phone=&#8221;0px|0px|0px|10px|false|false&#8221; current_font_size_last_edited=&#8221;on|phone&#8221; current_font_size_phone=&#8221;16px&#8221; sticky_enabled=&#8221;0&#8243; items_padding_tablet=&#8221;0px|20px|0px|0px|false|false&#8221; items_font_size_tablet=&#8221;18px&#8221; current_padding_tablet=&#8221;0px|0px|0px|20px|false|false&#8221; current_font_size_tablet=&#8221;18px&#8221;][\/dsm_breadcrumbs][\/et_pb_column][\/et_pb_row][\/et_pb_section][et_pb_section fb_built=&#8221;1&#8243; _builder_version=&#8221;4.27.4&#8243; _module_preset=&#8221;default&#8221; background_color=&#8221;#FFFFFF&#8221; hover_enabled=&#8221;0&#8243; global_colors_info=&#8221;{}&#8221; custom_padding_last_edited=&#8221;on|phone&#8221; custom_padding_phone=&#8221;30px||||false|false&#8221; sticky_enabled=&#8221;0&#8243;][et_pb_row column_structure=&#8221;3_5,2_5&#8243; use_custom_gutter=&#8221;on&#8221; make_equal=&#8221;on&#8221; _builder_version=&#8221;4.27.4&#8243; _module_preset=&#8221;default&#8221; max_width=&#8221;80%&#8221; hover_enabled=&#8221;0&#8243; global_colors_info=&#8221;{}&#8221; custom_padding_last_edited=&#8221;on|phone&#8221; custom_padding_phone=&#8221;||||false|false&#8221; sticky_enabled=&#8221;0&#8243;][et_pb_column type=&#8221;3_5&#8243; _builder_version=&#8221;4.27.2&#8243; _module_preset=&#8221;default&#8221; global_colors_info=&#8221;{}&#8221;][et_pb_text _builder_version=&#8221;4.27.4&#8243; _module_preset=&#8221;default&#8221; header_2_font=&#8221;|800|||||||&#8221; header_2_font_size=&#8221;32px&#8221; header_2_line_height=&#8221;1.2em&#8221; custom_margin=&#8221;||35px|||&#8221; global_colors_info=&#8221;{}&#8221;]<\/p>\n<h2><span>L&#8217;Authentik: Ons nieuwe documentatiecentrum<\/span><\/h2>\n<p>[\/et_pb_text][et_pb_text _builder_version=&#8221;4.27.4&#8243; _module_preset=&#8221;default&#8221; link_font=&#8221;||||on||||&#8221; custom_margin=&#8221;||50px|||&#8221; global_colors_info=&#8221;{}&#8221;]<\/p>\n<p>Het Mus\u00e9e du Malgr\u00e9-Tout heeft onlangs het<span style=\"color: #ba2320;\"><strong>voormalig hotel-restaurant &#8220;L&#8217;Authentik<\/strong><\/span>om er een gloednieuw documentatiecentrum van te maken op slechts 93 meter van het hoofdgebouw in Treignes!<\/p>\n<p>Dit gebouw zal :<\/p>\n<ul>\n<li>Het team voorzien van <span style=\"color: #ba2320;\"><strong>ruimere en comfortabelere werkruimtes<\/strong><\/span> om ons archeologisch erfgoed te blijven verbeteren.<\/li>\n<li>Het documentatiecentrum van het museum omvormen tot een echt referentiecentrum, met <span style=\"color: #ba2320;\"><strong>een speciale leeszaal<\/strong> <\/span>waar onderzoekers, collega&#8217;s en liefhebbers de schatten in ideale omstandigheden kunnen verkennen.<\/li>\n<li>En tot slot een eetzaal voor <span style=\"color: #ba2320;\"><strong>scholen en groepen<\/strong><\/span> in de best mogelijke omstandigheden.<\/li>\n<\/ul>\n<p>Dit project markeert een nieuwe fase in de ontwikkeling van het museum. Blijf op de hoogte van de evolutie van deze nieuwe ruimte, die binnenkort zal uitgroeien tot <span style=\"color: #ba2320;\"><strong>een belangrijk centrum voor onderzoek en conservatie<\/strong><\/span> !<\/p>\n<p>[\/et_pb_text][\/et_pb_column][et_pb_column type=&#8221;2_5&#8243; _builder_version=&#8221;4.27.2&#8243; _module_preset=&#8221;default&#8221; global_colors_info=&#8221;{}&#8221;][et_pb_image src=&#8221;http:\/\/museedumalgretout.be\/wp-content\/uploads\/2025\/01\/Centre-de-documentation-prehistorique-.png&#8221; title_text=&#8221;Prehistorisch documentatiecentrum&#8221; _builder_version=&#8221;4.27.4&#8243; _module_preset=&#8221;default&#8221; animation_style=&#8221;slide&#8221; animation_direction=&#8221;right&#8221; animation_duration=&#8221;1500ms&#8221; global_colors_info=&#8221;{}&#8221;][\/et_pb_image][\/et_pb_column][\/et_pb_row][\/et_pb_section][et_pb_section fb_built=&#8221;1&#8243; _builder_version=&#8221;4.27.4&#8243; _module_preset=&#8221;default&#8221; background_color=&#8221;#EBECF0&#8243; global_colors_info=&#8221;{}&#8221;][et_pb_row column_structure=&#8221;2_5,3_5&#8243; use_custom_gutter=&#8221;on&#8221; make_equal=&#8221;on&#8221; _builder_version=&#8221;4.27.4&#8243; _module_preset=&#8221;default&#8221; max_width=&#8221;80%&#8221; hover_enabled=&#8221;0&#8243; custom_css_main_element=&#8221;align-items:center;||display:flex&#8221; global_colors_info=&#8221;{}&#8221; custom_css_main_element_last_edited=&#8221;on|phone&#8221; custom_css_main_element_phone=&#8221;align-items:center;||display:inline&#8221; sticky_enabled=&#8221;0&#8243; custom_css_main_element_tablet=&#8221;align-items:center;||display:flex&#8221;][et_pb_column type=&#8221;2_5&#8243; _builder_version=&#8221;4.27.4&#8243; _module_preset=&#8221;default&#8221; hover_enabled=&#8221;0&#8243; global_colors_info=&#8221;{}&#8221; custom_padding_last_edited=&#8221;on|phone&#8221; custom_padding_phone=&#8221;|30px||30px|false|true&#8221; sticky_enabled=&#8221;0&#8243;][et_pb_image src=&#8221;http:\/\/museedumalgretout.be\/wp-content\/uploads\/2025\/01\/Recherche-scientifique-musee-Malgre-Tout-province-de-Namur.png&#8221; title_text=&#8221;Wetenschappelijk onderzoek mus\u00e9e Malgr\u00e9-Tout provincie Namen&#8221; _builder_version=&#8221;4.27.4&#8243; _module_preset=&#8221;default&#8221; animation_style=&#8221;slide&#8221; animation_direction=&#8221;left&#8221; animation_duration=&#8221;1500ms&#8221; global_colors_info=&#8221;{}&#8221;][\/et_pb_image][\/et_pb_column][et_pb_column type=&#8221;3_5&#8243; _builder_version=&#8221;4.27.4&#8243; _module_preset=&#8221;default&#8221; hover_enabled=&#8221;0&#8243; global_colors_info=&#8221;{}&#8221; custom_padding_last_edited=&#8221;on|phone&#8221; custom_padding_phone=&#8221;|30px||30px|false|true&#8221; sticky_enabled=&#8221;0&#8243;][et_pb_text _builder_version=&#8221;4.27.2&#8243; _module_preset=&#8221;default&#8221; header_2_font=&#8221;|800|||||||&#8221; header_2_font_size=&#8221;32px&#8221; header_2_line_height=&#8221;1.2em&#8221; custom_margin=&#8221;||35px|||&#8221; global_colors_info=&#8221;{}&#8221;]<\/p>\n<h2>Toegang tot collecties voor onderzoeksdoeleinden<\/h2>\n<p>[\/et_pb_text][et_pb_text _builder_version=&#8221;4.27.2&#8243; _module_preset=&#8221;default&#8221; global_colors_info=&#8221;{}&#8221;]<\/p>\n<p><span>Vrije toegang tot de collecties en reserves van het Mus\u00e9e du Malgr\u00e9-Tout wordt verleend aan :<\/span><\/p>\n<p>[\/et_pb_text][dsm_icon_list icon_color=&#8221;#BA2320&#8243; icon_font_size=&#8221;18px&#8221; list_space_between=&#8221;19px&#8221; text_indent=&#8221;14px&#8221; _builder_version=&#8221;4.27.2&#8243; _module_preset=&#8221;default&#8221; text_font_size=&#8221;16px&#8221; text_line_height=&#8221;1.4em&#8221; global_colors_info=&#8221;{}&#8221;][dsm_icon_list_child text=&#8221;BA- en MA-studenten, als onderdeel van hun cursus- en onderzoekswerk&#8221; font_icon=&#8221;&#xf002;||fa||900&#8243; _builder_version=&#8221;4.27.2&#8243; _module_preset=&#8221;default&#8221; global_colors_info=&#8221;{}&#8221;][\/dsm_icon_list_child][dsm_icon_list_child text=&#8221;Aspiranten, promovendi en postdoctoraal studenten&#8221; font_icon=&#8221;&#xf002;||fa||900&#8243; _builder_version=&#8221;4.27.2&#8243; _module_preset=&#8221;default&#8221; global_colors_info=&#8221;{}&#8221;][\/dsm_icon_list_child][dsm_icon_list_child text=&#8221;Belgische en buitenlandse onderzoekers&#8221; font_icon=&#8221;&#xf002;||fa||900&#8243; _builder_version=&#8221;4.27.2&#8243; _module_preset=&#8221;default&#8221; global_colors_info=&#8221;{}&#8221;][\/dsm_icon_list_child][\/dsm_icon_list][et_pb_text _builder_version=&#8221;4.27.4&#8243; _module_preset=&#8221;default&#8221; link_font=&#8221;||||on||||&#8221; global_colors_info=&#8221;{}&#8221;]<\/p>\n<p><span>Toegang is alleen op afspraak en alleen nadat u de overeenkomst voor toegang en collectieonderzoek hebt ingevuld. Het verzoek moet worden gedaan   <\/span><a href=\"mailto:dorian.vanhulle@cedarc-mmt.be\" class=\"notion-link-token notion-focusable-token notion-enable-hover\" rel=\"noreferrer\" data-token-index=\"1\" tabindex=\"0\"><span class=\"link-annotation-unknown-block-id-626807238\">per e-mail<\/span><\/a><span> ten minste 15 dagen voor het bezoek van de onderzoeker aan Dorian Vanhulle, directeur en conservator.<\/span><\/p>\n<p>[\/et_pb_text][et_pb_button button_url=&#8221;https:\/\/museedumalgretout.be\/nl\/neem-contact-op-met\/&#8221; button_text=&#8221;Neem contact op met&#8221; button_alignment=&#8221;left&#8221; _builder_version=&#8221;4.27.4&#8243; _module_preset=&#8221;default&#8221; custom_button=&#8221;on&#8221; button_text_size=&#8221;16px&#8221; button_text_color=&#8221;#FFFFFF&#8221; button_bg_color=&#8221;#BA2320&#8243; button_border_width=&#8221;2px&#8221; button_border_color=&#8221;#BA2320&#8243; button_border_radius=&#8221;0px&#8221; button_font=&#8221;|||on|||||&#8221; button_use_icon=&#8221;off&#8221; custom_padding=&#8221;|30px||30px|false|true&#8221; locked=&#8221;off&#8221; global_colors_info=&#8221;{}&#8221; button_border_width__hover_enabled=&#8221;on|hover&#8221; button_border_width__hover=&#8221;2px&#8221; button_text_color__hover_enabled=&#8221;on|hover&#8221; button_text_color__hover=&#8221;#BA2320&#8243; button_bg_color__hover_enabled=&#8221;on|hover&#8221; button_bg_color__hover=&#8221;#FFFFFF&#8221; button_bg_enable_color__hover=&#8221;on&#8221; button_border_color__hover_enabled=&#8221;on|hover&#8221; button_border_color__hover=&#8221;#BA2320&#8243; button_text_size__hover_enabled=&#8221;on|hover&#8221; button_text_size__hover=&#8221;16px&#8221;][\/et_pb_button][\/et_pb_column][\/et_pb_row][\/et_pb_section]<\/p>\n","protected":false},"excerpt":{"rendered":"<p>Documentatiecentrum<div class=\"et_pb_module dsm_breadcrumbs dsm_breadcrumbs_0\">\n\t\t\t\t\n\t\t\t\t\n\t\t\t\t\n\t\t\t\t\n\t\t\t\t\n\t\t\t\t\n\t\t\t\t<div class=\"et_pb_module_inner\">\n\t\t\t\t\t<nav class=\"dsm_breadcrumbs_wrap\">\n\t\t\t\t<ul class=\"dsm_breadcrumbs\" itemscope itemtype=\"https:\/\/schema.org\/BreadcrumbList\">\t\t\t<li class=\"dsm_breadcrumbs_item dsm_home_item dsm_home_item_custom\" itemprop=\"itemListElement\" itemscope\n\t\t\titemtype=\"https:\/\/schema.org\/ListItem\">\n\t\t\t\t<a href=\"#\" itemprop=\"item\" target=\"\">\n\t\t\t\t\t<span class='dsm_home_text_wrapper'>\n\t\t\t\t\t\t\t\t\t\t\t\t\t<span class=\"dsm_home_text\" itemprop=\"name\">\n\t\t\t\t\t\t\t\tWetenschappelijke afdeling\t\t\t\t\t\t\t<\/span>\n\t\t\t\t\t<\/span>\n\t\t\t\t<\/a>\n\t\t\t\t<meta itemprop=\"position\" content=\"1\" \/>\n\t\t\t<\/li>\n\n\t\t<li class=\"dsm_breadcrumbs_separator\"> <span class=\"et-pb-icon dsm_separator_icon\">&#xf0da;<\/span><\/li><\/ul>\n\t\t\t<\/nav>\n\t\t\t\t<\/div>\n\t\t\t<\/div>L&#8217;Authentik: Ons nieuwe documentatiecentrumHet Mus\u00e9e du Malgr\u00e9-Tout heeft onlangs hetvoormalig hotel-restaurant &#8220;L&#8217;Authentikom er een gloednieuw documentatiecentrum van te maken op slechts 93 meter van het hoofdgebouw in Treignes! Dit gebouw zal : Het team voorzien van ruimere en comfortabelere werkruimtes om ons archeologisch erfgoed te blijven verbeteren. Het documentatiecentrum van het museum omvormen tot een echt referentiecentrum, met een speciale leeszaal waar onderzoekers, collega&#8217;s en liefhebbers de schatten in ideale omstandigheden kunnen verkennen. En tot slot een eetzaal voor scholen en groepen in de best mogelijke omstandigheden. Dit project markeert een nieuwe fase in de ontwikkeling van het museum. Blijf op de hoogte van de evolutie van deze nieuwe ruimte, die binnenkort zal uitgroeien tot een belangrijk centrum voor onderzoek en conservatie !Toegang tot collecties voor onderzoeksdoeleindenVrije toegang tot de collecties en reserves van het Mus\u00e9e du Malgr\u00e9-Tout wordt verleend aan :<div class=\"et_pb_module dsm_icon_list dsm_icon_list_0\">\n\t\t\t\t\n\t\t\t\t\n\t\t\t\t\n\t\t\t\t\n\t\t\t\t\n\t\t\t\t\n\t\t\t\t<div class=\"et_pb_module_inner\">\n\t\t\t\t\t<ul class=\"dsm_icon_list_items dsm_icon_list_ltr_direction dsm_icon_list_layout_vertical\"><\/ul>\n\t\t\t\t<\/div>\n\t\t\t<\/div><li class=\"dsm_icon_list_child dsm_icon_list_child_0\">\n\t\t\t\t\n\t\t\t\t\n\t\t\t\t\n\t\t\t\t\n\t\t\t\t<span class=\"dsm_icon_list_wrapper\"><span class=\"dsm_icon_list_icon\">\uf002<\/span><\/span><span class=\"dsm_icon_list_text\">BA- en MA-studenten, als onderdeel van hun cursus- en onderzoekswerk<\/span>\n\t\t\t<\/li><li class=\"dsm_icon_list_child dsm_icon_list_child_1\">\n\t\t\t\t\n\t\t\t\t\n\t\t\t\t\n\t\t\t\t\n\t\t\t\t<span class=\"dsm_icon_list_wrapper\"><span class=\"dsm_icon_list_icon\">P<\/span><\/span><span class=\"dsm_icon_list_text\">Icon List Item<\/span>\n\t\t\t<\/li><\/p>\n","protected":false},"author":1,"featured_media":0,"parent":0,"menu_order":0,"comment_status":"closed","ping_status":"closed","template":"","meta":{"_et_pb_use_builder":"on","_et_pb_old_content":"","_et_gb_content_width":"","_monsterinsights_skip_tracking":false,"_monsterinsights_sitenote_active":false,"_monsterinsights_sitenote_note":"","_monsterinsights_sitenote_category":0,"_price":"","_stock":"","_tribe_ticket_header":"","_tribe_default_ticket_provider":"","_ticket_start_date":"","_ticket_end_date":"","_tribe_ticket_show_description":"","_tribe_ticket_show_not_going":false,"_tribe_ticket_use_global_stock":"","_tribe_ticket_global_stock_level":"","_global_stock_mode":"","_global_stock_cap":"","_tribe_rsvp_for_event":"","_tribe_ticket_going_count":"","_tribe_ticket_not_going_count":"","_tribe_tickets_list":"[]","_tribe_ticket_has_attendee_info_fields":false,"footnotes":""},"class_list":["post-1540","page","type-page","status-publish","hentry"],"yoast_head":"<!-- This site is optimized with the Yoast SEO plugin v24.9 - https:\/\/yoast.com\/wordpress\/plugins\/seo\/ -->\n<title>Documentatiecentrum - Mus\u00e9e du Malgr\u00e9-Tout - Art et Arch\u00e9ologie<\/title>\n<meta name=\"robots\" content=\"index, follow, max-snippet:-1, max-image-preview:large, max-video-preview:-1\" \/>\n<link rel=\"canonical\" href=\"http:\/\/museedumalgretout.be\/centre-de-documentation\/\" \/>\n<meta property=\"og:locale\" content=\"nl_NL\" \/>\n<meta property=\"og:type\" content=\"article\" \/>\n<meta property=\"og:title\" content=\"Documentatiecentrum - Mus\u00e9e du Malgr\u00e9-Tout - Art et Arch\u00e9ologie\" \/>\n<meta property=\"og:description\" content=\"DocumentatiecentrumL&#039;Authentik: Ons nieuwe documentatiecentrumHet Mus\u00e9e du Malgr\u00e9-Tout heeft onlangs hetvoormalig hotel-restaurant &quot;L&#039;Authentikom er een gloednieuw documentatiecentrum van te maken op slechts 93 meter van het hoofdgebouw in Treignes! Dit gebouw zal : Het team voorzien van ruimere en comfortabelere werkruimtes om ons archeologisch erfgoed te blijven verbeteren. Het documentatiecentrum van het museum omvormen tot een echt referentiecentrum, met een speciale leeszaal waar onderzoekers, collega&#039;s en liefhebbers de schatten in ideale omstandigheden kunnen verkennen. En tot slot een eetzaal voor scholen en groepen in de best mogelijke omstandigheden. Dit project markeert een nieuwe fase in de ontwikkeling van het museum. Blijf op de hoogte van de evolutie van deze nieuwe ruimte, die binnenkort zal uitgroeien tot een belangrijk centrum voor onderzoek en conservatie !Toegang tot collecties voor onderzoeksdoeleindenVrije toegang tot de collecties en reserves van het Mus\u00e9e du Malgr\u00e9-Tout wordt verleend aan :\" \/>\n<meta property=\"og:url\" content=\"http:\/\/museedumalgretout.be\/centre-de-documentation\/\" \/>\n<meta property=\"og:site_name\" content=\"Mus\u00e9e du Malgr\u00e9-Tout - Art et Arch\u00e9ologie\" \/>\n<meta property=\"article:modified_time\" content=\"2025-02-26T10:09:38+00:00\" \/>\n<meta name=\"twitter:card\" content=\"summary_large_image\" \/>\n<meta name=\"twitter:label1\" content=\"Geschatte leestijd\" \/>\n\t<meta name=\"twitter:data1\" content=\"7 minuten\" \/>\n<script type=\"application\/ld+json\" class=\"yoast-schema-graph\">{\"@context\":\"https:\/\/schema.org\",\"@graph\":[{\"@type\":\"WebPage\",\"@id\":\"http:\/\/museedumalgretout.be\/centre-de-documentation\/\",\"url\":\"http:\/\/museedumalgretout.be\/centre-de-documentation\/\",\"name\":\"Documentatiecentrum - Mus\u00e9e du Malgr\u00e9-Tout - Art et Arch\u00e9ologie\",\"isPartOf\":{\"@id\":\"http:\/\/museedumalgretout.be\/#website\"},\"datePublished\":\"2024-11-06T12:13:58+00:00\",\"dateModified\":\"2025-02-26T10:09:38+00:00\",\"breadcrumb\":{\"@id\":\"http:\/\/museedumalgretout.be\/centre-de-documentation\/#breadcrumb\"},\"inLanguage\":\"nl-NL\",\"potentialAction\":[{\"@type\":\"ReadAction\",\"target\":[\"http:\/\/museedumalgretout.be\/centre-de-documentation\/\"]}]},{\"@type\":\"BreadcrumbList\",\"@id\":\"http:\/\/museedumalgretout.be\/centre-de-documentation\/#breadcrumb\",\"itemListElement\":[{\"@type\":\"ListItem\",\"position\":1,\"name\":\"Accueil\",\"item\":\"https:\/\/museedumalgretout.be\/nl\/\"},{\"@type\":\"ListItem\",\"position\":2,\"name\":\"Documentatiecentrum\"}]},{\"@type\":\"WebSite\",\"@id\":\"http:\/\/museedumalgretout.be\/#website\",\"url\":\"http:\/\/museedumalgretout.be\/\",\"name\":\"Mus\u00e9e du Malgr\u00e9-Tout - Art et Arch\u00e9ologie\",\"description\":\"Arch\u00e9ologie r\u00e9gionale et plus g\u00e9n\u00e9rale de la Pr\u00e9histoire \u00e0 l&#039;Antiquit\u00e9.\",\"potentialAction\":[{\"@type\":\"SearchAction\",\"target\":{\"@type\":\"EntryPoint\",\"urlTemplate\":\"http:\/\/museedumalgretout.be\/?s={search_term_string}\"},\"query-input\":{\"@type\":\"PropertyValueSpecification\",\"valueRequired\":true,\"valueName\":\"search_term_string\"}}],\"inLanguage\":\"nl-NL\"}]}<\/script>\n<!-- \/ Yoast SEO plugin. -->","yoast_head_json":{"title":"Documentatiecentrum - Mus\u00e9e du Malgr\u00e9-Tout - Art et Arch\u00e9ologie","robots":{"index":"index","follow":"follow","max-snippet":"max-snippet:-1","max-image-preview":"max-image-preview:large","max-video-preview":"max-video-preview:-1"},"canonical":"http:\/\/museedumalgretout.be\/centre-de-documentation\/","og_locale":"nl_NL","og_type":"article","og_title":"Documentatiecentrum - Mus\u00e9e du Malgr\u00e9-Tout - Art et Arch\u00e9ologie","og_description":"DocumentatiecentrumL'Authentik: Ons nieuwe documentatiecentrumHet Mus\u00e9e du Malgr\u00e9-Tout heeft onlangs hetvoormalig hotel-restaurant \"L'Authentikom er een gloednieuw documentatiecentrum van te maken op slechts 93 meter van het hoofdgebouw in Treignes! Dit gebouw zal : Het team voorzien van ruimere en comfortabelere werkruimtes om ons archeologisch erfgoed te blijven verbeteren. Het documentatiecentrum van het museum omvormen tot een echt referentiecentrum, met een speciale leeszaal waar onderzoekers, collega's en liefhebbers de schatten in ideale omstandigheden kunnen verkennen. En tot slot een eetzaal voor scholen en groepen in de best mogelijke omstandigheden. Dit project markeert een nieuwe fase in de ontwikkeling van het museum. Blijf op de hoogte van de evolutie van deze nieuwe ruimte, die binnenkort zal uitgroeien tot een belangrijk centrum voor onderzoek en conservatie !Toegang tot collecties voor onderzoeksdoeleindenVrije toegang tot de collecties en reserves van het Mus\u00e9e du Malgr\u00e9-Tout wordt verleend aan :","og_url":"http:\/\/museedumalgretout.be\/centre-de-documentation\/","og_site_name":"Mus\u00e9e du Malgr\u00e9-Tout - Art et Arch\u00e9ologie","article_modified_time":"2025-02-26T10:09:38+00:00","twitter_card":"summary_large_image","twitter_misc":{"Geschatte leestijd":"7 minuten"},"schema":{"@context":"https:\/\/schema.org","@graph":[{"@type":"WebPage","@id":"http:\/\/museedumalgretout.be\/centre-de-documentation\/","url":"http:\/\/museedumalgretout.be\/centre-de-documentation\/","name":"Documentatiecentrum - Mus\u00e9e du Malgr\u00e9-Tout - Art et Arch\u00e9ologie","isPartOf":{"@id":"http:\/\/museedumalgretout.be\/#website"},"datePublished":"2024-11-06T12:13:58+00:00","dateModified":"2025-02-26T10:09:38+00:00","breadcrumb":{"@id":"http:\/\/museedumalgretout.be\/centre-de-documentation\/#breadcrumb"},"inLanguage":"nl-NL","potentialAction":[{"@type":"ReadAction","target":["http:\/\/museedumalgretout.be\/centre-de-documentation\/"]}]},{"@type":"BreadcrumbList","@id":"http:\/\/museedumalgretout.be\/centre-de-documentation\/#breadcrumb","itemListElement":[{"@type":"ListItem","position":1,"name":"Accueil","item":"https:\/\/museedumalgretout.be\/nl\/"},{"@type":"ListItem","position":2,"name":"Documentatiecentrum"}]},{"@type":"WebSite","@id":"http:\/\/museedumalgretout.be\/#website","url":"http:\/\/museedumalgretout.be\/","name":"Mus\u00e9e du Malgr\u00e9-Tout - Art et Arch\u00e9ologie","description":"Arch\u00e9ologie r\u00e9gionale et plus g\u00e9n\u00e9rale de la Pr\u00e9histoire \u00e0 l&#039;Antiquit\u00e9.","potentialAction":[{"@type":"SearchAction","target":{"@type":"EntryPoint","urlTemplate":"http:\/\/museedumalgretout.be\/?s={search_term_string}"},"query-input":{"@type":"PropertyValueSpecification","valueRequired":true,"valueName":"search_term_string"}}],"inLanguage":"nl-NL"}]}},"_links":{"self":[{"href":"https:\/\/museedumalgretout.be\/nl\/wp-json\/wp\/v2\/pages\/1540","targetHints":{"allow":["GET"]}}],"collection":[{"href":"https:\/\/museedumalgretout.be\/nl\/wp-json\/wp\/v2\/pages"}],"about":[{"href":"https:\/\/museedumalgretout.be\/nl\/wp-json\/wp\/v2\/types\/page"}],"author":[{"embeddable":true,"href":"https:\/\/museedumalgretout.be\/nl\/wp-json\/wp\/v2\/users\/1"}],"replies":[{"embeddable":true,"href":"https:\/\/museedumalgretout.be\/nl\/wp-json\/wp\/v2\/comments?post=1540"}],"version-history":[{"count":10,"href":"https:\/\/museedumalgretout.be\/nl\/wp-json\/wp\/v2\/pages\/1540\/revisions"}],"predecessor-version":[{"id":2118,"href":"https:\/\/museedumalgretout.be\/nl\/wp-json\/wp\/v2\/pages\/1540\/revisions\/2118"}],"wp:attachment":[{"href":"https:\/\/museedumalgretout.be\/nl\/wp-json\/wp\/v2\/media?parent=1540"}],"curies":[{"name":"wp","href":"https:\/\/api.w.org\/{rel}","templated":true}]}}