{"id":1524,"date":"2025-01-21T11:47:08","date_gmt":"2025-01-21T10:47:08","guid":{"rendered":"https:\/\/museedumalgretout.be\/jobs\/"},"modified":"2025-02-26T11:41:56","modified_gmt":"2025-02-26T10:41:56","slug":"jobs","status":"publish","type":"page","link":"https:\/\/museedumalgretout.be\/nl\/jobs\/","title":{"rendered":"Jobs"},"content":{"rendered":"<p>[et_pb_section fb_built=&#8221;1&#8243; _builder_version=&#8221;4.27.2&#8243; _module_preset=&#8221;default&#8221; background_image=&#8221;http:\/\/museedumalgretout.be\/wp-content\/uploads\/2024\/10\/Musee-sortie-scolaire.png&#8221; custom_padding=&#8221;30px||30px||true|false&#8221; global_colors_info=&#8221;{}&#8221;][et_pb_row make_equal=&#8221;on&#8221; _builder_version=&#8221;4.27.4&#8243; _module_preset=&#8221;default&#8221; max_width=&#8221;80%&#8221; custom_padding=&#8221;0px||0px||true|false&#8221; global_colors_info=&#8221;{}&#8221; width__hover_enabled=&#8221;on|desktop&#8221; width=&#8221;85%&#8221; max_width_last_edited=&#8221;on|phone&#8221; max_width_phone=&#8221;85%&#8221; width_last_edited=&#8221;on|phone&#8221; width_phone=&#8221;85%&#8221; width__hover=&#8221;85%&#8221; max_width_tablet=&#8221;80%&#8221; width_tablet=&#8221;85%&#8221;][et_pb_column type=&#8221;4_4&#8243; _builder_version=&#8221;4.27.4&#8243; _module_preset=&#8221;default&#8221; background_enable_color=&#8221;off&#8221; custom_padding=&#8221;50px|50px|50px|50px|true|true&#8221; hover_enabled=&#8221;0&#8243; global_colors_info=&#8221;{}&#8221; custom_padding_last_edited=&#8221;on|phone&#8221; custom_padding_phone=&#8221;30px|5px|30px|5px|true|true&#8221; sticky_enabled=&#8221;0&#8243; custom_padding_tablet=&#8221;50px|50px|50px|50px|true|true&#8221;][et_pb_text _builder_version=&#8221;4.27.4&#8243; _module_preset=&#8221;default&#8221; text_text_color=&#8221;#252930&#8243; header_font=&#8221;|800|||||||&#8221; header_text_color=&#8221;#FFFFFF&#8221; header_font_size=&#8221;40px&#8221; header_line_height=&#8221;1.1em&#8221; custom_margin=&#8221;||20px|||&#8221; global_colors_info=&#8221;{}&#8221;]<\/p>\n<h1 style=\"text-align: center;\">Onze vacatures<\/h1>\n<p>[\/et_pb_text][et_pb_divider color=&#8221;#BA2320&#8243; divider_weight=&#8221;6px&#8221; _builder_version=&#8221;4.27.4&#8243; _module_preset=&#8221;default&#8221; width=&#8221;30%&#8221; module_alignment=&#8221;center&#8221; hover_enabled=&#8221;0&#8243; global_colors_info=&#8221;{}&#8221; sticky_enabled=&#8221;0&#8243; width_last_edited=&#8221;on|phone&#8221; width_phone=&#8221;64%&#8221; width_tablet=&#8221;30%&#8221;][\/et_pb_divider][\/et_pb_column][\/et_pb_row][\/et_pb_section][et_pb_section fb_built=&#8221;1&#8243; _builder_version=&#8221;4.27.2&#8243; _module_preset=&#8221;default&#8221; background_color=&#8221;#252930&#8243; custom_padding=&#8221;10px||10px||true|false&#8221; global_colors_info=&#8221;{}&#8221;][et_pb_row _builder_version=&#8221;4.27.4&#8243; _module_preset=&#8221;default&#8221; width=&#8221;90%&#8221; max_width=&#8221;90%&#8221; custom_padding=&#8221;5px||5px||true|false&#8221; hover_enabled=&#8221;0&#8243; global_colors_info=&#8221;{}&#8221; sticky_enabled=&#8221;0&#8243;][et_pb_column type=&#8221;4_4&#8243; _builder_version=&#8221;4.27.2&#8243; _module_preset=&#8221;default&#8221; global_colors_info=&#8221;{}&#8221;][dsm_breadcrumbs home_text=&#8221;Mus\u00e9e du Malgr\u00e9-tout&#8221; use_custom_home_url_link=&#8221;on&#8221; home_url_link=&#8221;#&#8221; show_home_icon=&#8221;off&#8221; separator_icon=&#8221;&#xf0da;||fa||900&#8243; items_bg_color=&#8221;RGBA(255,255,255,0)&#8221; current_bg_color=&#8221;RGBA(255,255,255,0)&#8221; items_padding=&#8221;0px|20px|0px|0px|false|false&#8221; current_padding=&#8221;0px|0px|0px|20px|false|false&#8221; _builder_version=&#8221;4.27.4&#8243; _module_preset=&#8221;default&#8221; items_font=&#8221;|||on|||||&#8221; items_text_color=&#8221;#FFFFFF&#8221; items_font_size=&#8221;18px&#8221; separators_text_color=&#8221;#BA2320&#8243; separators_font_size=&#8221;30px&#8221; current_font=&#8221;|||on|||||&#8221; current_text_color=&#8221;#FFFFFF&#8221; current_font_size=&#8221;18px&#8221; hover_enabled=&#8221;0&#8243; global_colors_info=&#8221;{}&#8221; items_padding__hover_enabled=&#8221;on|desktop&#8221; items_padding_last_edited=&#8221;on|phone&#8221; items_padding_phone=&#8221;|10px|||false|false&#8221; items_font_size_last_edited=&#8221;on|phone&#8221; items_font_size_phone=&#8221;16px&#8221; current_padding_last_edited=&#8221;on|phone&#8221; current_padding_phone=&#8221;0px|0px|0px|10px|false|false&#8221; current_font_size_last_edited=&#8221;on|phone&#8221; current_font_size_phone=&#8221;16px&#8221; sticky_enabled=&#8221;0&#8243; items_padding__hover=&#8221;0px|20px|0px|0px|false|false&#8221; items_padding_tablet=&#8221;0px|20px|0px|0px|false|false&#8221; items_font_size_tablet=&#8221;18px&#8221; current_padding_tablet=&#8221;0px|0px|0px|20px|false|false&#8221; current_font_size_tablet=&#8221;18px&#8221;][\/dsm_breadcrumbs][\/et_pb_column][\/et_pb_row][\/et_pb_section][et_pb_section fb_built=&#8221;1&#8243; disabled_on=&#8221;on|on|on&#8221; _builder_version=&#8221;4.27.4&#8243; _module_preset=&#8221;default&#8221; disabled=&#8221;on&#8221; global_colors_info=&#8221;{}&#8221;][et_pb_row _builder_version=&#8221;4.27.4&#8243; _module_preset=&#8221;default&#8221; global_colors_info=&#8221;{}&#8221;][et_pb_column type=&#8221;4_4&#8243; _builder_version=&#8221;4.27.4&#8243; _module_preset=&#8221;default&#8221; global_colors_info=&#8221;{}&#8221;][et_pb_text _builder_version=&#8221;4.27.4&#8243; _module_preset=&#8221;default&#8221; custom_padding=&#8221;80px||80px||true|false&#8221; global_colors_info=&#8221;{}&#8221;]<\/p>\n<p style=\"text-align: center;\">Er zijn momenteel geen vacatures beschikbaar.<\/p>\n<p>[\/et_pb_text][\/et_pb_column][\/et_pb_row][\/et_pb_section][et_pb_section fb_built=&#8221;1&#8243; _builder_version=&#8221;4.27.4&#8243; _module_preset=&#8221;default&#8221; custom_padding=&#8221;50px||150px||false|false&#8221; hover_enabled=&#8221;0&#8243; global_colors_info=&#8221;{}&#8221; custom_padding_last_edited=&#8221;on|phone&#8221; custom_padding_phone=&#8221;30px||60px||false|false&#8221; sticky_enabled=&#8221;0&#8243; custom_padding_tablet=&#8221;50px||150px||false|false&#8221;][et_pb_row column_structure=&#8221;1_4,3_4&#8243; use_custom_gutter=&#8221;on&#8221; make_equal=&#8221;on&#8221; _builder_version=&#8221;4.27.2&#8243; _module_preset=&#8221;default&#8221; max_width=&#8221;80%&#8221; custom_padding=&#8221;||40px||false|false&#8221; border_width_bottom=&#8221;1px&#8221; border_color_bottom=&#8221;#EBECF0&#8243; global_colors_info=&#8221;{}&#8221;][et_pb_column type=&#8221;1_4&#8243; _builder_version=&#8221;4.27.2&#8243; _module_preset=&#8221;default&#8221; global_colors_info=&#8221;{}&#8221;][et_pb_image src=&#8221;http:\/\/museedumalgretout.be\/wp-content\/uploads\/2024\/11\/Favicon-rouge-musee.png&#8221; title_text=&#8221;Rood favicon museum&#8221; align=&#8221;center&#8221; _builder_version=&#8221;4.27.4&#8243; _module_preset=&#8221;default&#8221; width=&#8221;70%&#8221; hover_enabled=&#8221;0&#8243; global_colors_info=&#8221;{}&#8221; width_last_edited=&#8221;on|phone&#8221; width_phone=&#8221;40%&#8221; align_last_edited=&#8221;on|phone&#8221; align_phone=&#8221;left&#8221; sticky_enabled=&#8221;0&#8243; width_tablet=&#8221;70%&#8221; align_tablet=&#8221;center&#8221;][\/et_pb_image][\/et_pb_column][et_pb_column type=&#8221;3_4&#8243; _builder_version=&#8221;4.27.2&#8243; _module_preset=&#8221;default&#8221; global_colors_info=&#8221;{}&#8221;][et_pb_text _builder_version=&#8221;4.27.4&#8243; _module_preset=&#8221;default&#8221; header_2_font=&#8221;||||||||&#8221; header_2_font_size=&#8221;28px&#8221; header_2_line_height=&#8221;1.2em&#8221; custom_margin=&#8221;||10px||false|false&#8221; global_colors_info=&#8221;{}&#8221;]<\/p>\n<h2 id=\"offreTitleId\" class=\"text-medium mb-4\">Collectiebeheerder en wetenschappelijk medewerker (M\/V\/X)<\/h2>\n<p>[\/et_pb_text][et_pb_text _builder_version=&#8221;4.27.4&#8243; _module_preset=&#8221;default&#8221; global_colors_info=&#8221;{}&#8221;]<\/p>\n<p>Om zijn team te versterken, werft Cedarc vzw een <span style=\"color: #ba2320;\"><strong>Collectiebeheerder en wetenschappelijk assistent<\/strong><\/span><\/p>\n<p>Omgeving : Treignes is een dorp in de gemeente Viroinval in de provincie Namen tussen de regio&#8217;s Calestienne en Ardenne, op een boogscheut van de Franse grens. Het telt ongeveer 700 inwoners en telt niet minder dan vier musea, waarvan er verschillende dubbel zo groot zijn. Er zijn ook sites die vrij bezocht kunnen worden, zoals de Gallo-Romeinse villa en de oude kalkoven. Kortom, Treignes heeft waarschijnlijk de hoogste verhouding musea\/inwoners ter wereld!   <\/p>\n<p>Het Mus\u00e9e du Malgr\u00e9-Tout, het archeologisch museum van de wijken Couvin en Viroinval, heeft een tentoonstellingsruimte waar het archeologisch erfgoed van de zuidelijke Entre-Sambre-et-Meuse wordt getoond, van de prehistorie tot het einde van de Romeinse tijd.<\/p>\n<p>Het biedt ook een prehistorische galerij zonder grenzen over de evolutie van de mens en zijn technieken en tijdelijke tentoonstellingen van internationale kwaliteit. Het Prehistoriepark biedt een brede waaier aan educatieve activiteiten en workshops voor groepen. Het museum is erkend als museum van categorie A door de Federatie Walloni\u00eb-Brussel.  <\/p>\n<p>[\/et_pb_text][et_pb_button button_url=&#8221;https:\/\/www.leforem.be\/recherche-offres\/offre-detail\/1221636&#8243; url_new_window=&#8221;on&#8221; button_text=&#8221;Solliciteer voor deze functie&#8221; button_alignment=&#8221;left&#8221; _builder_version=&#8221;4.27.4&#8243; _module_preset=&#8221;default&#8221; custom_button=&#8221;on&#8221; button_text_size=&#8221;16px&#8221; button_text_color=&#8221;#FFFFFF&#8221; button_bg_color=&#8221;#BA2320&#8243; button_border_width=&#8221;2px&#8221; button_border_color=&#8221;#BA2320&#8243; button_border_radius=&#8221;0px&#8221; button_font=&#8221;|||on|||||&#8221; button_use_icon=&#8221;off&#8221; custom_padding=&#8221;|30px||30px|false|true&#8221; locked=&#8221;off&#8221; global_colors_info=&#8221;{}&#8221; button_border_width__hover_enabled=&#8221;on|hover&#8221; button_border_width__hover=&#8221;2px&#8221; button_text_color__hover_enabled=&#8221;on|hover&#8221; button_text_color__hover=&#8221;#BA2320&#8243; button_bg_color__hover_enabled=&#8221;on|hover&#8221; button_bg_color__hover=&#8221;#FFFFFF&#8221; button_bg_enable_color__hover=&#8221;on&#8221; button_border_color__hover_enabled=&#8221;on|hover&#8221; button_border_color__hover=&#8221;#BA2320&#8243; button_text_size__hover_enabled=&#8221;on|hover&#8221; button_text_size__hover=&#8221;16px&#8221;][\/et_pb_button][\/et_pb_column][\/et_pb_row][et_pb_row column_structure=&#8221;1_4,3_4&#8243; use_custom_gutter=&#8221;on&#8221; make_equal=&#8221;on&#8221; disabled_on=&#8221;on|on|on&#8221; _builder_version=&#8221;4.27.4&#8243; _module_preset=&#8221;default&#8221; max_width=&#8221;80%&#8221; custom_padding=&#8221;||40px||false|false&#8221; border_color_bottom=&#8221;#EBECF0&#8243; disabled=&#8221;on&#8221; global_colors_info=&#8221;{}&#8221;][et_pb_column type=&#8221;1_4&#8243; _builder_version=&#8221;4.27.2&#8243; _module_preset=&#8221;default&#8221; global_colors_info=&#8221;{}&#8221;][et_pb_image src=&#8221;http:\/\/museedumalgretout.be\/wp-content\/uploads\/2024\/11\/Favicon-rouge-musee.png&#8221; title_text=&#8221;Rood favicon museum&#8221; align=&#8221;center&#8221; _builder_version=&#8221;4.27.4&#8243; _module_preset=&#8221;default&#8221; width=&#8221;70%&#8221; global_colors_info=&#8221;{}&#8221;][\/et_pb_image][\/et_pb_column][et_pb_column type=&#8221;3_4&#8243; _builder_version=&#8221;4.27.2&#8243; _module_preset=&#8221;default&#8221; global_colors_info=&#8221;{}&#8221;][et_pb_text _builder_version=&#8221;4.27.4&#8243; _module_preset=&#8221;default&#8221; header_2_font=&#8221;||||||||&#8221; header_2_font_size=&#8221;24px&#8221; header_2_line_height=&#8221;1.2em&#8221; custom_margin=&#8221;||10px||false|false&#8221; global_colors_info=&#8221;{}&#8221;]<\/p>\n<h2 style=\"text-align: left;\">Fictieve vacature 2<\/h2>\n<p>[\/et_pb_text][et_pb_text _builder_version=&#8221;4.27.4&#8243; _module_preset=&#8221;default&#8221; global_colors_info=&#8221;{}&#8221;]<\/p>\n<p>Hier komt je inhoud. Bewerk of verwijder deze tekst inline of in de module Inhoud instellingen. Je kunt ook elk aspect van deze inhoud stylen in de module Ontwerpinstellingen en zelfs aangepaste CSS toepassen op deze tekst in de module Geavanceerde instellingen.  <\/p>\n<p>Hier komt je inhoud. Bewerk of verwijder deze tekst inline of in de module Inhoud instellingen. Je kunt ook elk aspect van deze inhoud stylen in de module Ontwerpinstellingen en zelfs aangepaste CSS toepassen op deze tekst in de module Geavanceerde instellingen.  <\/p>\n<p>[\/et_pb_text][et_pb_button button_url=&#8221;https:\/\/museedumalgretout.be\/nl\/neem-contact-op-met\/&#8221; button_text=&#8221;Solliciteer voor deze functie&#8221; button_alignment=&#8221;left&#8221; _builder_version=&#8221;4.27.4&#8243; _module_preset=&#8221;default&#8221; custom_button=&#8221;on&#8221; button_text_size=&#8221;16px&#8221; button_text_color=&#8221;#FFFFFF&#8221; button_bg_color=&#8221;#BA2320&#8243; button_border_width=&#8221;2px&#8221; button_border_color=&#8221;#BA2320&#8243; button_border_radius=&#8221;0px&#8221; button_font=&#8221;|||on|||||&#8221; button_use_icon=&#8221;off&#8221; custom_padding=&#8221;|30px||30px|false|true&#8221; locked=&#8221;off&#8221; global_colors_info=&#8221;{}&#8221; button_border_width__hover_enabled=&#8221;on|hover&#8221; button_border_width__hover=&#8221;2px&#8221; button_text_color__hover_enabled=&#8221;on|hover&#8221; button_text_color__hover=&#8221;#BA2320&#8243; button_bg_color__hover_enabled=&#8221;on|hover&#8221; button_bg_color__hover=&#8221;#FFFFFF&#8221; button_bg_enable_color__hover=&#8221;on&#8221; button_border_color__hover_enabled=&#8221;on|hover&#8221; button_border_color__hover=&#8221;#BA2320&#8243; button_text_size__hover_enabled=&#8221;on|hover&#8221; button_text_size__hover=&#8221;16px&#8221;][\/et_pb_button][\/et_pb_column][\/et_pb_row][\/et_pb_section]<\/p>\n","protected":false},"excerpt":{"rendered":"<p>Onze vacatures<div class=\"et_pb_module dsm_breadcrumbs dsm_breadcrumbs_0\">\n\t\t\t\t\n\t\t\t\t\n\t\t\t\t\n\t\t\t\t\n\t\t\t\t\n\t\t\t\t\n\t\t\t\t<div class=\"et_pb_module_inner\">\n\t\t\t\t\t<nav class=\"dsm_breadcrumbs_wrap\">\n\t\t\t\t<ul class=\"dsm_breadcrumbs\" itemscope itemtype=\"https:\/\/schema.org\/BreadcrumbList\">\t\t\t<li class=\"dsm_breadcrumbs_item dsm_home_item dsm_home_item_custom\" itemprop=\"itemListElement\" itemscope\n\t\t\titemtype=\"https:\/\/schema.org\/ListItem\">\n\t\t\t\t<a href=\"#\" itemprop=\"item\" target=\"\">\n\t\t\t\t\t<span class='dsm_home_text_wrapper'>\n\t\t\t\t\t\t\t\t\t\t\t\t\t<span class=\"dsm_home_text\" itemprop=\"name\">\n\t\t\t\t\t\t\t\tMus\u00e9e du Malgr\u00e9-tout\t\t\t\t\t\t\t<\/span>\n\t\t\t\t\t<\/span>\n\t\t\t\t<\/a>\n\t\t\t\t<meta itemprop=\"position\" content=\"1\" \/>\n\t\t\t<\/li>\n\n\t\t<li class=\"dsm_breadcrumbs_separator\"> <span class=\"et-pb-icon dsm_separator_icon\">&#xf0da;<\/span><\/li><\/ul>\n\t\t\t<\/nav>\n\t\t\t\t<\/div>\n\t\t\t<\/div>Er zijn momenteel geen vacatures beschikbaar.Collectiebeheerder en wetenschappelijk medewerker (M\/V\/X)Om zijn team te versterken, werft Cedarc vzw een Collectiebeheerder en wetenschappelijk assistent Omgeving : Treignes is een dorp in de gemeente Viroinval in de provincie Namen tussen de regio&#8217;s Calestienne en Ardenne, op een boogscheut van de Franse grens. Het telt ongeveer 700 inwoners en telt niet minder dan vier musea, waarvan er verschillende dubbel zo groot zijn. Er zijn ook sites die vrij bezocht kunnen worden, zoals de Gallo-Romeinse villa en de oude kalkoven. Kortom, Treignes heeft waarschijnlijk de hoogste verhouding musea\/inwoners ter wereld! Het Mus\u00e9e du Malgr\u00e9-Tout, het archeologisch museum van de wijken Couvin en Viroinval, heeft een tentoonstellingsruimte waar het archeologisch erfgoed van de zuidelijke Entre-Sambre-et-Meuse wordt getoond, van de prehistorie tot het einde van de Romeinse tijd. Het biedt ook een prehistorische galerij zonder grenzen over de evolutie van de mens en zijn technieken en tijdelijke tentoonstellingen van internationale kwaliteit. Het Prehistoriepark biedt een brede waaier aan [&hellip;]<\/p>\n","protected":false},"author":1,"featured_media":0,"parent":0,"menu_order":0,"comment_status":"closed","ping_status":"closed","template":"","meta":{"_et_pb_use_builder":"on","_et_pb_old_content":"","_et_gb_content_width":"","_monsterinsights_skip_tracking":false,"_monsterinsights_sitenote_active":false,"_monsterinsights_sitenote_note":"","_monsterinsights_sitenote_category":0,"_price":"","_stock":"","_tribe_ticket_header":"","_tribe_default_ticket_provider":"","_ticket_start_date":"","_ticket_end_date":"","_tribe_ticket_show_description":"","_tribe_ticket_show_not_going":false,"_tribe_ticket_use_global_stock":"","_tribe_ticket_global_stock_level":"","_global_stock_mode":"","_global_stock_cap":"","_tribe_rsvp_for_event":"","_tribe_ticket_going_count":"","_tribe_ticket_not_going_count":"","_tribe_tickets_list":"[]","_tribe_ticket_has_attendee_info_fields":false,"footnotes":""},"class_list":["post-1524","page","type-page","status-publish","hentry"],"yoast_head":"<!-- This site is optimized with the Yoast SEO plugin v24.9 - https:\/\/yoast.com\/wordpress\/plugins\/seo\/ -->\n<title>Jobs - Mus\u00e9e du Malgr\u00e9-Tout - Art et Arch\u00e9ologie<\/title>\n<meta name=\"robots\" content=\"index, follow, max-snippet:-1, max-image-preview:large, max-video-preview:-1\" \/>\n<link rel=\"canonical\" href=\"http:\/\/museedumalgretout.be\/nl\/jobs\/\" \/>\n<meta property=\"og:locale\" content=\"nl_NL\" \/>\n<meta property=\"og:type\" content=\"article\" \/>\n<meta property=\"og:title\" content=\"Jobs - Mus\u00e9e du Malgr\u00e9-Tout - Art et Arch\u00e9ologie\" \/>\n<meta property=\"og:description\" content=\"Onze vacaturesEr zijn momenteel geen vacatures beschikbaar.Collectiebeheerder en wetenschappelijk medewerker (M\/V\/X)Om zijn team te versterken, werft Cedarc vzw een Collectiebeheerder en wetenschappelijk assistent Omgeving : Treignes is een dorp in de gemeente Viroinval in de provincie Namen tussen de regio&#039;s Calestienne en Ardenne, op een boogscheut van de Franse grens. Het telt ongeveer 700 inwoners en telt niet minder dan vier musea, waarvan er verschillende dubbel zo groot zijn. Er zijn ook sites die vrij bezocht kunnen worden, zoals de Gallo-Romeinse villa en de oude kalkoven. Kortom, Treignes heeft waarschijnlijk de hoogste verhouding musea\/inwoners ter wereld! Het Mus\u00e9e du Malgr\u00e9-Tout, het archeologisch museum van de wijken Couvin en Viroinval, heeft een tentoonstellingsruimte waar het archeologisch erfgoed van de zuidelijke Entre-Sambre-et-Meuse wordt getoond, van de prehistorie tot het einde van de Romeinse tijd. Het biedt ook een prehistorische galerij zonder grenzen over de evolutie van de mens en zijn technieken en tijdelijke tentoonstellingen van internationale kwaliteit. Het Prehistoriepark biedt een brede waaier aan [&hellip;]\" \/>\n<meta property=\"og:url\" content=\"http:\/\/museedumalgretout.be\/nl\/jobs\/\" \/>\n<meta property=\"og:site_name\" content=\"Mus\u00e9e du Malgr\u00e9-Tout - Art et Arch\u00e9ologie\" \/>\n<meta property=\"article:modified_time\" content=\"2025-02-26T10:41:56+00:00\" \/>\n<meta name=\"twitter:card\" content=\"summary_large_image\" \/>\n<meta name=\"twitter:label1\" content=\"Geschatte leestijd\" \/>\n\t<meta name=\"twitter:data1\" content=\"7 minuten\" \/>\n<script type=\"application\/ld+json\" class=\"yoast-schema-graph\">{\"@context\":\"https:\/\/schema.org\",\"@graph\":[{\"@type\":\"WebPage\",\"@id\":\"http:\/\/museedumalgretout.be\/nl\/jobs\/\",\"url\":\"http:\/\/museedumalgretout.be\/nl\/jobs\/\",\"name\":\"Jobs - Mus\u00e9e du Malgr\u00e9-Tout - Art et Arch\u00e9ologie\",\"isPartOf\":{\"@id\":\"https:\/\/museedumalgretout.be\/#website\"},\"datePublished\":\"2025-01-21T10:47:08+00:00\",\"dateModified\":\"2025-02-26T10:41:56+00:00\",\"breadcrumb\":{\"@id\":\"http:\/\/museedumalgretout.be\/nl\/jobs\/#breadcrumb\"},\"inLanguage\":\"nl-NL\",\"potentialAction\":[{\"@type\":\"ReadAction\",\"target\":[\"http:\/\/museedumalgretout.be\/nl\/jobs\/\"]}]},{\"@type\":\"BreadcrumbList\",\"@id\":\"http:\/\/museedumalgretout.be\/nl\/jobs\/#breadcrumb\",\"itemListElement\":[{\"@type\":\"ListItem\",\"position\":1,\"name\":\"Accueil\",\"item\":\"https:\/\/museedumalgretout.be\/nl\/\"},{\"@type\":\"ListItem\",\"position\":2,\"name\":\"Jobs\"}]},{\"@type\":\"WebSite\",\"@id\":\"https:\/\/museedumalgretout.be\/#website\",\"url\":\"https:\/\/museedumalgretout.be\/\",\"name\":\"Mus\u00e9e du Malgr\u00e9-Tout - Art et Arch\u00e9ologie\",\"description\":\"Arch\u00e9ologie r\u00e9gionale et plus g\u00e9n\u00e9rale de la Pr\u00e9histoire \u00e0 l&#039;Antiquit\u00e9.\",\"potentialAction\":[{\"@type\":\"SearchAction\",\"target\":{\"@type\":\"EntryPoint\",\"urlTemplate\":\"https:\/\/museedumalgretout.be\/?s={search_term_string}\"},\"query-input\":{\"@type\":\"PropertyValueSpecification\",\"valueRequired\":true,\"valueName\":\"search_term_string\"}}],\"inLanguage\":\"nl-NL\"}]}<\/script>\n<!-- \/ Yoast SEO plugin. -->","yoast_head_json":{"title":"Jobs - Mus\u00e9e du Malgr\u00e9-Tout - Art et Arch\u00e9ologie","robots":{"index":"index","follow":"follow","max-snippet":"max-snippet:-1","max-image-preview":"max-image-preview:large","max-video-preview":"max-video-preview:-1"},"canonical":"http:\/\/museedumalgretout.be\/nl\/jobs\/","og_locale":"nl_NL","og_type":"article","og_title":"Jobs - Mus\u00e9e du Malgr\u00e9-Tout - Art et Arch\u00e9ologie","og_description":"Onze vacaturesEr zijn momenteel geen vacatures beschikbaar.Collectiebeheerder en wetenschappelijk medewerker (M\/V\/X)Om zijn team te versterken, werft Cedarc vzw een Collectiebeheerder en wetenschappelijk assistent Omgeving : Treignes is een dorp in de gemeente Viroinval in de provincie Namen tussen de regio's Calestienne en Ardenne, op een boogscheut van de Franse grens. Het telt ongeveer 700 inwoners en telt niet minder dan vier musea, waarvan er verschillende dubbel zo groot zijn. Er zijn ook sites die vrij bezocht kunnen worden, zoals de Gallo-Romeinse villa en de oude kalkoven. Kortom, Treignes heeft waarschijnlijk de hoogste verhouding musea\/inwoners ter wereld! Het Mus\u00e9e du Malgr\u00e9-Tout, het archeologisch museum van de wijken Couvin en Viroinval, heeft een tentoonstellingsruimte waar het archeologisch erfgoed van de zuidelijke Entre-Sambre-et-Meuse wordt getoond, van de prehistorie tot het einde van de Romeinse tijd. Het biedt ook een prehistorische galerij zonder grenzen over de evolutie van de mens en zijn technieken en tijdelijke tentoonstellingen van internationale kwaliteit. Het Prehistoriepark biedt een brede waaier aan [&hellip;]","og_url":"http:\/\/museedumalgretout.be\/nl\/jobs\/","og_site_name":"Mus\u00e9e du Malgr\u00e9-Tout - Art et Arch\u00e9ologie","article_modified_time":"2025-02-26T10:41:56+00:00","twitter_card":"summary_large_image","twitter_misc":{"Geschatte leestijd":"7 minuten"},"schema":{"@context":"https:\/\/schema.org","@graph":[{"@type":"WebPage","@id":"http:\/\/museedumalgretout.be\/nl\/jobs\/","url":"http:\/\/museedumalgretout.be\/nl\/jobs\/","name":"Jobs - Mus\u00e9e du Malgr\u00e9-Tout - Art et Arch\u00e9ologie","isPartOf":{"@id":"https:\/\/museedumalgretout.be\/#website"},"datePublished":"2025-01-21T10:47:08+00:00","dateModified":"2025-02-26T10:41:56+00:00","breadcrumb":{"@id":"http:\/\/museedumalgretout.be\/nl\/jobs\/#breadcrumb"},"inLanguage":"nl-NL","potentialAction":[{"@type":"ReadAction","target":["http:\/\/museedumalgretout.be\/nl\/jobs\/"]}]},{"@type":"BreadcrumbList","@id":"http:\/\/museedumalgretout.be\/nl\/jobs\/#breadcrumb","itemListElement":[{"@type":"ListItem","position":1,"name":"Accueil","item":"https:\/\/museedumalgretout.be\/nl\/"},{"@type":"ListItem","position":2,"name":"Jobs"}]},{"@type":"WebSite","@id":"https:\/\/museedumalgretout.be\/#website","url":"https:\/\/museedumalgretout.be\/","name":"Mus\u00e9e du Malgr\u00e9-Tout - Art et Arch\u00e9ologie","description":"Arch\u00e9ologie r\u00e9gionale et plus g\u00e9n\u00e9rale de la Pr\u00e9histoire \u00e0 l&#039;Antiquit\u00e9.","potentialAction":[{"@type":"SearchAction","target":{"@type":"EntryPoint","urlTemplate":"https:\/\/museedumalgretout.be\/?s={search_term_string}"},"query-input":{"@type":"PropertyValueSpecification","valueRequired":true,"valueName":"search_term_string"}}],"inLanguage":"nl-NL"}]}},"_links":{"self":[{"href":"https:\/\/museedumalgretout.be\/nl\/wp-json\/wp\/v2\/pages\/1524","targetHints":{"allow":["GET"]}}],"collection":[{"href":"https:\/\/museedumalgretout.be\/nl\/wp-json\/wp\/v2\/pages"}],"about":[{"href":"https:\/\/museedumalgretout.be\/nl\/wp-json\/wp\/v2\/types\/page"}],"author":[{"embeddable":true,"href":"https:\/\/museedumalgretout.be\/nl\/wp-json\/wp\/v2\/users\/1"}],"replies":[{"embeddable":true,"href":"https:\/\/museedumalgretout.be\/nl\/wp-json\/wp\/v2\/comments?post=1524"}],"version-history":[{"count":3,"href":"https:\/\/museedumalgretout.be\/nl\/wp-json\/wp\/v2\/pages\/1524\/revisions"}],"predecessor-version":[{"id":2167,"href":"https:\/\/museedumalgretout.be\/nl\/wp-json\/wp\/v2\/pages\/1524\/revisions\/2167"}],"wp:attachment":[{"href":"https:\/\/museedumalgretout.be\/nl\/wp-json\/wp\/v2\/media?parent=1524"}],"curies":[{"name":"wp","href":"https:\/\/api.w.org\/{rel}","templated":true}]}}