{"id":1511,"date":"2025-01-18T12:09:34","date_gmt":"2025-01-18T11:09:34","guid":{"rendered":"https:\/\/museedumalgretout.be\/onze-partners\/"},"modified":"2025-02-26T11:35:09","modified_gmt":"2025-02-26T10:35:09","slug":"onze-partners","status":"publish","type":"page","link":"http:\/\/museedumalgretout.be\/nl\/onze-partners\/","title":{"rendered":"Onze partners"},"content":{"rendered":"<p>[et_pb_section fb_built=&#8221;1&#8243; _builder_version=&#8221;4.27.4&#8243; _module_preset=&#8221;default&#8221; custom_padding=&#8221;||100px||false|false&#8221; global_colors_info=&#8221;{}&#8221;][et_pb_row _builder_version=&#8221;4.27.4&#8243; _module_preset=&#8221;default&#8221; global_colors_info=&#8221;{}&#8221;][et_pb_column type=&#8221;4_4&#8243; _builder_version=&#8221;4.27.4&#8243; _module_preset=&#8221;default&#8221; global_colors_info=&#8221;{}&#8221;][et_pb_text _builder_version=&#8221;4.27.4&#8243; _module_preset=&#8221;default&#8221; global_colors_info=&#8221;{}&#8221;]<\/p>\n<p style=\"text-align: center;\"><span>Ons museum is trots op de samenwerking met een groot aantal partners, waardoor we onze activiteiten kunnen verrijken en diversifi\u00ebren. Deze samenwerking is essentieel om onze bezoekers gevarieerde en hoogwaardige ervaringen te kunnen bieden. We danken hen hartelijk voor hun steun en toewijding aan het promoten en cultiveren van erfgoed.  <\/span><\/p>\n<p>[\/et_pb_text][\/et_pb_column][\/et_pb_row][et_pb_row column_structure=&#8221;1_5,1_5,1_5,1_5,1_5&#8243; use_custom_gutter=&#8221;on&#8221; gutter_width=&#8221;4&#8243; _builder_version=&#8221;4.27.4&#8243; _module_preset=&#8221;default&#8221; max_width=&#8221;80%&#8221; custom_padding=&#8221;80px||||false|false&#8221; global_colors_info=&#8221;{}&#8221;][et_pb_column type=&#8221;1_5&#8243; _builder_version=&#8221;4.27.4&#8243; _module_preset=&#8221;default&#8221; global_colors_info=&#8221;{}&#8221;][et_pb_image src=&#8221;http:\/\/museedumalgretout.be\/wp-content\/uploads\/2025\/01\/action-sud.jpeg&#8221; title_text=&#8221;actie-sud&#8221; _builder_version=&#8221;4.27.4&#8243; _module_preset=&#8221;default&#8221; hover_enabled=&#8221;0&#8243; global_colors_info=&#8221;{}&#8221; width_last_edited=&#8221;on|phone&#8221; width_phone=&#8221;60%&#8221; module_alignment_last_edited=&#8221;on|phone&#8221; module_alignment_phone=&#8221;center&#8221; sticky_enabled=&#8221;0&#8243;][\/et_pb_image][\/et_pb_column][et_pb_column type=&#8221;1_5&#8243; _builder_version=&#8221;4.27.4&#8243; _module_preset=&#8221;default&#8221; global_colors_info=&#8221;{}&#8221;][et_pb_image src=&#8221;http:\/\/museedumalgretout.be\/wp-content\/uploads\/2025\/01\/BLASON_CHIMAY-dore-2014-ok-copie.png&#8221; title_text=&#8221;BLASON_CHIMAY-dor\u00e9 2014 ok kopie&#8221; _builder_version=&#8221;4.27.4&#8243; _module_preset=&#8221;default&#8221; global_colors_info=&#8221;{}&#8221; width_phone=&#8221;60%&#8221; width_last_edited=&#8221;on|phone&#8221; module_alignment_phone=&#8221;center&#8221; module_alignment_last_edited=&#8221;on|phone&#8221;][\/et_pb_image][\/et_pb_column][et_pb_column type=&#8221;1_5&#8243; _builder_version=&#8221;4.27.4&#8243; _module_preset=&#8221;default&#8221; global_colors_info=&#8221;{}&#8221;][et_pb_image src=&#8221;http:\/\/museedumalgretout.be\/wp-content\/uploads\/2025\/01\/Boucherie-janvier.png&#8221; title_text=&#8221;Slagerij januari&#8221; _builder_version=&#8221;4.27.4&#8243; _module_preset=&#8221;default&#8221; global_colors_info=&#8221;{}&#8221; width_phone=&#8221;60%&#8221; width_last_edited=&#8221;on|phone&#8221; module_alignment_phone=&#8221;center&#8221; module_alignment_last_edited=&#8221;on|phone&#8221;][\/et_pb_image][\/et_pb_column][et_pb_column type=&#8221;1_5&#8243; _builder_version=&#8221;4.27.4&#8243; _module_preset=&#8221;default&#8221; global_colors_info=&#8221;{}&#8221;][et_pb_image src=&#8221;http:\/\/museedumalgretout.be\/wp-content\/uploads\/2025\/01\/Coq-wallonie-transparent-ok.png&#8221; title_text=&#8221;Coq wallonie transparant ok&#8221; _builder_version=&#8221;4.27.4&#8243; _module_preset=&#8221;default&#8221; global_colors_info=&#8221;{}&#8221; width_phone=&#8221;60%&#8221; width_last_edited=&#8221;on|phone&#8221; module_alignment_phone=&#8221;center&#8221; module_alignment_last_edited=&#8221;on|phone&#8221;][\/et_pb_image][\/et_pb_column][et_pb_column type=&#8221;1_5&#8243; _builder_version=&#8221;4.27.4&#8243; _module_preset=&#8221;default&#8221; global_colors_info=&#8221;{}&#8221;][et_pb_image src=&#8221;http:\/\/museedumalgretout.be\/wp-content\/uploads\/2025\/01\/Eeckman-logo.webp&#8221; title_text=&#8221;Eeckman-logo&#8221; _builder_version=&#8221;4.27.4&#8243; _module_preset=&#8221;default&#8221; global_colors_info=&#8221;{}&#8221; width_phone=&#8221;60%&#8221; width_last_edited=&#8221;on|phone&#8221; module_alignment_phone=&#8221;center&#8221; module_alignment_last_edited=&#8221;on|phone&#8221;][\/et_pb_image][\/et_pb_column][\/et_pb_row][et_pb_row column_structure=&#8221;1_5,1_5,1_5,1_5,1_5&#8243; use_custom_gutter=&#8221;on&#8221; gutter_width=&#8221;4&#8243; _builder_version=&#8221;4.27.4&#8243; _module_preset=&#8221;default&#8221; max_width=&#8221;80%&#8221; custom_padding=&#8221;80px||||false|false&#8221; global_colors_info=&#8221;{}&#8221;][et_pb_column type=&#8221;1_5&#8243; _builder_version=&#8221;4.27.4&#8243; _module_preset=&#8221;default&#8221; global_colors_info=&#8221;{}&#8221;][et_pb_image src=&#8221;http:\/\/museedumalgretout.be\/wp-content\/uploads\/2025\/01\/escavir.png&#8221; title_text=&#8221;escavir&#8221; _builder_version=&#8221;4.27.4&#8243; _module_preset=&#8221;default&#8221; global_colors_info=&#8221;{}&#8221; width_phone=&#8221;60%&#8221; width_last_edited=&#8221;on|phone&#8221; module_alignment_phone=&#8221;center&#8221; module_alignment_last_edited=&#8221;on|phone&#8221;][\/et_pb_image][\/et_pb_column][et_pb_column type=&#8221;1_5&#8243; _builder_version=&#8221;4.27.4&#8243; _module_preset=&#8221;default&#8221; global_colors_info=&#8221;{}&#8221;][et_pb_image src=&#8221;http:\/\/museedumalgretout.be\/wp-content\/uploads\/2025\/01\/fondation-chimay-wartoise.jpg&#8221; title_text=&#8221;logo-FCW-2019 cmyk&#8221; _builder_version=&#8221;4.27.4&#8243; _module_preset=&#8221;default&#8221; global_colors_info=&#8221;{}&#8221; width_phone=&#8221;60%&#8221; width_last_edited=&#8221;on|phone&#8221; module_alignment_phone=&#8221;center&#8221; module_alignment_last_edited=&#8221;on|phone&#8221;][\/et_pb_image][\/et_pb_column][et_pb_column type=&#8221;1_5&#8243; _builder_version=&#8221;4.27.4&#8243; _module_preset=&#8221;default&#8221; global_colors_info=&#8221;{}&#8221;][et_pb_image src=&#8221;http:\/\/museedumalgretout.be\/wp-content\/uploads\/2025\/01\/Lavenir-logo.png&#8221; title_text=&#8221;Lavenir-logo&#8221; _builder_version=&#8221;4.27.4&#8243; _module_preset=&#8221;default&#8221; global_colors_info=&#8221;{}&#8221; width_phone=&#8221;60%&#8221; width_last_edited=&#8221;on|phone&#8221; module_alignment_phone=&#8221;center&#8221; module_alignment_last_edited=&#8221;on|phone&#8221;][\/et_pb_image][\/et_pb_column][et_pb_column type=&#8221;1_5&#8243; _builder_version=&#8221;4.27.4&#8243; _module_preset=&#8221;default&#8221; global_colors_info=&#8221;{}&#8221;][et_pb_image src=&#8221;http:\/\/museedumalgretout.be\/wp-content\/uploads\/2025\/01\/Logo_Bouke.png&#8221; title_text=&#8221;Logo_Bouk\u00e8&#8221; _builder_version=&#8221;4.27.4&#8243; _module_preset=&#8221;default&#8221; global_colors_info=&#8221;{}&#8221; width_phone=&#8221;60%&#8221; width_last_edited=&#8221;on|phone&#8221; module_alignment_phone=&#8221;center&#8221; module_alignment_last_edited=&#8221;on|phone&#8221;][\/et_pb_image][\/et_pb_column][et_pb_column type=&#8221;1_5&#8243; _builder_version=&#8221;4.27.4&#8243; _module_preset=&#8221;default&#8221; global_colors_info=&#8221;{}&#8221;][et_pb_image src=&#8221;http:\/\/museedumalgretout.be\/wp-content\/uploads\/2025\/01\/logo_culture_be.png&#8221; title_text=&#8221;logo_cultuur_zijn&#8221; _builder_version=&#8221;4.27.4&#8243; _module_preset=&#8221;default&#8221; global_colors_info=&#8221;{}&#8221; width_phone=&#8221;60%&#8221; width_last_edited=&#8221;on|phone&#8221; module_alignment_phone=&#8221;center&#8221; module_alignment_last_edited=&#8221;on|phone&#8221;][\/et_pb_image][\/et_pb_column][\/et_pb_row][et_pb_row column_structure=&#8221;1_5,1_5,1_5,1_5,1_5&#8243; use_custom_gutter=&#8221;on&#8221; gutter_width=&#8221;4&#8243; _builder_version=&#8221;4.27.4&#8243; _module_preset=&#8221;default&#8221; max_width=&#8221;80%&#8221; custom_padding=&#8221;80px||||false|false&#8221; global_colors_info=&#8221;{}&#8221;][et_pb_column type=&#8221;1_5&#8243; _builder_version=&#8221;4.27.4&#8243; _module_preset=&#8221;default&#8221; global_colors_info=&#8221;{}&#8221;][et_pb_image src=&#8221;http:\/\/museedumalgretout.be\/wp-content\/uploads\/2025\/01\/logo-federation-wallonie-bruxelles.jpg&#8221; title_text=&#8221;logo federatie wallonie bruxelles&#8221; _builder_version=&#8221;4.27.4&#8243; _module_preset=&#8221;default&#8221; global_colors_info=&#8221;{}&#8221; width_phone=&#8221;60%&#8221; width_last_edited=&#8221;on|phone&#8221; module_alignment_phone=&#8221;center&#8221; module_alignment_last_edited=&#8221;on|phone&#8221;][\/et_pb_image][\/et_pb_column][et_pb_column type=&#8221;1_5&#8243; _builder_version=&#8221;4.27.4&#8243; _module_preset=&#8221;default&#8221; global_colors_info=&#8221;{}&#8221;][et_pb_image src=&#8221;http:\/\/museedumalgretout.be\/wp-content\/uploads\/2025\/01\/Logo_du_journal_Le_Soir.svg_.png&#8221; title_text=&#8221;Logo_du_tijdschrift_Le_Soir.svg&#8221; _builder_version=&#8221;4.27.4&#8243; _module_preset=&#8221;default&#8221; custom_margin=&#8221;50px||||false|false&#8221; global_colors_info=&#8221;{}&#8221; width_phone=&#8221;60%&#8221; width_last_edited=&#8221;on|phone&#8221; module_alignment_phone=&#8221;center&#8221; module_alignment_last_edited=&#8221;on|phone&#8221;][\/et_pb_image][\/et_pb_column][et_pb_column type=&#8221;1_5&#8243; _builder_version=&#8221;4.27.4&#8243; _module_preset=&#8221;default&#8221; global_colors_info=&#8221;{}&#8221;][et_pb_image src=&#8221;http:\/\/museedumalgretout.be\/wp-content\/uploads\/2025\/01\/Logo_DDOffice_your-IT-Partner.png&#8221; title_text=&#8221;Logo_DDOffice_uw-IT-partner&#8221; _builder_version=&#8221;4.27.4&#8243; _module_preset=&#8221;default&#8221; global_colors_info=&#8221;{}&#8221; width_phone=&#8221;60%&#8221; width_last_edited=&#8221;on|phone&#8221; module_alignment_phone=&#8221;center&#8221; module_alignment_last_edited=&#8221;on|phone&#8221;][\/et_pb_image][\/et_pb_column][et_pb_column type=&#8221;1_5&#8243; _builder_version=&#8221;4.27.4&#8243; _module_preset=&#8221;default&#8221; global_colors_info=&#8221;{}&#8221;][et_pb_image src=&#8221;http:\/\/museedumalgretout.be\/wp-content\/uploads\/2025\/01\/Louis-delhaize.png&#8221; title_text=&#8221;Louis Delhaize&#8221; _builder_version=&#8221;4.27.4&#8243; _module_preset=&#8221;default&#8221; global_colors_info=&#8221;{}&#8221; width_phone=&#8221;60%&#8221; width_last_edited=&#8221;on|phone&#8221; module_alignment_phone=&#8221;center&#8221; module_alignment_last_edited=&#8221;on|phone&#8221;][\/et_pb_image][\/et_pb_column][et_pb_column type=&#8221;1_5&#8243; _builder_version=&#8221;4.27.4&#8243; _module_preset=&#8221;default&#8221; global_colors_info=&#8221;{}&#8221;][et_pb_image src=&#8221;http:\/\/museedumalgretout.be\/wp-content\/uploads\/2025\/01\/marmaille_2021-logo-copie.png&#8221; title_text=&#8221;marmaille_2021 logo kopi\u00ebren&#8221; _builder_version=&#8221;4.27.4&#8243; _module_preset=&#8221;default&#8221; global_colors_info=&#8221;{}&#8221; width_phone=&#8221;60%&#8221; width_last_edited=&#8221;on|phone&#8221; module_alignment_phone=&#8221;center&#8221; module_alignment_last_edited=&#8221;on|phone&#8221;][\/et_pb_image][\/et_pb_column][\/et_pb_row][et_pb_row column_structure=&#8221;1_5,1_5,1_5,1_5,1_5&#8243; use_custom_gutter=&#8221;on&#8221; gutter_width=&#8221;4&#8243; _builder_version=&#8221;4.27.4&#8243; _module_preset=&#8221;default&#8221; max_width=&#8221;80%&#8221; custom_padding=&#8221;80px||||false|false&#8221; global_colors_info=&#8221;{}&#8221;][et_pb_column type=&#8221;1_5&#8243; _builder_version=&#8221;4.27.4&#8243; _module_preset=&#8221;default&#8221; global_colors_info=&#8221;{}&#8221;][et_pb_image src=&#8221;http:\/\/museedumalgretout.be\/wp-content\/uploads\/2025\/01\/Mazpain.jpg&#8221; title_text=&#8221;Maz&apos;pain&#8221; _builder_version=&#8221;4.27.4&#8243; _module_preset=&#8221;default&#8221; global_colors_info=&#8221;{}&#8221; width_phone=&#8221;60%&#8221; width_last_edited=&#8221;on|phone&#8221; module_alignment_phone=&#8221;center&#8221; module_alignment_last_edited=&#8221;on|phone&#8221;][\/et_pb_image][\/et_pb_column][et_pb_column type=&#8221;1_5&#8243; _builder_version=&#8221;4.27.4&#8243; _module_preset=&#8221;default&#8221; global_colors_info=&#8221;{}&#8221;][et_pb_image src=&#8221;http:\/\/museedumalgretout.be\/wp-content\/uploads\/2025\/01\/Museozoom_HighDef-fondBlc_PRINT-logo-copie.png&#8221; title_text=&#8221;Museozoom_HighDef-fondBlc_PRINT logo-kopie&#8221; _builder_version=&#8221;4.27.4&#8243; _module_preset=&#8221;default&#8221; custom_margin=&#8221;||||false|false&#8221; global_colors_info=&#8221;{}&#8221; width_phone=&#8221;60%&#8221; width_last_edited=&#8221;on|phone&#8221; module_alignment_phone=&#8221;center&#8221; module_alignment_last_edited=&#8221;on|phone&#8221;][\/et_pb_image][\/et_pb_column][et_pb_column type=&#8221;1_5&#8243; _builder_version=&#8221;4.27.4&#8243; _module_preset=&#8221;default&#8221; global_colors_info=&#8221;{}&#8221;][et_pb_image src=&#8221;http:\/\/museedumalgretout.be\/wp-content\/uploads\/2025\/01\/Parc-national-esem.png&#8221; title_text=&#8221;Nationaal Park Esem&#8221; _builder_version=&#8221;4.27.4&#8243; _module_preset=&#8221;default&#8221; global_colors_info=&#8221;{}&#8221; width_phone=&#8221;60%&#8221; width_last_edited=&#8221;on|phone&#8221; module_alignment_phone=&#8221;center&#8221; module_alignment_last_edited=&#8221;on|phone&#8221;][\/et_pb_image][\/et_pb_column][et_pb_column type=&#8221;1_5&#8243; _builder_version=&#8221;4.27.4&#8243; _module_preset=&#8221;default&#8221; global_colors_info=&#8221;{}&#8221;][et_pb_image src=&#8221;http:\/\/museedumalgretout.be\/wp-content\/uploads\/2025\/01\/RTBF_La_Premiere_logo.svg_.png&#8221; title_text=&#8221;RTBF_La_Premi\u00e8re_logo.svg&#8221; _builder_version=&#8221;4.27.4&#8243; _module_preset=&#8221;default&#8221; global_colors_info=&#8221;{}&#8221; width_phone=&#8221;60%&#8221; width_last_edited=&#8221;on|phone&#8221; module_alignment_phone=&#8221;center&#8221; module_alignment_last_edited=&#8221;on|phone&#8221;][\/et_pb_image][\/et_pb_column][et_pb_column type=&#8221;1_5&#8243; _builder_version=&#8221;4.27.4&#8243; _module_preset=&#8221;default&#8221; global_colors_info=&#8221;{}&#8221;][et_pb_image src=&#8221;http:\/\/museedumalgretout.be\/wp-content\/uploads\/2025\/01\/Vin-et-spiritueux.png&#8221; title_text=&#8221;Wijn en sterke dranken&#8221; _builder_version=&#8221;4.27.4&#8243; _module_preset=&#8221;default&#8221; global_colors_info=&#8221;{}&#8221; width_phone=&#8221;60%&#8221; width_last_edited=&#8221;on|phone&#8221; module_alignment_phone=&#8221;center&#8221; module_alignment_last_edited=&#8221;on|phone&#8221;][\/et_pb_image][\/et_pb_column][\/et_pb_row][et_pb_row column_structure=&#8221;1_5,1_5,1_5,1_5,1_5&#8243; use_custom_gutter=&#8221;on&#8221; gutter_width=&#8221;4&#8243; _builder_version=&#8221;4.27.4&#8243; _module_preset=&#8221;default&#8221; max_width=&#8221;80%&#8221; custom_padding=&#8221;80px||||false|false&#8221; global_colors_info=&#8221;{}&#8221;][et_pb_column type=&#8221;1_5&#8243; _builder_version=&#8221;4.27.4&#8243; _module_preset=&#8221;default&#8221; global_colors_info=&#8221;{}&#8221;][et_pb_image src=&#8221;http:\/\/museedumalgretout.be\/wp-content\/uploads\/2025\/01\/viroinval.png&#8221; title_text=&#8221;viroinval&#8221; _builder_version=&#8221;4.27.4&#8243; _module_preset=&#8221;default&#8221; custom_margin=&#8221;50px||||false|false&#8221; global_colors_info=&#8221;{}&#8221; width_phone=&#8221;60%&#8221; width_last_edited=&#8221;on|phone&#8221; module_alignment_phone=&#8221;center&#8221; module_alignment_last_edited=&#8221;on|phone&#8221;][\/et_pb_image][\/et_pb_column][et_pb_column type=&#8221;1_5&#8243; _builder_version=&#8221;4.27.4&#8243; _module_preset=&#8221;default&#8221; global_colors_info=&#8221;{}&#8221;][et_pb_image src=&#8221;http:\/\/museedumalgretout.be\/wp-content\/uploads\/2025\/01\/Wallonie-tourisme-CGT.jpg&#8221; title_text=&#8221;Walloni\u00eb Toerisme CGT&#8221; _builder_version=&#8221;4.27.4&#8243; _module_preset=&#8221;default&#8221; custom_margin=&#8221;||||false|false&#8221; global_colors_info=&#8221;{}&#8221; width_phone=&#8221;60%&#8221; width_last_edited=&#8221;on|phone&#8221; module_alignment_phone=&#8221;center&#8221; module_alignment_last_edited=&#8221;on|phone&#8221;][\/et_pb_image][\/et_pb_column][et_pb_column type=&#8221;1_5&#8243; _builder_version=&#8221;4.27.4&#8243; _module_preset=&#8221;default&#8221; global_colors_info=&#8221;{}&#8221;][et_pb_image src=&#8221;http:\/\/museedumalgretout.be\/wp-content\/uploads\/2025\/02\/Logo-TVM_page-0003.jpg&#8221; title_text=&#8221;TVM-logoo_pagina-0003&#8243; _builder_version=&#8221;4.27.4&#8243; _module_preset=&#8221;default&#8221; global_colors_info=&#8221;{}&#8221; width_phone=&#8221;60%&#8221; width_last_edited=&#8221;on|phone&#8221; module_alignment_phone=&#8221;center&#8221; module_alignment_last_edited=&#8221;on|phone&#8221;][\/et_pb_image][\/et_pb_column][et_pb_column type=&#8221;1_5&#8243; _builder_version=&#8221;4.27.4&#8243; _module_preset=&#8221;default&#8221; global_colors_info=&#8221;{}&#8221;][et_pb_image src=&#8221;http:\/\/museedumalgretout.be\/wp-content\/uploads\/2025\/02\/logo_msw_2024-quadri-copie_page-0001.jpg&#8221; title_text=&#8221;logo_msw_2024-quadri copie_page-0001&#8243; _builder_version=&#8221;4.27.4&#8243; _module_preset=&#8221;default&#8221; global_colors_info=&#8221;{}&#8221; width_phone=&#8221;60%&#8221; width_last_edited=&#8221;on|phone&#8221; module_alignment_phone=&#8221;center&#8221; module_alignment_last_edited=&#8221;on|phone&#8221;][\/et_pb_image][\/et_pb_column][et_pb_column type=&#8221;1_5&#8243; _builder_version=&#8221;4.27.4&#8243; _module_preset=&#8221;default&#8221; global_colors_info=&#8221;{}&#8221;][\/et_pb_column][\/et_pb_row][\/et_pb_section]<\/p>\n","protected":false},"excerpt":{"rendered":"<p>Ons museum is trots op de samenwerking met een groot aantal partners, waardoor we onze activiteiten kunnen verrijken en diversifi\u00ebren. Deze samenwerking is essentieel om onze bezoekers gevarieerde en hoogwaardige ervaringen te kunnen bieden. We danken hen hartelijk voor hun steun en toewijding aan het promoten en cultiveren van erfgoed.<\/p>\n","protected":false},"author":1,"featured_media":0,"parent":0,"menu_order":0,"comment_status":"closed","ping_status":"closed","template":"","meta":{"_et_pb_use_builder":"on","_et_pb_old_content":"","_et_gb_content_width":"","_monsterinsights_skip_tracking":false,"_monsterinsights_sitenote_active":false,"_monsterinsights_sitenote_note":"","_monsterinsights_sitenote_category":0,"_price":"","_stock":"","_tribe_ticket_header":"","_tribe_default_ticket_provider":"","_ticket_start_date":"","_ticket_end_date":"","_tribe_ticket_show_description":"","_tribe_ticket_show_not_going":false,"_tribe_ticket_use_global_stock":"","_tribe_ticket_global_stock_level":"","_global_stock_mode":"","_global_stock_cap":"","_tribe_rsvp_for_event":"","_tribe_ticket_going_count":"","_tribe_ticket_not_going_count":"","_tribe_tickets_list":"[]","_tribe_ticket_has_attendee_info_fields":false,"footnotes":""},"class_list":["post-1511","page","type-page","status-publish","hentry"],"yoast_head":"<!-- This site is optimized with the Yoast SEO plugin v24.9 - https:\/\/yoast.com\/wordpress\/plugins\/seo\/ -->\n<title>Onze partners - Mus\u00e9e du Malgr\u00e9-Tout - Art et Arch\u00e9ologie<\/title>\n<meta name=\"robots\" content=\"index, follow, max-snippet:-1, max-image-preview:large, max-video-preview:-1\" \/>\n<link rel=\"canonical\" href=\"http:\/\/museedumalgretout.be\/nos-partenaires\/\" \/>\n<meta property=\"og:locale\" content=\"nl_NL\" \/>\n<meta property=\"og:type\" content=\"article\" \/>\n<meta property=\"og:title\" content=\"Onze partners - Mus\u00e9e du Malgr\u00e9-Tout - Art et Arch\u00e9ologie\" \/>\n<meta property=\"og:description\" content=\"Ons museum is trots op de samenwerking met een groot aantal partners, waardoor we onze activiteiten kunnen verrijken en diversifi\u00ebren. Deze samenwerking is essentieel om onze bezoekers gevarieerde en hoogwaardige ervaringen te kunnen bieden. We danken hen hartelijk voor hun steun en toewijding aan het promoten en cultiveren van erfgoed.\" \/>\n<meta property=\"og:url\" content=\"http:\/\/museedumalgretout.be\/nos-partenaires\/\" \/>\n<meta property=\"og:site_name\" content=\"Mus\u00e9e du Malgr\u00e9-Tout - Art et Arch\u00e9ologie\" \/>\n<meta property=\"article:modified_time\" content=\"2025-02-26T10:35:09+00:00\" \/>\n<meta name=\"twitter:card\" content=\"summary_large_image\" \/>\n<meta name=\"twitter:label1\" content=\"Geschatte leestijd\" \/>\n\t<meta name=\"twitter:data1\" content=\"9 minuten\" \/>\n<script type=\"application\/ld+json\" class=\"yoast-schema-graph\">{\"@context\":\"https:\/\/schema.org\",\"@graph\":[{\"@type\":\"WebPage\",\"@id\":\"http:\/\/museedumalgretout.be\/nos-partenaires\/\",\"url\":\"http:\/\/museedumalgretout.be\/nos-partenaires\/\",\"name\":\"Onze partners - Mus\u00e9e du Malgr\u00e9-Tout - Art et Arch\u00e9ologie\",\"isPartOf\":{\"@id\":\"http:\/\/museedumalgretout.be\/#website\"},\"datePublished\":\"2025-01-18T11:09:34+00:00\",\"dateModified\":\"2025-02-26T10:35:09+00:00\",\"breadcrumb\":{\"@id\":\"http:\/\/museedumalgretout.be\/nos-partenaires\/#breadcrumb\"},\"inLanguage\":\"nl-NL\",\"potentialAction\":[{\"@type\":\"ReadAction\",\"target\":[\"http:\/\/museedumalgretout.be\/nos-partenaires\/\"]}]},{\"@type\":\"BreadcrumbList\",\"@id\":\"http:\/\/museedumalgretout.be\/nos-partenaires\/#breadcrumb\",\"itemListElement\":[{\"@type\":\"ListItem\",\"position\":1,\"name\":\"Accueil\",\"item\":\"https:\/\/museedumalgretout.be\/nl\/\"},{\"@type\":\"ListItem\",\"position\":2,\"name\":\"Onze partners\"}]},{\"@type\":\"WebSite\",\"@id\":\"http:\/\/museedumalgretout.be\/#website\",\"url\":\"http:\/\/museedumalgretout.be\/\",\"name\":\"Mus\u00e9e du Malgr\u00e9-Tout - Art et Arch\u00e9ologie\",\"description\":\"Arch\u00e9ologie r\u00e9gionale et plus g\u00e9n\u00e9rale de la Pr\u00e9histoire \u00e0 l&#039;Antiquit\u00e9.\",\"potentialAction\":[{\"@type\":\"SearchAction\",\"target\":{\"@type\":\"EntryPoint\",\"urlTemplate\":\"http:\/\/museedumalgretout.be\/?s={search_term_string}\"},\"query-input\":{\"@type\":\"PropertyValueSpecification\",\"valueRequired\":true,\"valueName\":\"search_term_string\"}}],\"inLanguage\":\"nl-NL\"}]}<\/script>\n<!-- \/ Yoast SEO plugin. -->","yoast_head_json":{"title":"Onze partners - Mus\u00e9e du Malgr\u00e9-Tout - Art et Arch\u00e9ologie","robots":{"index":"index","follow":"follow","max-snippet":"max-snippet:-1","max-image-preview":"max-image-preview:large","max-video-preview":"max-video-preview:-1"},"canonical":"http:\/\/museedumalgretout.be\/nos-partenaires\/","og_locale":"nl_NL","og_type":"article","og_title":"Onze partners - Mus\u00e9e du Malgr\u00e9-Tout - Art et Arch\u00e9ologie","og_description":"Ons museum is trots op de samenwerking met een groot aantal partners, waardoor we onze activiteiten kunnen verrijken en diversifi\u00ebren. Deze samenwerking is essentieel om onze bezoekers gevarieerde en hoogwaardige ervaringen te kunnen bieden. We danken hen hartelijk voor hun steun en toewijding aan het promoten en cultiveren van erfgoed.","og_url":"http:\/\/museedumalgretout.be\/nos-partenaires\/","og_site_name":"Mus\u00e9e du Malgr\u00e9-Tout - Art et Arch\u00e9ologie","article_modified_time":"2025-02-26T10:35:09+00:00","twitter_card":"summary_large_image","twitter_misc":{"Geschatte leestijd":"9 minuten"},"schema":{"@context":"https:\/\/schema.org","@graph":[{"@type":"WebPage","@id":"http:\/\/museedumalgretout.be\/nos-partenaires\/","url":"http:\/\/museedumalgretout.be\/nos-partenaires\/","name":"Onze partners - Mus\u00e9e du Malgr\u00e9-Tout - Art et Arch\u00e9ologie","isPartOf":{"@id":"http:\/\/museedumalgretout.be\/#website"},"datePublished":"2025-01-18T11:09:34+00:00","dateModified":"2025-02-26T10:35:09+00:00","breadcrumb":{"@id":"http:\/\/museedumalgretout.be\/nos-partenaires\/#breadcrumb"},"inLanguage":"nl-NL","potentialAction":[{"@type":"ReadAction","target":["http:\/\/museedumalgretout.be\/nos-partenaires\/"]}]},{"@type":"BreadcrumbList","@id":"http:\/\/museedumalgretout.be\/nos-partenaires\/#breadcrumb","itemListElement":[{"@type":"ListItem","position":1,"name":"Accueil","item":"https:\/\/museedumalgretout.be\/nl\/"},{"@type":"ListItem","position":2,"name":"Onze partners"}]},{"@type":"WebSite","@id":"http:\/\/museedumalgretout.be\/#website","url":"http:\/\/museedumalgretout.be\/","name":"Mus\u00e9e du Malgr\u00e9-Tout - Art et Arch\u00e9ologie","description":"Arch\u00e9ologie r\u00e9gionale et plus g\u00e9n\u00e9rale de la Pr\u00e9histoire \u00e0 l&#039;Antiquit\u00e9.","potentialAction":[{"@type":"SearchAction","target":{"@type":"EntryPoint","urlTemplate":"http:\/\/museedumalgretout.be\/?s={search_term_string}"},"query-input":{"@type":"PropertyValueSpecification","valueRequired":true,"valueName":"search_term_string"}}],"inLanguage":"nl-NL"}]}},"_links":{"self":[{"href":"http:\/\/museedumalgretout.be\/nl\/wp-json\/wp\/v2\/pages\/1511","targetHints":{"allow":["GET"]}}],"collection":[{"href":"http:\/\/museedumalgretout.be\/nl\/wp-json\/wp\/v2\/pages"}],"about":[{"href":"http:\/\/museedumalgretout.be\/nl\/wp-json\/wp\/v2\/types\/page"}],"author":[{"embeddable":true,"href":"http:\/\/museedumalgretout.be\/nl\/wp-json\/wp\/v2\/users\/1"}],"replies":[{"embeddable":true,"href":"http:\/\/museedumalgretout.be\/nl\/wp-json\/wp\/v2\/comments?post=1511"}],"version-history":[{"count":3,"href":"http:\/\/museedumalgretout.be\/nl\/wp-json\/wp\/v2\/pages\/1511\/revisions"}],"predecessor-version":[{"id":2155,"href":"http:\/\/museedumalgretout.be\/nl\/wp-json\/wp\/v2\/pages\/1511\/revisions\/2155"}],"wp:attachment":[{"href":"http:\/\/museedumalgretout.be\/nl\/wp-json\/wp\/v2\/media?parent=1511"}],"curies":[{"name":"wp","href":"https:\/\/api.w.org\/{rel}","templated":true}]}}